{"id":83947,"date":"2022-05-23T10:12:16","date_gmt":"2022-05-23T07:12:16","guid":{"rendered":"https:\/\/www.dogrula.org\/politikalarimiz\/"},"modified":"2023-12-19T10:32:30","modified_gmt":"2023-12-19T07:32:30","slug":"our-policies","status":"publish","type":"page","link":"https:\/\/www.dogrula.org\/en\/our-policies\/","title":{"rendered":"Our policies"},"content":{"rendered":"<p>[vc_row el_class=&#8221;politikalarimiz-section-1&#8243;][vc_column width=&#8221;1\/2&#8243;][vc_single_image image=&#8221;1597&#8243; img_size=&#8221;full&#8221;][\/vc_column][vc_column width=&#8221;1\/2&#8243;][vc_custom_heading text=&#8221;Our Policies&#8221; use_theme_fonts=&#8221;yes&#8221;][vc_column_text]\n        <div class=\"container-fluid\">\n          <div class=\"row\">\n\n          <div class=\"home__component-sss-area overflow-hidden\">\n            <div class=\"dogrula--container  wow animated fadeInUp\" style=\"animation-delay: .5s;\">\n              <div class=\"d-flex justify-content-between align-items-end mb-50\">\n                <div class=\"row\">\n                \n\n\n                    <div class=\"col-md-12\">\n                      <div class=\"dogrula-tabs--item-area\">\n                        <div class=\"dogrula-tabs-item--head-area\">\n                          <img decoding=\"async\" src=\"https:\/\/www.dogrula.org\/wp-content\/uploads\/duzeltme-icon.svg\" >   <h3>Our Correction and Feedback Policy<\/h3>\n                          <span class=\"icon\"><\/span>\n                        <\/div>\n                        <div class=\"dogrula-tabs-item--body-area\" style=\"display: none;\">\n                          <p>For any content published on Dogrula.org, correction requests and feedback can be made via the &#8216;contact form&#8217; method. (Except for requests that force the principles of impartiality and objectivity to be abused) For feedback, the visitor must fill out the contact form in the &#8216;about us&#8217; section completely and clearly state the correction request or feedback. If the original publication in which the error was made is not editable, we will publish the correction in the same format and channel as the original.<\/p>\n<p>If an error is material, i.e. fundamentally alters the results of the investigation or is a clear deviation from the operation&#8217;s methodology and policies, the correction will include accurate information as well as an explanation of the circumstances that led to the error.<\/p>\n<p>When new information is added to a publication, an update note in the same publication indicates this. The Dogrula.org request review process takes place in 2 stages. Dogrula.org responds to correction or feedback forms within 15 days.<\/p>\n<p>We encourage feedback and are grateful to everyone who takes the trouble to get in touch and help improve our content.<\/p>\n<p><strong>3 basic criteria<\/strong><\/p>\n<ol>\n<li>Firstly, we must preserve our independence. Therefore, if the importance and courtesy we attach to feedback, opinions and suggestions are abused, or if our verification content is taken in ways that undermine our principles, such feedback will not be responded to.<\/li>\n<li>Second, we must balance the time we spend corresponding with people one-on-one with the time we spend serving the wider community.<\/li>\n<li>Third, we want to make sure that we are providing people with the most accurate information from the most powerful sources, so we will not hesitate to make any corrections that we think will make our content better quality.<\/li>\n<\/ol>\n\n                        <\/div>\n                      <\/div>\n                    <\/div>\n\n                        \n\n\n                    <div class=\"col-md-12\">\n                      <div class=\"dogrula-tabs--item-area\">\n                        <div class=\"dogrula-tabs-item--head-area\">\n                          <img decoding=\"async\" src=\"https:\/\/www.dogrula.org\/wp-content\/uploads\/degerlendirme-icon.svg\" >   <h3>D\u00fczeltme yapt\u0131\u011f\u0131m\u0131z i\u00e7erikler<\/h3>\n                          <span class=\"icon\"><\/span>\n                        <\/div>\n                        <div class=\"dogrula-tabs-item--body-area\" style=\"display: none;\">\n                          <p>Dogrula.org ihbar edilen i\u00e7erikleri de\u011ferlendirmeye al\u0131nd\u0131ktan sonra &#8220;d\u00fczeltme&#8221; notuyla yeniden yay\u0131nlar. Bu i\u00e7eriklerden baz\u0131lar\u0131:<\/p>\n<ul>\n<li><a href=\"https:\/\/www.dogrula.org\/dogrulamalar\/a-haberin-kahta-ilcesini-adiyamanin-sehir-merkezi-gibi-gosterildigi-iddiasi\/\">A Haber\u2019in Kahta il\u00e7esini Ad\u0131yaman\u2019\u0131n \u015fehir merkezi gibi g\u00f6sterdi\u011fi iddias\u0131<\/a><\/li>\n<li><a href=\"https:\/\/www.dogrula.org\/dogrulamalar\/roportaji-veren-kisi-suriyeli-degil\/\">R\u00f6portaj veren ki\u015finin &#8216;Suriyeli&#8217; oldu\u011fu iddias\u0131<\/a><\/li>\n<li><a href=\"https:\/\/www.dogrula.org\/dogrulamalar\/musilaja-bir-yuk-gemisinin-sebep-oldugu-iddiasi\/\">M\u00fcsilaja bir y\u00fck gemisinin sebep oldu\u011fu iddias\u0131<\/a><\/li>\n<li><a href=\"https:\/\/www.dogrula.org\/dogrulamalar\/reuters-haber-basligi-asi-ve-testlerle-ilgili-yeni-kurallarla-iliskili\/\">Reuters&#8217;\u0131n haber ba\u015fl\u0131\u011f\u0131n\u0131n \u2018a\u015f\u0131 ve testlerle ilgili yeni kurallarla\u2019 ili\u015fkili oldu\u011fu iddias\u0131<\/a><\/li>\n<li><a href=\"https:\/\/www.dogrula.org\/dogrulamalar\/george-sorosun-oldugu-iddiasi\/\">George Soros&#8217;un \u00f6ld\u00fc\u011f\u00fc iddias\u0131 (Ek bilgi eklendi)<\/a><\/li>\n<\/ul>\n\n                        <\/div>\n                      <\/div>\n                    <\/div>\n\n                        \n\n\n                    <div class=\"col-md-12\">\n                      <div class=\"dogrula-tabs--item-area\">\n                        <div class=\"dogrula-tabs-item--head-area\">\n                          <img decoding=\"async\" src=\"https:\/\/www.dogrula.org\/wp-content\/uploads\/triyaj-icon.svg\" >   <h3>Triage<\/h3>\n                          <span class=\"icon\"><\/span>\n                        <\/div>\n                        <div class=\"dogrula-tabs-item--body-area\" style=\"display: none;\">\n                          <p>Dogrula.org&#8217;s social media and communication officer is responsible for the parsing and pre-control process of content feedback. The responsible person checks the feedback on a daily basis. They divide the forms into two pools: &#8216;correction requests&#8217; and &#8216;opinions and suggestions&#8217;. Here, the forms to be returned via e-mail are also separated. First, we respond to the requests and opinions in the pool with an e-mail emphasizing how valuable the opinions of our followers are to us, stating that their requests are being reviewed and that we will respond as soon as possible.<\/p>\n\n                        <\/div>\n                      <\/div>\n                    <\/div>\n\n                        \n\n\n                    <div class=\"col-md-12\">\n                      <div class=\"dogrula-tabs--item-area\">\n                        <div class=\"dogrula-tabs-item--head-area\">\n                          <img decoding=\"async\" src=\"https:\/\/www.dogrula.org\/wp-content\/uploads\/degerlendirme-icon.svg\" >   <h3>Evaluating, Correcting, Responding<\/h3>\n                          <span class=\"icon\"><\/span>\n                        <\/div>\n                        <div class=\"dogrula-tabs-item--body-area\" style=\"display: none;\">\n                          <p>In the second stage, correction emails are submitted to the editor-in-chief for review on the first day of each week. The editor-in-chief forwards the correction requests to the editors of the requested content for review. If a correction is deemed necessary, it is clearly indicated in the content. The email is responded to in this way, with the updated content. If no correction is deemed necessary, the e-mail is clearly returned to the e-mail &#8216;with the reason&#8217;. (A weekly summary of the corrections made on Dogrula.org is published regularly.) Opinions, suggestions and complaints are responded to with an e-mail with the theme &#8216;we take into account&#8217; in a language that will not cause controversy. (Requests, opinions and complaints that would harm the corporate identity, brand value and all principles of Dogrula.org are not responded to, these e-mails are stored in the database.) In addition, all feedback made through our contact form is automatically saved in a database.<\/p>\n\n                        <\/div>\n                      <\/div>\n                    <\/div>\n\n                        \n\n\n                    <div class=\"col-md-12\">\n                      <div class=\"dogrula-tabs--item-area\">\n                        <div class=\"dogrula-tabs-item--head-area\">\n                          <img decoding=\"async\" src=\"https:\/\/www.dogrula.org\/wp-content\/uploads\/geri-bildirim-icon.svg\" >   <h3>Denunciation <\/h3>\n                          <span class=\"icon\"><\/span>\n                        <\/div>\n                        <div class=\"dogrula-tabs-item--body-area\" style=\"display: none;\">\n                          <p>Dogrula.org users can report content they are suspicious of to the editor. For these reports, we recommend email, WhatsApp, Telegram and social media channels.<\/p>\n<p>&nbsp;<\/p>\n<p>Before reporting content, we recommend that you review our claim selection criteria. In summary, we prioritize reports covering crisis, disaster, pandemic and election process. On the other hand, the extent to which the content that needs to be verified will benefit citizens is also one of the reasons for prioritization.<\/p>\n\n                        <\/div>\n                      <\/div>\n                    <\/div>\n\n                        \n\n\n                    <div class=\"col-md-12\">\n                      <div class=\"dogrula-tabs--item-area\">\n                        <div class=\"dogrula-tabs-item--head-area\">\n                          <img decoding=\"async\" src=\"https:\/\/www.dogrula.org\/wp-content\/uploads\/warning-icon.svg\" >   <h3>Report to IFCN<\/h3>\n                          <span class=\"icon\"><\/span>\n                        <\/div>\n                        <div class=\"dogrula-tabs-item--body-area\" style=\"display: none;\">\n                          <p>Do\u011frula.org is inspected as an IFCN signatory. To report to IFCN about our content or methodology, click here to access the IFCN complaints page, where you can fill out the form to report.<\/p>\n\n                        <\/div>\n                      <\/div>\n                    <\/div>\n\n                        \n\n                <\/div>\n              <\/div>\n            <\/div>\n            <\/div>\n          <\/div>\n        <\/div>[\/vc_column_text][\/vc_column][\/vc_row]<\/p>\n","protected":false},"excerpt":{"rendered":"<p>[vc_row el_class=&#8221;politikalarimiz-section-1&#8243;][vc_column width=&#8221;1\/2&#8243;][vc_single_image image=&#8221;1597&#8243; img_size=&#8221;full&#8221;][\/vc_column][vc_column width=&#8221;1\/2&#8243;][vc_custom_heading text=&#8221;Our Policies&#8221; use_theme_fonts=&#8221;yes&#8221;][vc_column_text][\/vc_column_text][\/vc_column][\/vc_row]<\/p>\n","protected":false},"author":1,"featured_media":42699,"parent":0,"menu_order":0,"comment_status":"closed","ping_status":"closed","template":"page-kurumsal.php","meta":{"footnotes":""},"class_list":["post-83947","page","type-page","status-publish","has-post-thumbnail","hentry"],"acf":[],"yoast_head":"<!-- This site is optimized with the Yoast SEO plugin v21.1 - https:\/\/yoast.com\/wordpress\/plugins\/seo\/ -->\n<title>Our policies - Do\u011frula<\/title>\n<meta name=\"robots\" content=\"index, follow, max-snippet:-1, max-image-preview:large, max-video-preview:-1\" \/>\n<link rel=\"canonical\" href=\"https:\/\/www.dogrula.org\/en\/our-policies\/\" \/>\n<meta property=\"og:locale\" content=\"en_US\" \/>\n<meta property=\"og:type\" content=\"article\" \/>\n<meta property=\"og:title\" content=\"Our policies - Do\u011frula\" \/>\n<meta property=\"og:description\" content=\"[vc_row el_class=&#8221;politikalarimiz-section-1&#8243;][vc_column width=&#8221;1\/2&#8243;][vc_single_image image=&#8221;1597&#8243; img_size=&#8221;full&#8221;][\/vc_column][vc_column width=&#8221;1\/2&#8243;][vc_custom_heading text=&#8221;Our Policies&#8221; use_theme_fonts=&#8221;yes&#8221;][vc_column_text][\/vc_column_text][\/vc_column][\/vc_row]\" \/>\n<meta property=\"og:url\" content=\"https:\/\/www.dogrula.org\/en\/our-policies\/\" \/>\n<meta property=\"og:site_name\" content=\"Do\u011frula\" \/>\n<meta property=\"article:modified_time\" content=\"2023-12-19T07:32:30+00:00\" \/>\n<meta property=\"og:image\" content=\"https:\/\/www.dogrula.org\/wp-content\/uploads\/Group-6.png\" \/>\n\t<meta property=\"og:image:width\" content=\"1440\" \/>\n\t<meta property=\"og:image:height\" content=\"450\" \/>\n\t<meta property=\"og:image:type\" content=\"image\/png\" \/>\n<meta name=\"twitter:card\" content=\"summary_large_image\" \/>\n<meta name=\"twitter:label1\" content=\"Est. reading time\" \/>\n\t<meta name=\"twitter:data1\" content=\"1 minute\" \/>\n<script type=\"application\/ld+json\" class=\"yoast-schema-graph\">{\"@context\":\"https:\/\/schema.org\",\"@graph\":[{\"@type\":\"WebPage\",\"@id\":\"https:\/\/www.dogrula.org\/en\/our-policies\/\",\"url\":\"https:\/\/www.dogrula.org\/en\/our-policies\/\",\"name\":\"Our policies - Do\u011frula\",\"isPartOf\":{\"@id\":\"https:\/\/www.dogrula.org\/#website\"},\"datePublished\":\"2022-05-23T07:12:16+00:00\",\"dateModified\":\"2023-12-19T07:32:30+00:00\",\"breadcrumb\":{\"@id\":\"https:\/\/www.dogrula.org\/en\/our-policies\/#breadcrumb\"},\"inLanguage\":\"en-US\",\"potentialAction\":[{\"@type\":\"ReadAction\",\"target\":[\"https:\/\/www.dogrula.org\/en\/our-policies\/\"]}]},{\"@type\":\"BreadcrumbList\",\"@id\":\"https:\/\/www.dogrula.org\/en\/our-policies\/#breadcrumb\",\"itemListElement\":[{\"@type\":\"ListItem\",\"position\":1,\"name\":\"Anasayfa\",\"item\":\"https:\/\/www.dogrula.org\/en\/\"},{\"@type\":\"ListItem\",\"position\":2,\"name\":\"Our policies\"}]},{\"@type\":\"WebSite\",\"@id\":\"https:\/\/www.dogrula.org\/#website\",\"url\":\"https:\/\/www.dogrula.org\/\",\"name\":\"Do\u011frula\",\"description\":\"Ger\u00e7e\u011fi Yakala\",\"publisher\":{\"@id\":\"https:\/\/www.dogrula.org\/#organization\"},\"potentialAction\":[{\"@type\":\"SearchAction\",\"target\":{\"@type\":\"EntryPoint\",\"urlTemplate\":\"https:\/\/www.dogrula.org\/?s={search_term_string}\"},\"query-input\":\"required name=search_term_string\"}],\"inLanguage\":\"en-US\"},{\"@type\":\"Organization\",\"@id\":\"https:\/\/www.dogrula.org\/#organization\",\"name\":\"Do\u011frula\",\"url\":\"https:\/\/www.dogrula.org\/\",\"logo\":{\"@type\":\"ImageObject\",\"inLanguage\":\"en-US\",\"@id\":\"https:\/\/www.dogrula.org\/#\/schema\/logo\/image\/\",\"url\":\"https:\/\/www.dogrula.org\/wp-content\/uploads\/logo-dogrula.svg\",\"contentUrl\":\"https:\/\/www.dogrula.org\/wp-content\/uploads\/logo-dogrula.svg\",\"caption\":\"Do\u011frula\"},\"image\":{\"@id\":\"https:\/\/www.dogrula.org\/#\/schema\/logo\/image\/\"}}]}<\/script>\n<!-- \/ Yoast SEO plugin. -->","yoast_head_json":{"title":"Our policies - Do\u011frula","robots":{"index":"index","follow":"follow","max-snippet":"max-snippet:-1","max-image-preview":"max-image-preview:large","max-video-preview":"max-video-preview:-1"},"canonical":"https:\/\/www.dogrula.org\/en\/our-policies\/","og_locale":"en_US","og_type":"article","og_title":"Our policies - Do\u011frula","og_description":"[vc_row el_class=&#8221;politikalarimiz-section-1&#8243;][vc_column width=&#8221;1\/2&#8243;][vc_single_image image=&#8221;1597&#8243; img_size=&#8221;full&#8221;][\/vc_column][vc_column width=&#8221;1\/2&#8243;][vc_custom_heading text=&#8221;Our Policies&#8221; use_theme_fonts=&#8221;yes&#8221;][vc_column_text][\/vc_column_text][\/vc_column][\/vc_row]","og_url":"https:\/\/www.dogrula.org\/en\/our-policies\/","og_site_name":"Do\u011frula","article_modified_time":"2023-12-19T07:32:30+00:00","og_image":[{"width":1440,"height":450,"url":"https:\/\/www.dogrula.org\/wp-content\/uploads\/Group-6.png","type":"image\/png"}],"twitter_card":"summary_large_image","twitter_misc":{"Est. reading time":"1 minute"},"schema":{"@context":"https:\/\/schema.org","@graph":[{"@type":"WebPage","@id":"https:\/\/www.dogrula.org\/en\/our-policies\/","url":"https:\/\/www.dogrula.org\/en\/our-policies\/","name":"Our policies - Do\u011frula","isPartOf":{"@id":"https:\/\/www.dogrula.org\/#website"},"datePublished":"2022-05-23T07:12:16+00:00","dateModified":"2023-12-19T07:32:30+00:00","breadcrumb":{"@id":"https:\/\/www.dogrula.org\/en\/our-policies\/#breadcrumb"},"inLanguage":"en-US","potentialAction":[{"@type":"ReadAction","target":["https:\/\/www.dogrula.org\/en\/our-policies\/"]}]},{"@type":"BreadcrumbList","@id":"https:\/\/www.dogrula.org\/en\/our-policies\/#breadcrumb","itemListElement":[{"@type":"ListItem","position":1,"name":"Anasayfa","item":"https:\/\/www.dogrula.org\/en\/"},{"@type":"ListItem","position":2,"name":"Our policies"}]},{"@type":"WebSite","@id":"https:\/\/www.dogrula.org\/#website","url":"https:\/\/www.dogrula.org\/","name":"Do\u011frula","description":"Ger\u00e7e\u011fi Yakala","publisher":{"@id":"https:\/\/www.dogrula.org\/#organization"},"potentialAction":[{"@type":"SearchAction","target":{"@type":"EntryPoint","urlTemplate":"https:\/\/www.dogrula.org\/?s={search_term_string}"},"query-input":"required name=search_term_string"}],"inLanguage":"en-US"},{"@type":"Organization","@id":"https:\/\/www.dogrula.org\/#organization","name":"Do\u011frula","url":"https:\/\/www.dogrula.org\/","logo":{"@type":"ImageObject","inLanguage":"en-US","@id":"https:\/\/www.dogrula.org\/#\/schema\/logo\/image\/","url":"https:\/\/www.dogrula.org\/wp-content\/uploads\/logo-dogrula.svg","contentUrl":"https:\/\/www.dogrula.org\/wp-content\/uploads\/logo-dogrula.svg","caption":"Do\u011frula"},"image":{"@id":"https:\/\/www.dogrula.org\/#\/schema\/logo\/image\/"}}]}},"_links":{"self":[{"href":"https:\/\/www.dogrula.org\/en\/wp-json\/wp\/v2\/pages\/83947","targetHints":{"allow":["GET"]}}],"collection":[{"href":"https:\/\/www.dogrula.org\/en\/wp-json\/wp\/v2\/pages"}],"about":[{"href":"https:\/\/www.dogrula.org\/en\/wp-json\/wp\/v2\/types\/page"}],"author":[{"embeddable":true,"href":"https:\/\/www.dogrula.org\/en\/wp-json\/wp\/v2\/users\/1"}],"replies":[{"embeddable":true,"href":"https:\/\/www.dogrula.org\/en\/wp-json\/wp\/v2\/comments?post=83947"}],"version-history":[{"count":7,"href":"https:\/\/www.dogrula.org\/en\/wp-json\/wp\/v2\/pages\/83947\/revisions"}],"predecessor-version":[{"id":86576,"href":"https:\/\/www.dogrula.org\/en\/wp-json\/wp\/v2\/pages\/83947\/revisions\/86576"}],"wp:featuredmedia":[{"embeddable":true,"href":"https:\/\/www.dogrula.org\/en\/wp-json\/wp\/v2\/media\/42699"}],"wp:attachment":[{"href":"https:\/\/www.dogrula.org\/en\/wp-json\/wp\/v2\/media?parent=83947"}],"curies":[{"name":"wp","href":"https:\/\/api.w.org\/{rel}","templated":true}]}}