{"id":83945,"date":"2022-05-23T10:12:50","date_gmt":"2022-05-23T07:12:50","guid":{"rendered":"https:\/\/www.dogrula.org\/organizasyon\/"},"modified":"2023-12-19T15:08:06","modified_gmt":"2023-12-19T12:08:06","slug":"organization","status":"publish","type":"page","link":"https:\/\/www.dogrula.org\/en\/organization\/","title":{"rendered":"Organization"},"content":{"rendered":"<p>[vc_row el_class=&#8221;organizasyon-section-1&#8243;][vc_column width=&#8221;2\/6&#8243;][vc_custom_heading text=&#8221;Organizasyon&#8221; use_theme_fonts=&#8221;yes&#8221;][\/vc_column][vc_column width=&#8221;4\/6&#8243;][vc_column_text]The Dogrula.org analysis creation organization consists of the collaboration of a publication coordinator, 5 editors, an art director and a digital content manager. The editor&#8217;s responsibilities are: &#8220;research, uncovering, discussing, analyzing, and creating text&#8221;. Each Do\u011frula employee who is an editor is responsible for the same processes.[\/vc_column_text][\/vc_column][\/vc_row][vc_row el_class=&#8221;organizasyon-section-2&#8243;][vc_column]<div class=\"organizasyonorganizasyon\">\r\n\r\n                    <div class=\"organizasyonorganizasyon_single\" >\r\n                    <div class=\"row\">\r\n                    <div class=\"col-lg-12\"><img decoding=\"async\" src=\"https:\/\/www.dogrula.org\/wp-content\/uploads\/editorlerimiz-icom.svg\" alt=\"Equality of discourse\" class=\"organizasyon-img\"><\/div>\r\n                    <div class=\"col-lg-12\">  <h3>  Equality of discourse <\/h3><\/div>\r\n                    <\/div>\r\n\r\n                    <div class=\"col-lg-12 aciklama\">\r\n                      <p class=\"organizasyon-aciklama\">  Do\u011frula.org brand respects the world and political views of its editors and recognizes equal rights for all its editors.<\/p>\r\n                    <\/div>\r\n                      <\/a>\r\n\r\n                    <\/div>\r\n\r\n                <\/div><div class=\"organizasyonorganizasyon\">\r\n\r\n                    <div class=\"organizasyonorganizasyon_single\" >\r\n                    <div class=\"row\">\r\n                    <div class=\"col-lg-12\"><img decoding=\"async\" src=\"https:\/\/www.dogrula.org\/wp-content\/uploads\/oy-birligi-icon.svg\" alt=\"Common idea\" class=\"organizasyon-img\"><\/div>\r\n                    <div class=\"col-lg-12\">  <h3>  Common idea <\/h3><\/div>\r\n                    <\/div>\r\n\r\n                    <div class=\"col-lg-12 aciklama\">\r\n                      <p class=\"organizasyon-aciklama\">  Dogrula's editorial unit works on the principle of 'unanimity' to ensure that the editor's intellectual tendencies, prejudices and ideology do not affect the result of the analysis.<\/p>\r\n                    <\/div>\r\n                      <\/a>\r\n\r\n                    <\/div>\r\n\r\n                <\/div><div class=\"organizasyonorganizasyon\">\r\n\r\n                    <div class=\"organizasyonorganizasyon_single\" >\r\n                    <div class=\"row\">\r\n                    <div class=\"col-lg-12\"><img decoding=\"async\" src=\"https:\/\/www.dogrula.org\/wp-content\/uploads\/ortak-fikir-icon.svg\" alt=\"Teamwork\" class=\"organizasyon-img\"><\/div>\r\n                    <div class=\"col-lg-12\">  <h3>  Teamwork <\/h3><\/div>\r\n                    <\/div>\r\n\r\n                    <div class=\"col-lg-12 aciklama\">\r\n                      <p class=\"organizasyon-aciklama\">  First, the work is created by all editors reaching a consensus in the stages of taking the claim, fact-checking, analyzing and drawing conclusions.<\/p>\r\n                    <\/div>\r\n                      <\/a>\r\n\r\n                    <\/div>\r\n\r\n                <\/div><div class=\"organizasyonorganizasyon\">\r\n\r\n                    <div class=\"organizasyonorganizasyon_single\" >\r\n                    <div class=\"row\">\r\n                    <div class=\"col-lg-12\"><img decoding=\"async\" src=\"https:\/\/www.dogrula.org\/wp-content\/uploads\/tarafsizlik-icon.svg\" alt=\"Objectivity\" class=\"organizasyon-img\"><\/div>\r\n                    <div class=\"col-lg-12\">  <h3>  Objectivity <\/h3><\/div>\r\n                    <\/div>\r\n\r\n                    <div class=\"col-lg-12 aciklama\">\r\n                      <p class=\"organizasyon-aciklama\">  Dogrula editors also take care to maintain impartiality in their analysis.<\/p>\r\n                    <\/div>\r\n                      <\/a>\r\n\r\n                    <\/div>\r\n\r\n                <\/div>[\/vc_column][\/vc_row]<\/p>\n","protected":false},"excerpt":{"rendered":"<p>[vc_row el_class=&#8221;organizasyon-section-1&#8243;][vc_column width=&#8221;2\/6&#8243;][vc_custom_heading text=&#8221;Organizasyon&#8221; use_theme_fonts=&#8221;yes&#8221;][\/vc_column][vc_column width=&#8221;4\/6&#8243;][vc_column_text]The Dogrula.org analysis creation organization consists of the collaboration of a [&hellip;]<\/p>\n","protected":false},"author":1,"featured_media":42699,"parent":0,"menu_order":0,"comment_status":"closed","ping_status":"closed","template":"page-kurumsal.php","meta":{"footnotes":""},"class_list":["post-83945","page","type-page","status-publish","has-post-thumbnail","hentry"],"acf":[],"yoast_head":"<!-- This site is optimized with the Yoast SEO plugin v21.1 - https:\/\/yoast.com\/wordpress\/plugins\/seo\/ -->\n<title>Organization - Do\u011frula<\/title>\n<meta name=\"robots\" content=\"index, follow, max-snippet:-1, max-image-preview:large, max-video-preview:-1\" \/>\n<link rel=\"canonical\" href=\"https:\/\/www.dogrula.org\/en\/organization\/\" \/>\n<meta property=\"og:locale\" content=\"en_US\" \/>\n<meta property=\"og:type\" content=\"article\" \/>\n<meta property=\"og:title\" content=\"Organization - Do\u011frula\" \/>\n<meta property=\"og:description\" content=\"[vc_row el_class=&#8221;organizasyon-section-1&#8243;][vc_column width=&#8221;2\/6&#8243;][vc_custom_heading text=&#8221;Organizasyon&#8221; use_theme_fonts=&#8221;yes&#8221;][\/vc_column][vc_column width=&#8221;4\/6&#8243;][vc_column_text]The Dogrula.org analysis creation organization consists of the collaboration of a [&hellip;]\" \/>\n<meta property=\"og:url\" content=\"https:\/\/www.dogrula.org\/en\/organization\/\" \/>\n<meta property=\"og:site_name\" content=\"Do\u011frula\" \/>\n<meta property=\"article:modified_time\" content=\"2023-12-19T12:08:06+00:00\" \/>\n<meta property=\"og:image\" content=\"https:\/\/www.dogrula.org\/wp-content\/uploads\/Group-6.png\" \/>\n\t<meta property=\"og:image:width\" content=\"1440\" \/>\n\t<meta property=\"og:image:height\" content=\"450\" \/>\n\t<meta property=\"og:image:type\" content=\"image\/png\" \/>\n<meta name=\"twitter:card\" content=\"summary_large_image\" \/>\n<meta name=\"twitter:label1\" content=\"Est. reading time\" \/>\n\t<meta name=\"twitter:data1\" content=\"1 minute\" \/>\n<script type=\"application\/ld+json\" class=\"yoast-schema-graph\">{\"@context\":\"https:\/\/schema.org\",\"@graph\":[{\"@type\":\"WebPage\",\"@id\":\"https:\/\/www.dogrula.org\/en\/organization\/\",\"url\":\"https:\/\/www.dogrula.org\/en\/organization\/\",\"name\":\"Organization - Do\u011frula\",\"isPartOf\":{\"@id\":\"https:\/\/www.dogrula.org\/#website\"},\"datePublished\":\"2022-05-23T07:12:50+00:00\",\"dateModified\":\"2023-12-19T12:08:06+00:00\",\"breadcrumb\":{\"@id\":\"https:\/\/www.dogrula.org\/en\/organization\/#breadcrumb\"},\"inLanguage\":\"en-US\",\"potentialAction\":[{\"@type\":\"ReadAction\",\"target\":[\"https:\/\/www.dogrula.org\/en\/organization\/\"]}]},{\"@type\":\"BreadcrumbList\",\"@id\":\"https:\/\/www.dogrula.org\/en\/organization\/#breadcrumb\",\"itemListElement\":[{\"@type\":\"ListItem\",\"position\":1,\"name\":\"Anasayfa\",\"item\":\"https:\/\/www.dogrula.org\/en\/\"},{\"@type\":\"ListItem\",\"position\":2,\"name\":\"Organization\"}]},{\"@type\":\"WebSite\",\"@id\":\"https:\/\/www.dogrula.org\/#website\",\"url\":\"https:\/\/www.dogrula.org\/\",\"name\":\"Do\u011frula\",\"description\":\"Ger\u00e7e\u011fi Yakala\",\"publisher\":{\"@id\":\"https:\/\/www.dogrula.org\/#organization\"},\"potentialAction\":[{\"@type\":\"SearchAction\",\"target\":{\"@type\":\"EntryPoint\",\"urlTemplate\":\"https:\/\/www.dogrula.org\/?s={search_term_string}\"},\"query-input\":\"required name=search_term_string\"}],\"inLanguage\":\"en-US\"},{\"@type\":\"Organization\",\"@id\":\"https:\/\/www.dogrula.org\/#organization\",\"name\":\"Do\u011frula\",\"url\":\"https:\/\/www.dogrula.org\/\",\"logo\":{\"@type\":\"ImageObject\",\"inLanguage\":\"en-US\",\"@id\":\"https:\/\/www.dogrula.org\/#\/schema\/logo\/image\/\",\"url\":\"https:\/\/www.dogrula.org\/wp-content\/uploads\/logo-dogrula.svg\",\"contentUrl\":\"https:\/\/www.dogrula.org\/wp-content\/uploads\/logo-dogrula.svg\",\"caption\":\"Do\u011frula\"},\"image\":{\"@id\":\"https:\/\/www.dogrula.org\/#\/schema\/logo\/image\/\"}}]}<\/script>\n<!-- \/ Yoast SEO plugin. -->","yoast_head_json":{"title":"Organization - Do\u011frula","robots":{"index":"index","follow":"follow","max-snippet":"max-snippet:-1","max-image-preview":"max-image-preview:large","max-video-preview":"max-video-preview:-1"},"canonical":"https:\/\/www.dogrula.org\/en\/organization\/","og_locale":"en_US","og_type":"article","og_title":"Organization - Do\u011frula","og_description":"[vc_row el_class=&#8221;organizasyon-section-1&#8243;][vc_column width=&#8221;2\/6&#8243;][vc_custom_heading text=&#8221;Organizasyon&#8221; use_theme_fonts=&#8221;yes&#8221;][\/vc_column][vc_column width=&#8221;4\/6&#8243;][vc_column_text]The Dogrula.org analysis creation organization consists of the collaboration of a [&hellip;]","og_url":"https:\/\/www.dogrula.org\/en\/organization\/","og_site_name":"Do\u011frula","article_modified_time":"2023-12-19T12:08:06+00:00","og_image":[{"width":1440,"height":450,"url":"https:\/\/www.dogrula.org\/wp-content\/uploads\/Group-6.png","type":"image\/png"}],"twitter_card":"summary_large_image","twitter_misc":{"Est. reading time":"1 minute"},"schema":{"@context":"https:\/\/schema.org","@graph":[{"@type":"WebPage","@id":"https:\/\/www.dogrula.org\/en\/organization\/","url":"https:\/\/www.dogrula.org\/en\/organization\/","name":"Organization - Do\u011frula","isPartOf":{"@id":"https:\/\/www.dogrula.org\/#website"},"datePublished":"2022-05-23T07:12:50+00:00","dateModified":"2023-12-19T12:08:06+00:00","breadcrumb":{"@id":"https:\/\/www.dogrula.org\/en\/organization\/#breadcrumb"},"inLanguage":"en-US","potentialAction":[{"@type":"ReadAction","target":["https:\/\/www.dogrula.org\/en\/organization\/"]}]},{"@type":"BreadcrumbList","@id":"https:\/\/www.dogrula.org\/en\/organization\/#breadcrumb","itemListElement":[{"@type":"ListItem","position":1,"name":"Anasayfa","item":"https:\/\/www.dogrula.org\/en\/"},{"@type":"ListItem","position":2,"name":"Organization"}]},{"@type":"WebSite","@id":"https:\/\/www.dogrula.org\/#website","url":"https:\/\/www.dogrula.org\/","name":"Do\u011frula","description":"Ger\u00e7e\u011fi Yakala","publisher":{"@id":"https:\/\/www.dogrula.org\/#organization"},"potentialAction":[{"@type":"SearchAction","target":{"@type":"EntryPoint","urlTemplate":"https:\/\/www.dogrula.org\/?s={search_term_string}"},"query-input":"required name=search_term_string"}],"inLanguage":"en-US"},{"@type":"Organization","@id":"https:\/\/www.dogrula.org\/#organization","name":"Do\u011frula","url":"https:\/\/www.dogrula.org\/","logo":{"@type":"ImageObject","inLanguage":"en-US","@id":"https:\/\/www.dogrula.org\/#\/schema\/logo\/image\/","url":"https:\/\/www.dogrula.org\/wp-content\/uploads\/logo-dogrula.svg","contentUrl":"https:\/\/www.dogrula.org\/wp-content\/uploads\/logo-dogrula.svg","caption":"Do\u011frula"},"image":{"@id":"https:\/\/www.dogrula.org\/#\/schema\/logo\/image\/"}}]}},"_links":{"self":[{"href":"https:\/\/www.dogrula.org\/en\/wp-json\/wp\/v2\/pages\/83945","targetHints":{"allow":["GET"]}}],"collection":[{"href":"https:\/\/www.dogrula.org\/en\/wp-json\/wp\/v2\/pages"}],"about":[{"href":"https:\/\/www.dogrula.org\/en\/wp-json\/wp\/v2\/types\/page"}],"author":[{"embeddable":true,"href":"https:\/\/www.dogrula.org\/en\/wp-json\/wp\/v2\/users\/1"}],"replies":[{"embeddable":true,"href":"https:\/\/www.dogrula.org\/en\/wp-json\/wp\/v2\/comments?post=83945"}],"version-history":[{"count":3,"href":"https:\/\/www.dogrula.org\/en\/wp-json\/wp\/v2\/pages\/83945\/revisions"}],"predecessor-version":[{"id":86599,"href":"https:\/\/www.dogrula.org\/en\/wp-json\/wp\/v2\/pages\/83945\/revisions\/86599"}],"wp:featuredmedia":[{"embeddable":true,"href":"https:\/\/www.dogrula.org\/en\/wp-json\/wp\/v2\/media\/42699"}],"wp:attachment":[{"href":"https:\/\/www.dogrula.org\/en\/wp-json\/wp\/v2\/media?parent=83945"}],"curies":[{"name":"wp","href":"https:\/\/api.w.org\/{rel}","templated":true}]}}