{"id":83938,"date":"2022-05-23T10:13:04","date_gmt":"2022-05-23T07:13:04","guid":{"rendered":"https:\/\/www.dogrula.org\/finansal-kaynaklar\/"},"modified":"2023-12-19T15:09:54","modified_gmt":"2023-12-19T12:09:54","slug":"financial-resources","status":"publish","type":"page","link":"https:\/\/www.dogrula.org\/en\/financial-resources\/","title":{"rendered":"Financial Resources"},"content":{"rendered":"<p>[vc_row el_class=&#8221;finansal-kaynaklar-section-1&#8243;][vc_column width=&#8221;2\/5&#8243;][vc_single_image image=&#8221;1596&#8243; img_size=&#8221;full&#8221;][\/vc_column][vc_column width=&#8221;3\/5&#8243;][vc_custom_heading text=&#8221;Principles of Financial Income&#8221; use_theme_fonts=&#8221;yes&#8221;][vc_column_text]The Do\u011frula organization does not request donations, project sponsorship and project support from political parties and institutions, NGOs and individuals with direct proximity and connection to a political party. It also refuses if the request comes from the other party.<\/p>\n<p>Do\u011frula handles its analyses without considering the interests and damages of donor and supporter organizations. It never allows any supporter to interfere with its analyzes, not even to make a request. If such a situation is encountered, Do\u011frula cuts its institutional cooperation with the supporter.<\/p>\n<div id=\"gtx-trans\" style=\"position: absolute; left: -5px; top: 214.231px;\">\n<div class=\"gtx-trans-icon\"><\/div>\n<\/div>\n<p>[\/vc_column_text][vc_btn title=&#8221;Finansal Tablo&#8221; style=&#8221;custom&#8221; custom_background=&#8221;#0a446a&#8221; custom_text=&#8221;#ffffff&#8221; i_align=&#8221;right&#8221; i_icon_fontawesome=&#8221;far fa-file-pdf&#8221; add_icon=&#8221;true&#8221; css=&#8221;.vc_custom_1694523007192{border-radius: 10px !important;}&#8221; link=&#8221;url:https%3A%2F%2Fwww.dogrula.org%2Fwp-content%2Fuploads%2Fweb-finansal-tablo.pdf|target:_blank&#8221;][\/vc_column][\/vc_row][vc_row full_width=&#8221;stretch_row&#8221; el_class=&#8221;finansal-kaynaklar-section-2&#8243;][vc_column][vc_column_text]\n\n\n    <ul class=\"nav nav-tabs timeline-tab\" role=\"tablist\">\n      <li class=\"nav-item\">\n        <a class=\"nav-link active\" data-toggle=\"tab\" href=\"#tabs-1\" role=\"tab\"><img decoding=\"async\" src=\"\/wp-content\/uploads\/2021-hover.svg\" class=\"image-active\"><img decoding=\"async\" src=\"\/wp-content\/uploads\/2021-2.svg\" class=\"image-normal\"><p class=\"histroy-tarih\">2021<\/p><\/a>\n      <\/li>\n      <li class=\"nav-item\">\n        <a class=\"nav-link nav-sction\" data-toggle=\"tab\" href=\"#tabs-2\" role=\"tab\"><img decoding=\"async\" src=\"\/wp-content\/uploads\/2022.svg\" class=\"image-normal\"><img decoding=\"async\" src=\"\/wp-content\/uploads\/2022-1.svg\" class=\"image-active\"><p class=\"histroy-tarih\">2022<\/p><\/a>\n      <\/li>\n      <li class=\"nav-item\">\n      <a class=\"nav-link nav-sction\" data-toggle=\"tab\" href=\"#tabs-3\" role=\"tab\"><img decoding=\"async\" src=\"\/wp-content\/uploads\/2022.svg\" class=\"image-normal\"><img decoding=\"async\" src=\"\/wp-content\/uploads\/2022-1.svg\" class=\"image-active\"><p class=\"histroy-tarih\">2023<\/p><\/a>\n    <\/li>\n     <li class=\"nav-item\">\n      <a class=\"nav-link nav-sction\" data-toggle=\"tab\" href=\"#tabs-4\" role=\"tab\"><img decoding=\"async\" src=\"\/wp-content\/uploads\/2022.svg\" class=\"image-normal\"><img decoding=\"async\" src=\"\/wp-content\/uploads\/2022-1.svg\" class=\"image-active\"><p class=\"histroy-tarih\">2024<\/p><\/a>\n    <\/li>\n    <\/ul><!-- Tab panes -->\n    <div class=\"tab-content timeline-tab\">\n      <div class=\"tab-pane active\" id=\"tabs-1\" role=\"tabpanel\">\n        <ul class=\"timeline\">\n          \n          <\/ul>\n      <\/div>\n      <div class=\"tab-pane\" id=\"tabs-2\" role=\"tabpanel\">\n        <ul class=\"timeline\">\n        \n        <\/ul>\n      <\/div>\n      <div class=\"tab-pane\" id=\"tabs-3\" role=\"tabpanel\">\n      <ul class=\"timeline\">\n      \n      <\/ul>\n    <\/div>\n      <div class=\"tab-pane\" id=\"tabs-4\" role=\"tabpanel\">\n      <ul class=\"timeline\">\n      \n      <\/ul>\n    <\/div>\n    <\/div>\n              [\/vc_column_text][\/vc_column][\/vc_row]<\/p>\n","protected":false},"excerpt":{"rendered":"<p>[vc_row el_class=&#8221;finansal-kaynaklar-section-1&#8243;][vc_column width=&#8221;2\/5&#8243;][vc_single_image image=&#8221;1596&#8243; img_size=&#8221;full&#8221;][\/vc_column][vc_column width=&#8221;3\/5&#8243;][vc_custom_heading text=&#8221;Principles of Financial Income&#8221; use_theme_fonts=&#8221;yes&#8221;][vc_column_text]The Do\u011frula organization does not request [&hellip;]<\/p>\n","protected":false},"author":1,"featured_media":42699,"parent":0,"menu_order":0,"comment_status":"closed","ping_status":"closed","template":"page-kurumsal.php","meta":{"footnotes":""},"class_list":["post-83938","page","type-page","status-publish","has-post-thumbnail","hentry"],"acf":[],"yoast_head":"<!-- This site is optimized with the Yoast SEO plugin v21.1 - https:\/\/yoast.com\/wordpress\/plugins\/seo\/ -->\n<title>Financial Resources - Do\u011frula<\/title>\n<meta name=\"robots\" content=\"index, follow, max-snippet:-1, max-image-preview:large, max-video-preview:-1\" \/>\n<link rel=\"canonical\" href=\"https:\/\/www.dogrula.org\/en\/financial-resources\/\" \/>\n<meta property=\"og:locale\" content=\"en_US\" \/>\n<meta property=\"og:type\" content=\"article\" \/>\n<meta property=\"og:title\" content=\"Financial Resources - Do\u011frula\" \/>\n<meta property=\"og:description\" content=\"[vc_row el_class=&#8221;finansal-kaynaklar-section-1&#8243;][vc_column width=&#8221;2\/5&#8243;][vc_single_image image=&#8221;1596&#8243; img_size=&#8221;full&#8221;][\/vc_column][vc_column width=&#8221;3\/5&#8243;][vc_custom_heading text=&#8221;Principles of Financial Income&#8221; use_theme_fonts=&#8221;yes&#8221;][vc_column_text]The Do\u011frula organization does not request [&hellip;]\" \/>\n<meta property=\"og:url\" content=\"https:\/\/www.dogrula.org\/en\/financial-resources\/\" \/>\n<meta property=\"og:site_name\" content=\"Do\u011frula\" \/>\n<meta property=\"article:modified_time\" content=\"2023-12-19T12:09:54+00:00\" \/>\n<meta property=\"og:image\" content=\"https:\/\/www.dogrula.org\/wp-content\/uploads\/Group-6.png\" \/>\n\t<meta property=\"og:image:width\" content=\"1440\" \/>\n\t<meta property=\"og:image:height\" content=\"450\" \/>\n\t<meta property=\"og:image:type\" content=\"image\/png\" \/>\n<meta name=\"twitter:card\" content=\"summary_large_image\" \/>\n<meta name=\"twitter:label1\" content=\"Est. reading time\" \/>\n\t<meta name=\"twitter:data1\" content=\"1 minute\" \/>\n<script type=\"application\/ld+json\" class=\"yoast-schema-graph\">{\"@context\":\"https:\/\/schema.org\",\"@graph\":[{\"@type\":\"WebPage\",\"@id\":\"https:\/\/www.dogrula.org\/en\/financial-resources\/\",\"url\":\"https:\/\/www.dogrula.org\/en\/financial-resources\/\",\"name\":\"Financial Resources - Do\u011frula\",\"isPartOf\":{\"@id\":\"https:\/\/www.dogrula.org\/#website\"},\"datePublished\":\"2022-05-23T07:13:04+00:00\",\"dateModified\":\"2023-12-19T12:09:54+00:00\",\"breadcrumb\":{\"@id\":\"https:\/\/www.dogrula.org\/en\/financial-resources\/#breadcrumb\"},\"inLanguage\":\"en-US\",\"potentialAction\":[{\"@type\":\"ReadAction\",\"target\":[\"https:\/\/www.dogrula.org\/en\/financial-resources\/\"]}]},{\"@type\":\"BreadcrumbList\",\"@id\":\"https:\/\/www.dogrula.org\/en\/financial-resources\/#breadcrumb\",\"itemListElement\":[{\"@type\":\"ListItem\",\"position\":1,\"name\":\"Anasayfa\",\"item\":\"https:\/\/www.dogrula.org\/en\/\"},{\"@type\":\"ListItem\",\"position\":2,\"name\":\"Financial Resources\"}]},{\"@type\":\"WebSite\",\"@id\":\"https:\/\/www.dogrula.org\/#website\",\"url\":\"https:\/\/www.dogrula.org\/\",\"name\":\"Do\u011frula\",\"description\":\"Ger\u00e7e\u011fi Yakala\",\"publisher\":{\"@id\":\"https:\/\/www.dogrula.org\/#organization\"},\"potentialAction\":[{\"@type\":\"SearchAction\",\"target\":{\"@type\":\"EntryPoint\",\"urlTemplate\":\"https:\/\/www.dogrula.org\/?s={search_term_string}\"},\"query-input\":\"required name=search_term_string\"}],\"inLanguage\":\"en-US\"},{\"@type\":\"Organization\",\"@id\":\"https:\/\/www.dogrula.org\/#organization\",\"name\":\"Do\u011frula\",\"url\":\"https:\/\/www.dogrula.org\/\",\"logo\":{\"@type\":\"ImageObject\",\"inLanguage\":\"en-US\",\"@id\":\"https:\/\/www.dogrula.org\/#\/schema\/logo\/image\/\",\"url\":\"https:\/\/www.dogrula.org\/wp-content\/uploads\/logo-dogrula.svg\",\"contentUrl\":\"https:\/\/www.dogrula.org\/wp-content\/uploads\/logo-dogrula.svg\",\"caption\":\"Do\u011frula\"},\"image\":{\"@id\":\"https:\/\/www.dogrula.org\/#\/schema\/logo\/image\/\"}}]}<\/script>\n<!-- \/ Yoast SEO plugin. -->","yoast_head_json":{"title":"Financial Resources - Do\u011frula","robots":{"index":"index","follow":"follow","max-snippet":"max-snippet:-1","max-image-preview":"max-image-preview:large","max-video-preview":"max-video-preview:-1"},"canonical":"https:\/\/www.dogrula.org\/en\/financial-resources\/","og_locale":"en_US","og_type":"article","og_title":"Financial Resources - Do\u011frula","og_description":"[vc_row el_class=&#8221;finansal-kaynaklar-section-1&#8243;][vc_column width=&#8221;2\/5&#8243;][vc_single_image image=&#8221;1596&#8243; img_size=&#8221;full&#8221;][\/vc_column][vc_column width=&#8221;3\/5&#8243;][vc_custom_heading text=&#8221;Principles of Financial Income&#8221; use_theme_fonts=&#8221;yes&#8221;][vc_column_text]The Do\u011frula organization does not request [&hellip;]","og_url":"https:\/\/www.dogrula.org\/en\/financial-resources\/","og_site_name":"Do\u011frula","article_modified_time":"2023-12-19T12:09:54+00:00","og_image":[{"width":1440,"height":450,"url":"https:\/\/www.dogrula.org\/wp-content\/uploads\/Group-6.png","type":"image\/png"}],"twitter_card":"summary_large_image","twitter_misc":{"Est. reading time":"1 minute"},"schema":{"@context":"https:\/\/schema.org","@graph":[{"@type":"WebPage","@id":"https:\/\/www.dogrula.org\/en\/financial-resources\/","url":"https:\/\/www.dogrula.org\/en\/financial-resources\/","name":"Financial Resources - Do\u011frula","isPartOf":{"@id":"https:\/\/www.dogrula.org\/#website"},"datePublished":"2022-05-23T07:13:04+00:00","dateModified":"2023-12-19T12:09:54+00:00","breadcrumb":{"@id":"https:\/\/www.dogrula.org\/en\/financial-resources\/#breadcrumb"},"inLanguage":"en-US","potentialAction":[{"@type":"ReadAction","target":["https:\/\/www.dogrula.org\/en\/financial-resources\/"]}]},{"@type":"BreadcrumbList","@id":"https:\/\/www.dogrula.org\/en\/financial-resources\/#breadcrumb","itemListElement":[{"@type":"ListItem","position":1,"name":"Anasayfa","item":"https:\/\/www.dogrula.org\/en\/"},{"@type":"ListItem","position":2,"name":"Financial Resources"}]},{"@type":"WebSite","@id":"https:\/\/www.dogrula.org\/#website","url":"https:\/\/www.dogrula.org\/","name":"Do\u011frula","description":"Ger\u00e7e\u011fi Yakala","publisher":{"@id":"https:\/\/www.dogrula.org\/#organization"},"potentialAction":[{"@type":"SearchAction","target":{"@type":"EntryPoint","urlTemplate":"https:\/\/www.dogrula.org\/?s={search_term_string}"},"query-input":"required name=search_term_string"}],"inLanguage":"en-US"},{"@type":"Organization","@id":"https:\/\/www.dogrula.org\/#organization","name":"Do\u011frula","url":"https:\/\/www.dogrula.org\/","logo":{"@type":"ImageObject","inLanguage":"en-US","@id":"https:\/\/www.dogrula.org\/#\/schema\/logo\/image\/","url":"https:\/\/www.dogrula.org\/wp-content\/uploads\/logo-dogrula.svg","contentUrl":"https:\/\/www.dogrula.org\/wp-content\/uploads\/logo-dogrula.svg","caption":"Do\u011frula"},"image":{"@id":"https:\/\/www.dogrula.org\/#\/schema\/logo\/image\/"}}]}},"_links":{"self":[{"href":"https:\/\/www.dogrula.org\/en\/wp-json\/wp\/v2\/pages\/83938","targetHints":{"allow":["GET"]}}],"collection":[{"href":"https:\/\/www.dogrula.org\/en\/wp-json\/wp\/v2\/pages"}],"about":[{"href":"https:\/\/www.dogrula.org\/en\/wp-json\/wp\/v2\/types\/page"}],"author":[{"embeddable":true,"href":"https:\/\/www.dogrula.org\/en\/wp-json\/wp\/v2\/users\/1"}],"replies":[{"embeddable":true,"href":"https:\/\/www.dogrula.org\/en\/wp-json\/wp\/v2\/comments?post=83938"}],"version-history":[{"count":2,"href":"https:\/\/www.dogrula.org\/en\/wp-json\/wp\/v2\/pages\/83938\/revisions"}],"predecessor-version":[{"id":86600,"href":"https:\/\/www.dogrula.org\/en\/wp-json\/wp\/v2\/pages\/83938\/revisions\/86600"}],"wp:featuredmedia":[{"embeddable":true,"href":"https:\/\/www.dogrula.org\/en\/wp-json\/wp\/v2\/media\/42699"}],"wp:attachment":[{"href":"https:\/\/www.dogrula.org\/en\/wp-json\/wp\/v2\/media?parent=83938"}],"curies":[{"name":"wp","href":"https:\/\/api.w.org\/{rel}","templated":true}]}}