{"id":83909,"date":"2022-05-23T10:13:18","date_gmt":"2022-05-23T07:13:18","guid":{"rendered":"https:\/\/www.dogrula.org\/bize-ulasin\/"},"modified":"2023-12-19T10:31:25","modified_gmt":"2023-12-19T07:31:25","slug":"contact-us","status":"publish","type":"page","link":"https:\/\/www.dogrula.org\/en\/contact-us\/","title":{"rendered":"Contact Us"},"content":{"rendered":"<p>[vc_row el_class=&#8221;bize-ulasin-section-1&#8243;][vc_column]<div class=\"iletisimcard\">\r\n\r\n                    <div class=\"iletisimcard_single\" >\r\n                    <div class=\"row\">\r\n                    <div class=\"col-lg-3\"><img decoding=\"async\" src=\"https:\/\/www.dogrula.org\/wp-content\/uploads\/adres.svg\" alt=\"Address\" class=\"ilkelr-img\"><\/div>\r\n                    <div class=\"col-lg-9\">\r\n                    <h3>  Address <\/h3>\r\n                    <div class=\"box-aciklama\">\r\n                      <a href=\"https:\/\/www.google.com\/maps?ll=41.03688,28.993603&z=16&t=m&hl=tr&gl=TR&mapclient=embed&q=Hac%C4%B1+%C4%B0zzet+Pa%C5%9Fa+Sk.+No:+26+D:3+%C3%96mer+Avni+34427+Beyo%C4%9Flu\/%C4%B0stanbul\"><p>  \u00d6mer Avni Mah. Hac\u0131 \u0130zzet Pa\u015fa Sk. No:26 D:3 Beyo\u011flu \/ \u0130STANBUL<\/p><\/a>\r\n                    <\/div>\r\n                    <\/div>\r\n                    <\/div>\r\n                    <\/div>\r\n\r\n                <\/div><div class=\"iletisimcard\">\r\n\r\n                    <div class=\"iletisimcard_single\" >\r\n                    <div class=\"row\">\r\n                    <div class=\"col-lg-3\"><img decoding=\"async\" src=\"https:\/\/www.dogrula.org\/wp-content\/uploads\/telefon.svg\" alt=\"Phone\" class=\"ilkelr-img\"><\/div>\r\n                    <div class=\"col-lg-9\">\r\n                    <h3>  Phone <\/h3>\r\n                    <div class=\"box-aciklama\">\r\n                      <a href=\"tel:+902128032125\"><p>  +90 (212) 803 21 25<\/p><\/a>\r\n                    <\/div>\r\n                    <\/div>\r\n                    <\/div>\r\n                    <\/div>\r\n\r\n                <\/div><div class=\"iletisimcard\">\r\n\r\n                    <div class=\"iletisimcard_single\" >\r\n                    <div class=\"row\">\r\n                    <div class=\"col-lg-3\"><img decoding=\"async\" src=\"https:\/\/www.dogrula.org\/wp-content\/uploads\/email-icon.svg\" alt=\"Email\" class=\"ilkelr-img\"><\/div>\r\n                    <div class=\"col-lg-9\">\r\n                    <h3>  Email <\/h3>\r\n                    <div class=\"box-aciklama\">\r\n                      <a href=\"mail:.info@dogrula.org\"><p>  info@dogrula.org<\/p><\/a>\r\n                    <\/div>\r\n                    <\/div>\r\n                    <\/div>\r\n                    <\/div>\r\n\r\n                <\/div><div class=\"iletisimcard\">\r\n\r\n                    <div class=\"iletisimcard_single\" >\r\n                    <div class=\"row\">\r\n                    <div class=\"col-lg-3\"><img decoding=\"async\" src=\"https:\/\/www.dogrula.org\/wp-content\/uploads\/whatsapp.png\" alt=\"WhatsApp Report Line\" class=\"ilkelr-img\"><\/div>\r\n                    <div class=\"col-lg-9\">\r\n                    <h3>  WhatsApp Report Line <\/h3>\r\n                    <div class=\"box-aciklama\">\r\n                      <a href=\"https:\/\/api.whatsapp.com\/send?phone=905331313301&text=Bilgi%20vermek%20istiyorum\"><p>  +90 533 131 33 01<\/p><\/a>\r\n                    <\/div>\r\n                    <\/div>\r\n                    <\/div>\r\n                    <\/div>\r\n\r\n                <\/div>[\/vc_column][\/vc_row][vc_row el_class=&#8221;bize-ulasin-section-2&#8243;][vc_column width=&#8221;1\/2&#8243;][vc_custom_heading text=&#8221;Contact Us.&#8221; use_theme_fonts=&#8221;yes&#8221;]\n<div class=\"wpcf7 no-js\" id=\"wpcf7-f86549-o1\" lang=\"tr-TR\" dir=\"ltr\">\n<div class=\"screen-reader-response\"><p role=\"status\" aria-live=\"polite\" aria-atomic=\"true\"><\/p> <ul><\/ul><\/div>\n<form action=\"\/en\/wp-json\/wp\/v2\/pages\/83909#wpcf7-f86549-o1\" method=\"post\" class=\"wpcf7-form init\" aria-label=\"Contact form\" novalidate=\"novalidate\" data-status=\"init\">\n<div style=\"display: none;\">\n<input type=\"hidden\" name=\"_wpcf7\" value=\"86549\" \/>\n<input type=\"hidden\" name=\"_wpcf7_version\" value=\"5.8\" \/>\n<input type=\"hidden\" name=\"_wpcf7_locale\" value=\"tr_TR\" \/>\n<input type=\"hidden\" name=\"_wpcf7_unit_tag\" value=\"wpcf7-f86549-o1\" \/>\n<input type=\"hidden\" name=\"_wpcf7_container_post\" value=\"0\" \/>\n<input type=\"hidden\" name=\"_wpcf7_posted_data_hash\" value=\"\" \/>\n<input type=\"hidden\" name=\"_wpcf7_recaptcha_response\" value=\"\" \/>\n<\/div>\n<div class=\"row\">\n\t<div class=\"col-lg-6\">\n\t\t<p><span class=\"wpcf7-form-control-wrap\" data-name=\"fullname\"><input size=\"40\" class=\"wpcf7-form-control wpcf7-text wpcf7-validates-as-required\" aria-required=\"true\" aria-invalid=\"false\" placeholder=\"Enter your name and surname.\" value=\"\" type=\"text\" name=\"fullname\" \/><\/span>\n\t\t<\/p>\n\t<\/div>\n\t<div class=\"col-lg-6\">\n\t\t<p><span class=\"wpcf7-form-control-wrap\" data-name=\"email\"><input size=\"40\" class=\"wpcf7-form-control wpcf7-email wpcf7-validates-as-required wpcf7-text wpcf7-validates-as-email\" aria-required=\"true\" aria-invalid=\"false\" placeholder=\"Enter your e-mail address.\" value=\"\" type=\"email\" name=\"email\" \/><\/span>\n\t\t<\/p>\n\t<\/div>\n\t<div class=\"col-lg-6\">\n\t\t<p><span class=\"wpcf7-form-control-wrap\" data-name=\"telefon\"><input size=\"40\" class=\"wpcf7-form-control wpcf7-tel wpcf7-validates-as-required wpcf7-text wpcf7-validates-as-tel\" aria-required=\"true\" aria-invalid=\"false\" placeholder=\"Enter your phone number.\" value=\"\" type=\"tel\" name=\"telefon\" \/><\/span>\n\t\t<\/p>\n\t<\/div>\n\t<div class=\"col-lg-6\">\n\t\t<p><span class=\"wpcf7-form-control-wrap\" data-name=\"konu\"><select class=\"wpcf7-form-control wpcf7-select\" aria-invalid=\"false\" name=\"konu\"><option value=\"Choose a subject.\">Choose a subject.<\/option><option value=\"I have a verification objection\">I have a verification objection<\/option><option value=\"I would like a correction on something\">I would like a correction on something<\/option><option value=\"I want to contact\">I want to contact<\/option><option value=\"Other\">Other<\/option><\/select><\/span>\n\t\t<\/p>\n\t<\/div>\n\t<div class=\"col-lg-12\">\n\t\t<p><span class=\"wpcf7-form-control-wrap\" data-name=\"mesaj\"><textarea cols=\"40\" rows=\"10\" class=\"wpcf7-form-control wpcf7-textarea\" aria-invalid=\"false\" placeholder=\"Add message.\" name=\"mesaj\"><\/textarea><\/span>\n\t\t<\/p>\n\t<\/div>\n\t<div class=\"form-input-area\">\n\t\t<div class=\"col-lg-6\">\n\t\t\t<p><span class=\"wpcf7-form-control-wrap\" data-name=\"onay\"><span class=\"wpcf7-form-control wpcf7-acceptance\"><span class=\"wpcf7-list-item\"><label><input type=\"checkbox\" name=\"onay\" value=\"1\" aria-invalid=\"false\" \/><span class=\"wpcf7-list-item-label\">I have read and accept the<a href=\"\/en\/privacy-policy\/\" target=\"_blank\"> Privacy Policy.<\/a><\/span><\/label><\/span><\/span><\/span>\n\t\t\t<\/p>\n\t\t<\/div>\n\t\t<div class=\"col-lg-6\">\n\t\t\t<p><input class=\"wpcf7-form-control wpcf7-submit has-spinner\" type=\"submit\" value=\"Send\" \/>\n\t\t\t<\/p>\n\t\t<\/div>\n\t<\/div>\n<\/div><div class=\"wpcf7-response-output\" aria-hidden=\"true\"><\/div>\n<\/form>\n<\/div>\n[\/vc_column][vc_column width=&#8221;1\/2&#8243;][vc_column_text]<\/p>\n<p><iframe loading=\"lazy\" style=\"border: 0;\" src=\"https:\/\/www.google.com\/maps\/embed?pb=!1m18!1m12!1m3!1d3009.4686012481516!2d28.9936027!3d41.03688049999999!2m3!1f0!2f0!3f0!3m2!1i1024!2i768!4f13.1!3m3!1m2!1s0x14cab770acb47c39%3A0xd7835d7ac59ad0cc!2zw5ZtZXIgQXZuaSwgSGFjxLEgxLB6emV0IFBhxZ9hIFNrLiBObzogMjYgRDozLCAzNDQyNyBCZXlvxJ9sdS_EsHN0YW5idWw!5e0!3m2!1str!2str!4v1653486192614!5m2!1str!2str\" width=\"100%\" height=\"670\" allowfullscreen=\"allowfullscreen\"><\/iframe><\/p>\n<p>[\/vc_column_text][\/vc_column][\/vc_row]<\/p>\n","protected":false},"excerpt":{"rendered":"<p>[vc_row el_class=&#8221;bize-ulasin-section-1&#8243;][vc_column][\/vc_column][\/vc_row][vc_row el_class=&#8221;bize-ulasin-section-2&#8243;][vc_column width=&#8221;1\/2&#8243;][vc_custom_heading text=&#8221;Contact Us.&#8221; use_theme_fonts=&#8221;yes&#8221;][\/vc_column][vc_column width=&#8221;1\/2&#8243;][vc_column_text] [\/vc_column_text][\/vc_column][\/vc_row]<\/p>\n","protected":false},"author":1,"featured_media":42699,"parent":0,"menu_order":0,"comment_status":"closed","ping_status":"closed","template":"page-kurumsal.php","meta":{"footnotes":""},"class_list":["post-83909","page","type-page","status-publish","has-post-thumbnail","hentry"],"acf":[],"yoast_head":"<!-- This site is optimized with the Yoast SEO plugin v21.1 - https:\/\/yoast.com\/wordpress\/plugins\/seo\/ -->\n<title>Contact Us - Do\u011frula<\/title>\n<meta name=\"robots\" content=\"index, follow, max-snippet:-1, max-image-preview:large, max-video-preview:-1\" \/>\n<link rel=\"canonical\" href=\"https:\/\/www.dogrula.org\/en\/contact-us\/\" \/>\n<meta property=\"og:locale\" content=\"en_US\" \/>\n<meta property=\"og:type\" content=\"article\" \/>\n<meta property=\"og:title\" content=\"Contact Us - Do\u011frula\" \/>\n<meta property=\"og:description\" content=\"[vc_row el_class=&#8221;bize-ulasin-section-1&#8243;][vc_column][\/vc_column][\/vc_row][vc_row el_class=&#8221;bize-ulasin-section-2&#8243;][vc_column width=&#8221;1\/2&#8243;][vc_custom_heading text=&#8221;Contact Us.&#8221; use_theme_fonts=&#8221;yes&#8221;][\/vc_column][vc_column width=&#8221;1\/2&#8243;][vc_column_text] [\/vc_column_text][\/vc_column][\/vc_row]\" \/>\n<meta property=\"og:url\" content=\"https:\/\/www.dogrula.org\/en\/contact-us\/\" \/>\n<meta property=\"og:site_name\" content=\"Do\u011frula\" \/>\n<meta property=\"article:modified_time\" content=\"2023-12-19T07:31:25+00:00\" \/>\n<meta property=\"og:image\" content=\"https:\/\/www.dogrula.org\/wp-content\/uploads\/Group-6.png\" \/>\n\t<meta property=\"og:image:width\" content=\"1440\" \/>\n\t<meta property=\"og:image:height\" content=\"450\" \/>\n\t<meta property=\"og:image:type\" content=\"image\/png\" \/>\n<meta name=\"twitter:card\" content=\"summary_large_image\" \/>\n<meta name=\"twitter:label1\" content=\"Est. reading time\" \/>\n\t<meta name=\"twitter:data1\" content=\"1 minute\" \/>\n<script type=\"application\/ld+json\" class=\"yoast-schema-graph\">{\"@context\":\"https:\/\/schema.org\",\"@graph\":[{\"@type\":\"WebPage\",\"@id\":\"https:\/\/www.dogrula.org\/en\/contact-us\/\",\"url\":\"https:\/\/www.dogrula.org\/en\/contact-us\/\",\"name\":\"Contact Us - Do\u011frula\",\"isPartOf\":{\"@id\":\"https:\/\/www.dogrula.org\/#website\"},\"datePublished\":\"2022-05-23T07:13:18+00:00\",\"dateModified\":\"2023-12-19T07:31:25+00:00\",\"breadcrumb\":{\"@id\":\"https:\/\/www.dogrula.org\/en\/contact-us\/#breadcrumb\"},\"inLanguage\":\"en-US\",\"potentialAction\":[{\"@type\":\"ReadAction\",\"target\":[\"https:\/\/www.dogrula.org\/en\/contact-us\/\"]}]},{\"@type\":\"BreadcrumbList\",\"@id\":\"https:\/\/www.dogrula.org\/en\/contact-us\/#breadcrumb\",\"itemListElement\":[{\"@type\":\"ListItem\",\"position\":1,\"name\":\"Anasayfa\",\"item\":\"https:\/\/www.dogrula.org\/en\/\"},{\"@type\":\"ListItem\",\"position\":2,\"name\":\"Contact Us\"}]},{\"@type\":\"WebSite\",\"@id\":\"https:\/\/www.dogrula.org\/#website\",\"url\":\"https:\/\/www.dogrula.org\/\",\"name\":\"Do\u011frula\",\"description\":\"Ger\u00e7e\u011fi Yakala\",\"publisher\":{\"@id\":\"https:\/\/www.dogrula.org\/#organization\"},\"potentialAction\":[{\"@type\":\"SearchAction\",\"target\":{\"@type\":\"EntryPoint\",\"urlTemplate\":\"https:\/\/www.dogrula.org\/?s={search_term_string}\"},\"query-input\":\"required name=search_term_string\"}],\"inLanguage\":\"en-US\"},{\"@type\":\"Organization\",\"@id\":\"https:\/\/www.dogrula.org\/#organization\",\"name\":\"Do\u011frula\",\"url\":\"https:\/\/www.dogrula.org\/\",\"logo\":{\"@type\":\"ImageObject\",\"inLanguage\":\"en-US\",\"@id\":\"https:\/\/www.dogrula.org\/#\/schema\/logo\/image\/\",\"url\":\"https:\/\/www.dogrula.org\/wp-content\/uploads\/logo-dogrula.svg\",\"contentUrl\":\"https:\/\/www.dogrula.org\/wp-content\/uploads\/logo-dogrula.svg\",\"caption\":\"Do\u011frula\"},\"image\":{\"@id\":\"https:\/\/www.dogrula.org\/#\/schema\/logo\/image\/\"}}]}<\/script>\n<!-- \/ Yoast SEO plugin. -->","yoast_head_json":{"title":"Contact Us - Do\u011frula","robots":{"index":"index","follow":"follow","max-snippet":"max-snippet:-1","max-image-preview":"max-image-preview:large","max-video-preview":"max-video-preview:-1"},"canonical":"https:\/\/www.dogrula.org\/en\/contact-us\/","og_locale":"en_US","og_type":"article","og_title":"Contact Us - Do\u011frula","og_description":"[vc_row el_class=&#8221;bize-ulasin-section-1&#8243;][vc_column][\/vc_column][\/vc_row][vc_row el_class=&#8221;bize-ulasin-section-2&#8243;][vc_column width=&#8221;1\/2&#8243;][vc_custom_heading text=&#8221;Contact Us.&#8221; use_theme_fonts=&#8221;yes&#8221;][\/vc_column][vc_column width=&#8221;1\/2&#8243;][vc_column_text] [\/vc_column_text][\/vc_column][\/vc_row]","og_url":"https:\/\/www.dogrula.org\/en\/contact-us\/","og_site_name":"Do\u011frula","article_modified_time":"2023-12-19T07:31:25+00:00","og_image":[{"width":1440,"height":450,"url":"https:\/\/www.dogrula.org\/wp-content\/uploads\/Group-6.png","type":"image\/png"}],"twitter_card":"summary_large_image","twitter_misc":{"Est. reading time":"1 minute"},"schema":{"@context":"https:\/\/schema.org","@graph":[{"@type":"WebPage","@id":"https:\/\/www.dogrula.org\/en\/contact-us\/","url":"https:\/\/www.dogrula.org\/en\/contact-us\/","name":"Contact Us - Do\u011frula","isPartOf":{"@id":"https:\/\/www.dogrula.org\/#website"},"datePublished":"2022-05-23T07:13:18+00:00","dateModified":"2023-12-19T07:31:25+00:00","breadcrumb":{"@id":"https:\/\/www.dogrula.org\/en\/contact-us\/#breadcrumb"},"inLanguage":"en-US","potentialAction":[{"@type":"ReadAction","target":["https:\/\/www.dogrula.org\/en\/contact-us\/"]}]},{"@type":"BreadcrumbList","@id":"https:\/\/www.dogrula.org\/en\/contact-us\/#breadcrumb","itemListElement":[{"@type":"ListItem","position":1,"name":"Anasayfa","item":"https:\/\/www.dogrula.org\/en\/"},{"@type":"ListItem","position":2,"name":"Contact Us"}]},{"@type":"WebSite","@id":"https:\/\/www.dogrula.org\/#website","url":"https:\/\/www.dogrula.org\/","name":"Do\u011frula","description":"Ger\u00e7e\u011fi Yakala","publisher":{"@id":"https:\/\/www.dogrula.org\/#organization"},"potentialAction":[{"@type":"SearchAction","target":{"@type":"EntryPoint","urlTemplate":"https:\/\/www.dogrula.org\/?s={search_term_string}"},"query-input":"required name=search_term_string"}],"inLanguage":"en-US"},{"@type":"Organization","@id":"https:\/\/www.dogrula.org\/#organization","name":"Do\u011frula","url":"https:\/\/www.dogrula.org\/","logo":{"@type":"ImageObject","inLanguage":"en-US","@id":"https:\/\/www.dogrula.org\/#\/schema\/logo\/image\/","url":"https:\/\/www.dogrula.org\/wp-content\/uploads\/logo-dogrula.svg","contentUrl":"https:\/\/www.dogrula.org\/wp-content\/uploads\/logo-dogrula.svg","caption":"Do\u011frula"},"image":{"@id":"https:\/\/www.dogrula.org\/#\/schema\/logo\/image\/"}}]}},"_links":{"self":[{"href":"https:\/\/www.dogrula.org\/en\/wp-json\/wp\/v2\/pages\/83909","targetHints":{"allow":["GET"]}}],"collection":[{"href":"https:\/\/www.dogrula.org\/en\/wp-json\/wp\/v2\/pages"}],"about":[{"href":"https:\/\/www.dogrula.org\/en\/wp-json\/wp\/v2\/types\/page"}],"author":[{"embeddable":true,"href":"https:\/\/www.dogrula.org\/en\/wp-json\/wp\/v2\/users\/1"}],"replies":[{"embeddable":true,"href":"https:\/\/www.dogrula.org\/en\/wp-json\/wp\/v2\/comments?post=83909"}],"version-history":[{"count":4,"href":"https:\/\/www.dogrula.org\/en\/wp-json\/wp\/v2\/pages\/83909\/revisions"}],"predecessor-version":[{"id":86575,"href":"https:\/\/www.dogrula.org\/en\/wp-json\/wp\/v2\/pages\/83909\/revisions\/86575"}],"wp:featuredmedia":[{"embeddable":true,"href":"https:\/\/www.dogrula.org\/en\/wp-json\/wp\/v2\/media\/42699"}],"wp:attachment":[{"href":"https:\/\/www.dogrula.org\/en\/wp-json\/wp\/v2\/media?parent=83909"}],"curies":[{"name":"wp","href":"https:\/\/api.w.org\/{rel}","templated":true}]}}