{"id":83907,"date":"2022-06-08T08:02:59","date_gmt":"2022-06-08T05:02:59","guid":{"rendered":"https:\/\/www.dogrula.org\/ekipten\/"},"modified":"2023-12-20T09:05:38","modified_gmt":"2023-12-20T06:05:38","slug":"by-the-team","status":"publish","type":"page","link":"https:\/\/www.dogrula.org\/en\/by-the-team\/","title":{"rendered":"By the Team"},"content":{"rendered":"<p>[vc_row el_class=&#8221;kategori-section&#8221;][vc_column][vc_column_text]\n              <div class=\"kategori-section-slider container-fluid\">\n                  <div class=\"swiper kategoriler\">\n                     <div class=\"swiper-wrapper\">\n                      \n                      <\/div>\n                        <div class=\"genel-pg\">\n                          <div class=\"swiper-pagination\"><\/div>\n                          <div class=\"swiper-button-prev\"><\/div>\n                          <div class=\"swiper-button-next\"><\/div>\n                        <\/div>\n                    <\/div>\n\n                    <\/div>\n\n\n                <div class=\"container-fluid yz-featured-posts\">\n                  <div class=\"row\"> <\/div>\n                  <div class=\"nav-full\"><div class=\"nav-full-item\"><\/div><\/div>\n                [\/vc_column_text][\/vc_column][\/vc_row]<\/p>\n","protected":false},"excerpt":{"rendered":"<p>[vc_row el_class=&#8221;kategori-section&#8221;][vc_column][vc_column_text][\/vc_column_text][\/vc_column][\/vc_row]<\/p>\n","protected":false},"author":1,"featured_media":0,"parent":0,"menu_order":0,"comment_status":"closed","ping_status":"closed","template":"","meta":{"footnotes":""},"class_list":["post-83907","page","type-page","status-publish","hentry"],"acf":[],"yoast_head":"<!-- This site is optimized with the Yoast SEO plugin v21.1 - https:\/\/yoast.com\/wordpress\/plugins\/seo\/ -->\n<title>By the Team - Do\u011frula<\/title>\n<meta name=\"robots\" content=\"index, follow, max-snippet:-1, max-image-preview:large, max-video-preview:-1\" \/>\n<link rel=\"canonical\" href=\"https:\/\/www.dogrula.org\/en\/by-the-team\/\" \/>\n<meta property=\"og:locale\" content=\"en_US\" \/>\n<meta property=\"og:type\" content=\"article\" \/>\n<meta property=\"og:title\" content=\"By the Team - Do\u011frula\" \/>\n<meta property=\"og:description\" content=\"[vc_row el_class=&#8221;kategori-section&#8221;][vc_column][vc_column_text][\/vc_column_text][\/vc_column][\/vc_row]\" \/>\n<meta property=\"og:url\" content=\"https:\/\/www.dogrula.org\/en\/by-the-team\/\" \/>\n<meta property=\"og:site_name\" content=\"Do\u011frula\" \/>\n<meta property=\"article:modified_time\" content=\"2023-12-20T06:05:38+00:00\" \/>\n<meta property=\"og:image\" content=\"https:\/\/www.dogrula.org\/wp-content\/uploads\/logo-xl.png\" \/>\n\t<meta property=\"og:image:width\" content=\"500\" \/>\n\t<meta property=\"og:image:height\" content=\"90\" \/>\n\t<meta property=\"og:image:type\" content=\"image\/png\" \/>\n<meta name=\"twitter:card\" content=\"summary_large_image\" \/>\n<meta name=\"twitter:label1\" content=\"Est. reading time\" \/>\n\t<meta name=\"twitter:data1\" content=\"1 minute\" \/>\n<script type=\"application\/ld+json\" class=\"yoast-schema-graph\">{\"@context\":\"https:\/\/schema.org\",\"@graph\":[{\"@type\":\"WebPage\",\"@id\":\"https:\/\/www.dogrula.org\/en\/by-the-team\/\",\"url\":\"https:\/\/www.dogrula.org\/en\/by-the-team\/\",\"name\":\"By the Team - Do\u011frula\",\"isPartOf\":{\"@id\":\"https:\/\/www.dogrula.org\/#website\"},\"datePublished\":\"2022-06-08T05:02:59+00:00\",\"dateModified\":\"2023-12-20T06:05:38+00:00\",\"breadcrumb\":{\"@id\":\"https:\/\/www.dogrula.org\/en\/by-the-team\/#breadcrumb\"},\"inLanguage\":\"en-US\",\"potentialAction\":[{\"@type\":\"ReadAction\",\"target\":[\"https:\/\/www.dogrula.org\/en\/by-the-team\/\"]}]},{\"@type\":\"BreadcrumbList\",\"@id\":\"https:\/\/www.dogrula.org\/en\/by-the-team\/#breadcrumb\",\"itemListElement\":[{\"@type\":\"ListItem\",\"position\":1,\"name\":\"Anasayfa\",\"item\":\"https:\/\/www.dogrula.org\/en\/\"},{\"@type\":\"ListItem\",\"position\":2,\"name\":\"By the Team\"}]},{\"@type\":\"WebSite\",\"@id\":\"https:\/\/www.dogrula.org\/#website\",\"url\":\"https:\/\/www.dogrula.org\/\",\"name\":\"Do\u011frula\",\"description\":\"Ger\u00e7e\u011fi Yakala\",\"publisher\":{\"@id\":\"https:\/\/www.dogrula.org\/#organization\"},\"potentialAction\":[{\"@type\":\"SearchAction\",\"target\":{\"@type\":\"EntryPoint\",\"urlTemplate\":\"https:\/\/www.dogrula.org\/?s={search_term_string}\"},\"query-input\":\"required name=search_term_string\"}],\"inLanguage\":\"en-US\"},{\"@type\":\"Organization\",\"@id\":\"https:\/\/www.dogrula.org\/#organization\",\"name\":\"Do\u011frula\",\"url\":\"https:\/\/www.dogrula.org\/\",\"logo\":{\"@type\":\"ImageObject\",\"inLanguage\":\"en-US\",\"@id\":\"https:\/\/www.dogrula.org\/#\/schema\/logo\/image\/\",\"url\":\"https:\/\/www.dogrula.org\/wp-content\/uploads\/logo-dogrula.svg\",\"contentUrl\":\"https:\/\/www.dogrula.org\/wp-content\/uploads\/logo-dogrula.svg\",\"caption\":\"Do\u011frula\"},\"image\":{\"@id\":\"https:\/\/www.dogrula.org\/#\/schema\/logo\/image\/\"}}]}<\/script>\n<!-- \/ Yoast SEO plugin. -->","yoast_head_json":{"title":"By the Team - Do\u011frula","robots":{"index":"index","follow":"follow","max-snippet":"max-snippet:-1","max-image-preview":"max-image-preview:large","max-video-preview":"max-video-preview:-1"},"canonical":"https:\/\/www.dogrula.org\/en\/by-the-team\/","og_locale":"en_US","og_type":"article","og_title":"By the Team - Do\u011frula","og_description":"[vc_row el_class=&#8221;kategori-section&#8221;][vc_column][vc_column_text][\/vc_column_text][\/vc_column][\/vc_row]","og_url":"https:\/\/www.dogrula.org\/en\/by-the-team\/","og_site_name":"Do\u011frula","article_modified_time":"2023-12-20T06:05:38+00:00","og_image":[{"width":500,"height":90,"url":"https:\/\/www.dogrula.org\/wp-content\/uploads\/logo-xl.png","type":"image\/png"}],"twitter_card":"summary_large_image","twitter_misc":{"Est. reading time":"1 minute"},"schema":{"@context":"https:\/\/schema.org","@graph":[{"@type":"WebPage","@id":"https:\/\/www.dogrula.org\/en\/by-the-team\/","url":"https:\/\/www.dogrula.org\/en\/by-the-team\/","name":"By the Team - Do\u011frula","isPartOf":{"@id":"https:\/\/www.dogrula.org\/#website"},"datePublished":"2022-06-08T05:02:59+00:00","dateModified":"2023-12-20T06:05:38+00:00","breadcrumb":{"@id":"https:\/\/www.dogrula.org\/en\/by-the-team\/#breadcrumb"},"inLanguage":"en-US","potentialAction":[{"@type":"ReadAction","target":["https:\/\/www.dogrula.org\/en\/by-the-team\/"]}]},{"@type":"BreadcrumbList","@id":"https:\/\/www.dogrula.org\/en\/by-the-team\/#breadcrumb","itemListElement":[{"@type":"ListItem","position":1,"name":"Anasayfa","item":"https:\/\/www.dogrula.org\/en\/"},{"@type":"ListItem","position":2,"name":"By the Team"}]},{"@type":"WebSite","@id":"https:\/\/www.dogrula.org\/#website","url":"https:\/\/www.dogrula.org\/","name":"Do\u011frula","description":"Ger\u00e7e\u011fi Yakala","publisher":{"@id":"https:\/\/www.dogrula.org\/#organization"},"potentialAction":[{"@type":"SearchAction","target":{"@type":"EntryPoint","urlTemplate":"https:\/\/www.dogrula.org\/?s={search_term_string}"},"query-input":"required name=search_term_string"}],"inLanguage":"en-US"},{"@type":"Organization","@id":"https:\/\/www.dogrula.org\/#organization","name":"Do\u011frula","url":"https:\/\/www.dogrula.org\/","logo":{"@type":"ImageObject","inLanguage":"en-US","@id":"https:\/\/www.dogrula.org\/#\/schema\/logo\/image\/","url":"https:\/\/www.dogrula.org\/wp-content\/uploads\/logo-dogrula.svg","contentUrl":"https:\/\/www.dogrula.org\/wp-content\/uploads\/logo-dogrula.svg","caption":"Do\u011frula"},"image":{"@id":"https:\/\/www.dogrula.org\/#\/schema\/logo\/image\/"}}]}},"_links":{"self":[{"href":"https:\/\/www.dogrula.org\/en\/wp-json\/wp\/v2\/pages\/83907","targetHints":{"allow":["GET"]}}],"collection":[{"href":"https:\/\/www.dogrula.org\/en\/wp-json\/wp\/v2\/pages"}],"about":[{"href":"https:\/\/www.dogrula.org\/en\/wp-json\/wp\/v2\/types\/page"}],"author":[{"embeddable":true,"href":"https:\/\/www.dogrula.org\/en\/wp-json\/wp\/v2\/users\/1"}],"replies":[{"embeddable":true,"href":"https:\/\/www.dogrula.org\/en\/wp-json\/wp\/v2\/comments?post=83907"}],"version-history":[{"count":4,"href":"https:\/\/www.dogrula.org\/en\/wp-json\/wp\/v2\/pages\/83907\/revisions"}],"predecessor-version":[{"id":86602,"href":"https:\/\/www.dogrula.org\/en\/wp-json\/wp\/v2\/pages\/83907\/revisions\/86602"}],"wp:attachment":[{"href":"https:\/\/www.dogrula.org\/en\/wp-json\/wp\/v2\/media?parent=83907"}],"curies":[{"name":"wp","href":"https:\/\/api.w.org\/{rel}","templated":true}]}}