{"id":86554,"date":"2022-05-23T10:13:04","date_gmt":"2022-05-23T07:13:04","guid":{"rendered":"https:\/\/www.dogrula.org\/?page_id=86554"},"modified":"2023-12-18T14:16:31","modified_gmt":"2023-12-18T11:16:31","slug":"financial-resources-ar","status":"publish","type":"page","link":"https:\/\/www.dogrula.org\/ar\/financial-resources-ar\/","title":{"rendered":"\u0627\u0644\u0645\u0648\u0627\u0631\u062f \u0627\u0644\u0645\u0627\u0644\u064a\u0629"},"content":{"rendered":"<p>[vc_row el_class=&#8221;finansal-kaynaklar-section-1&#8243;][vc_column width=&#8221;2\/5&#8243;][vc_single_image image=&#8221;1596&#8243; img_size=&#8221;full&#8221;][\/vc_column][vc_column width=&#8221;3\/5&#8243;][vc_custom_heading text=&#8221;Finansal Gelir Prensipleri&#8221; use_theme_fonts=&#8221;yes&#8221;][vc_column_text]Do\u011frula organizasyonu; siyasi partiler ve siyasi bir tarafa do\u011frudan yak\u0131nl\u0131\u011f\u0131 ve ba\u011flant\u0131s\u0131 olan kurum, STK ve ki\u015filerden ba\u011f\u0131\u015f, proje sponsorlu\u011fu ve proje deste\u011fi talep etmez. Talep kar\u015f\u0131 taraftan gelirse de reddeder.<\/p>\n<p>Do\u011frula, analizlerini ba\u011f\u0131\u015f\u00e7\u0131 ve destek\u00e7i kurulu\u015flar\u0131n \u00e7\u0131kar ve zararlar\u0131n\u0131 g\u00f6zetmeden ele al\u0131r. Hi\u00e7bir destek\u00e7inin analizlerine m\u00fcdahale etmesine, talepte dahi bulunmas\u0131na asla izin vermez. B\u00f6yle bir durumla kar\u015f\u0131la\u015f\u0131ld\u0131\u011f\u0131 takdirde Do\u011frula, destek\u00e7iyle kurumsal i\u015fbirli\u011fini keser.[\/vc_column_text][vc_btn title=&#8221;Finansal Tablo&#8221; style=&#8221;custom&#8221; custom_background=&#8221;#0a446a&#8221; custom_text=&#8221;#ffffff&#8221; i_align=&#8221;right&#8221; i_icon_fontawesome=&#8221;far fa-file-pdf&#8221; add_icon=&#8221;true&#8221; css=&#8221;.vc_custom_1694523007192{border-radius: 10px !important;}&#8221; link=&#8221;url:https%3A%2F%2Fwww.dogrula.org%2Fwp-content%2Fuploads%2Fweb-finansal-tablo.pdf|target:_blank&#8221;][\/vc_column][\/vc_row][vc_row full_width=&#8221;stretch_row&#8221; el_class=&#8221;finansal-kaynaklar-section-2&#8243;][vc_column][vc_column_text]\n\n\n    <ul class=\"nav nav-tabs timeline-tab\" role=\"tablist\">\n      <li class=\"nav-item\">\n        <a class=\"nav-link active\" data-toggle=\"tab\" href=\"#tabs-1\" role=\"tab\"><img decoding=\"async\" src=\"\/wp-content\/uploads\/2021-hover.svg\" class=\"image-active\"><img decoding=\"async\" src=\"\/wp-content\/uploads\/2021-2.svg\" class=\"image-normal\"><p class=\"histroy-tarih\">2021<\/p><\/a>\n      <\/li>\n      <li class=\"nav-item\">\n        <a class=\"nav-link nav-sction\" data-toggle=\"tab\" href=\"#tabs-2\" role=\"tab\"><img decoding=\"async\" src=\"\/wp-content\/uploads\/2022.svg\" class=\"image-normal\"><img decoding=\"async\" src=\"\/wp-content\/uploads\/2022-1.svg\" class=\"image-active\"><p class=\"histroy-tarih\">2022<\/p><\/a>\n      <\/li>\n      <li class=\"nav-item\">\n      <a class=\"nav-link nav-sction\" data-toggle=\"tab\" href=\"#tabs-3\" role=\"tab\"><img decoding=\"async\" src=\"\/wp-content\/uploads\/2022.svg\" class=\"image-normal\"><img decoding=\"async\" src=\"\/wp-content\/uploads\/2022-1.svg\" class=\"image-active\"><p class=\"histroy-tarih\">2023<\/p><\/a>\n    <\/li>\n     <li class=\"nav-item\">\n      <a class=\"nav-link nav-sction\" data-toggle=\"tab\" href=\"#tabs-4\" role=\"tab\"><img decoding=\"async\" src=\"\/wp-content\/uploads\/2022.svg\" class=\"image-normal\"><img decoding=\"async\" src=\"\/wp-content\/uploads\/2022-1.svg\" class=\"image-active\"><p class=\"histroy-tarih\">2024<\/p><\/a>\n    <\/li>\n    <\/ul><!-- Tab panes -->\n    <div class=\"tab-content timeline-tab\">\n      <div class=\"tab-pane active\" id=\"tabs-1\" role=\"tabpanel\">\n        <ul class=\"timeline\">\n          \n                    <li>\n                      <div class=\"timeline-badge\"><\/div>\n                      <div class=\"timeline-panel\">\n                      <div class=\"row\">\n                          <div class=\"col-lg-10\">\n                          <div class=\"timeline-heading\">\n                            <h4 class=\"timeline-title\">\u062a\u0648\u0631\u0643 \u0633\u064a\u0644<\/h4>\n                          <\/div>\n                          <div class=\"timeline-body\">\n                            <p>\u0627\u0644\u062a\u0648\u0636\u064a\u062d: \u062a\u0644\u0642\u064a\u0646\u0627 \u062f\u0639 \u064b\u0645\u0627 \u0630\u0627\u062a\u064a\u064b\u0627 \u0628\u0642\u064a\u0645\u0629 250,000 \u0644\u064a\u0631\u0629 \u062a\u0631\u0643\u064a\u0629 \u0636\u0645\u0646 \u0625\u0637\u0627\u0631 \u0627\u0644\u0645\u0633\u0624\u0648\u0644\u064a\u0629 \u0627\u0627\u0644\u062c\u062a\u0645\u0627\u0639\u064a\u0629 \u0645\u0646 \u062e\u0627\u0644\u0644 \u0637\u0644\u0628 \u0645\u0634\u0631\u0648\u0639 \u0628\u0639\u0646\u0648\u0627\u0646 \"\u062f\u0648\u063a\u0631\u0648\u0627\u0644.\u0623\u0648\u0631\u063a\u060c \u0645\u0646\u0638\u0645\u0629 \u0627\u0644\u062a\u062d\u0642\u0642 \u0627\u0644\u0645\u0633\u062a\u0642\u0644\u0629\"\u060c \u0648\u0647\u0648 \u0645\u0634\u0631\u0648\u0639 \u062a\u0627\u0628\u0639 \u0644\u062c\u0645\u0639\u064a\u0629 \u0623\u0628\u062d\u0627\u062b \u0627\u0644\u0645\u062c\u062a\u0645\u0639 \u0627\u0644\u0631\u0642\u0645\u064a. \u0648\u0628\u0647\u0630\u0627 \u0627\u0644\u062f\u062e\u0644\u060c \u062a\u0645\u062a \u062a\u063a\u0637\u064a\u0629 \u0646\u0641\u0642\u0627\u062a \u0627\u0633\u0645 \u062f\u0648\u063a\u0631\u0648\u0627\u0644 \u0648\u062a\u0643\u0627\u0644\u064a\u0641 \u0625\u0639\u062f\u0627\u062f \u0627\u0644\u0645\u0643\u062a\u0628 \u0641\u064a \u0627\u0633\u0637\u0646\u0628\u0648\u0644.<\/p>\n                          <\/div>\n                          <\/div>\n                          <div class=\"col-lg-2\">\n                          <p class=\"ay\"><small class=\"ay-dogrula\"><i class=\"glyphicon glyphicon-time\"><\/i> \u0641\u0628\u0631\u0627\u064a\u0631<\/small><\/p>\n                          <p class=\"yil\"><small class=\"yil-dogrula\"><i class=\"glyphicon glyphicon-time\"><\/i> 2021<\/small><\/p>\n                          <\/div>\n                        <\/div>\n                      <\/div>\n                    <\/li>\n\n                        \n          <li class=\"timeline-inverted\">\n            <div class=\"timeline-badge\"><\/div>\n            <div class=\"timeline-panel\">\n              <div class=\"row\">\n              <div class=\"col-lg-2 tarih-sol\">\n              <p class=\"ay\"><small class=\"ay-dogrula\"><i class=\"glyphicon glyphicon-time\"><\/i> \u0641\u0628\u0631\u0627\u064a\u0631<\/small><\/p>\n              <p class=\"yil\"><small class=\"yil-dogrula\"><i class=\"glyphicon glyphicon-time\"><\/i> 2021<\/small><\/p>              <\/div>\n                <div class=\"col-lg-10\">\n                  <div class=\"timeline-heading\">\n                    <h4 class=\"timeline-title\">\u062a\u0648\u0631\u0643 \u0633\u064a\u0644<\/h4>\n                  <\/div>\n                  <div class=\"timeline-body\">\n                    <p>\u0627\u0644\u062a\u0648\u0636\u064a\u062d: \u062a\u0644\u0642\u064a\u0646\u0627 \u062f\u0639 \u064b\u0645\u0627 \u0630\u0627\u062a\u064a\u064b\u0627 \u0628\u0642\u064a\u0645\u0629 250,000 \u0644\u064a\u0631\u0629 \u062a\u0631\u0643\u064a\u0629 \u0636\u0645\u0646 \u0625\u0637\u0627\u0631 \u0627\u0644\u0645\u0633\u0624\u0648\u0644\u064a\u0629 \u0627\u0627\u0644\u062c\u062a\u0645\u0627\u0639\u064a\u0629 \u0645\u0646 \u062e\u0627\u0644\u0644 \u0637\u0644\u0628 \u0645\u0634\u0631\u0648\u0639 \u0628\u0639\u0646\u0648\u0627\u0646 \"\u062f\u0648\u063a\u0631\u0648\u0627\u0644.\u0623\u0648\u0631\u063a\u060c \u0645\u0646\u0638\u0645\u0629 \u0627\u0644\u062a\u062d\u0642\u0642 \u0627\u0644\u0645\u0633\u062a\u0642\u0644\u0629\"\u060c \u0648\u0647\u0648 \u0645\u0634\u0631\u0648\u0639 \u062a\u0627\u0628\u0639 \u0644\u062c\u0645\u0639\u064a\u0629 \u0623\u0628\u062d\u0627\u062b \u0627\u0644\u0645\u062c\u062a\u0645\u0639 \u0627\u0644\u0631\u0642\u0645\u064a. \u0648\u0628\u0647\u0630\u0627 \u0627\u0644\u062f\u062e\u0644\u060c \u062a\u0645\u062a \u062a\u063a\u0637\u064a\u0629 \u0646\u0641\u0642\u0627\u062a \u0627\u0633\u0645 \u062f\u0648\u063a\u0631\u0648\u0627\u0644 \u0648\u062a\u0643\u0627\u0644\u064a\u0641 \u0625\u0639\u062f\u0627\u062f \u0627\u0644\u0645\u0643\u062a\u0628 \u0641\u064a \u0627\u0633\u0637\u0646\u0628\u0648\u0644.<\/p>\n                  <\/div>\n                <\/div>\n\n                <\/div>\n            <\/div>\n          <\/li>\n          \n          <\/ul>\n      <\/div>\n      <div class=\"tab-pane\" id=\"tabs-2\" role=\"tabpanel\">\n        <ul class=\"timeline\">\n        \n        <\/ul>\n      <\/div>\n      <div class=\"tab-pane\" id=\"tabs-3\" role=\"tabpanel\">\n      <ul class=\"timeline\">\n      \n      <\/ul>\n    <\/div>\n      <div class=\"tab-pane\" id=\"tabs-4\" role=\"tabpanel\">\n      <ul class=\"timeline\">\n      \n      <\/ul>\n    <\/div>\n    <\/div>\n              [\/vc_column_text][\/vc_column][\/vc_row]<\/p>\n","protected":false},"excerpt":{"rendered":"<p>[vc_row el_class=&#8221;finansal-kaynaklar-section-1&#8243;][vc_column width=&#8221;2\/5&#8243;][vc_single_image image=&#8221;1596&#8243; img_size=&#8221;full&#8221;][\/vc_column][vc_column width=&#8221;3\/5&#8243;][vc_custom_heading text=&#8221;Finansal Gelir Prensipleri&#8221; use_theme_fonts=&#8221;yes&#8221;][vc_column_text]Do\u011frula organizasyonu; siyasi partiler ve siyasi bir [&hellip;]<\/p>\n","protected":false},"author":2,"featured_media":42698,"parent":0,"menu_order":0,"comment_status":"closed","ping_status":"closed","template":"page-kurumsal.php","meta":{"footnotes":""},"class_list":["post-86554","page","type-page","status-publish","has-post-thumbnail","hentry"],"acf":[],"yoast_head":"<!-- This site is optimized with the Yoast SEO plugin v21.1 - https:\/\/yoast.com\/wordpress\/plugins\/seo\/ -->\n<title>\u0627\u0644\u0645\u0648\u0627\u0631\u062f \u0627\u0644\u0645\u0627\u0644\u064a\u0629 - Do\u011frula<\/title>\n<meta name=\"robots\" content=\"index, follow, max-snippet:-1, max-image-preview:large, max-video-preview:-1\" \/>\n<link rel=\"canonical\" href=\"https:\/\/www.dogrula.org\/ar\/financial-resources-ar\/\" \/>\n<meta property=\"og:locale\" content=\"ar_AR\" \/>\n<meta property=\"og:type\" content=\"article\" \/>\n<meta property=\"og:title\" content=\"\u0627\u0644\u0645\u0648\u0627\u0631\u062f \u0627\u0644\u0645\u0627\u0644\u064a\u0629 - Do\u011frula\" \/>\n<meta property=\"og:description\" content=\"[vc_row el_class=&#8221;finansal-kaynaklar-section-1&#8243;][vc_column width=&#8221;2\/5&#8243;][vc_single_image image=&#8221;1596&#8243; img_size=&#8221;full&#8221;][\/vc_column][vc_column width=&#8221;3\/5&#8243;][vc_custom_heading text=&#8221;Finansal Gelir Prensipleri&#8221; use_theme_fonts=&#8221;yes&#8221;][vc_column_text]Do\u011frula organizasyonu; siyasi partiler ve siyasi bir [&hellip;]\" \/>\n<meta property=\"og:url\" content=\"https:\/\/www.dogrula.org\/ar\/financial-resources-ar\/\" \/>\n<meta property=\"og:site_name\" content=\"Do\u011frula\" \/>\n<meta property=\"article:modified_time\" content=\"2023-12-18T11:16:31+00:00\" \/>\n<meta property=\"og:image\" content=\"https:\/\/www.dogrula.org\/wp-content\/uploads\/Group-6.png\" \/>\n\t<meta property=\"og:image:width\" content=\"1440\" \/>\n\t<meta property=\"og:image:height\" content=\"450\" \/>\n\t<meta property=\"og:image:type\" content=\"image\/png\" \/>\n<meta name=\"twitter:card\" content=\"summary_large_image\" \/>\n<meta name=\"twitter:label1\" content=\"\u0648\u0642\u062a \u0627\u0644\u0642\u0631\u0627\u0621\u0629 \u0627\u0644\u0645\u064f\u0642\u062f\u0651\u0631\" \/>\n\t<meta name=\"twitter:data1\" content=\"1 \u062f\u0642\u064a\u0642\u0629\" \/>\n<script type=\"application\/ld+json\" class=\"yoast-schema-graph\">{\"@context\":\"https:\/\/schema.org\",\"@graph\":[{\"@type\":\"WebPage\",\"@id\":\"https:\/\/www.dogrula.org\/ar\/financial-resources-ar\/\",\"url\":\"https:\/\/www.dogrula.org\/ar\/financial-resources-ar\/\",\"name\":\"\u0627\u0644\u0645\u0648\u0627\u0631\u062f \u0627\u0644\u0645\u0627\u0644\u064a\u0629 - Do\u011frula\",\"isPartOf\":{\"@id\":\"https:\/\/www.dogrula.org\/#website\"},\"datePublished\":\"2022-05-23T07:13:04+00:00\",\"dateModified\":\"2023-12-18T11:16:31+00:00\",\"breadcrumb\":{\"@id\":\"https:\/\/www.dogrula.org\/ar\/financial-resources-ar\/#breadcrumb\"},\"inLanguage\":\"ar\",\"potentialAction\":[{\"@type\":\"ReadAction\",\"target\":[\"https:\/\/www.dogrula.org\/ar\/financial-resources-ar\/\"]}]},{\"@type\":\"BreadcrumbList\",\"@id\":\"https:\/\/www.dogrula.org\/ar\/financial-resources-ar\/#breadcrumb\",\"itemListElement\":[{\"@type\":\"ListItem\",\"position\":1,\"name\":\"Anasayfa\",\"item\":\"https:\/\/www.dogrula.org\/ar\/\"},{\"@type\":\"ListItem\",\"position\":2,\"name\":\"\u0627\u0644\u0645\u0648\u0627\u0631\u062f \u0627\u0644\u0645\u0627\u0644\u064a\u0629\"}]},{\"@type\":\"WebSite\",\"@id\":\"https:\/\/www.dogrula.org\/#website\",\"url\":\"https:\/\/www.dogrula.org\/\",\"name\":\"Do\u011frula\",\"description\":\"Ger\u00e7e\u011fi Yakala\",\"publisher\":{\"@id\":\"https:\/\/www.dogrula.org\/#organization\"},\"potentialAction\":[{\"@type\":\"SearchAction\",\"target\":{\"@type\":\"EntryPoint\",\"urlTemplate\":\"https:\/\/www.dogrula.org\/?s={search_term_string}\"},\"query-input\":\"required name=search_term_string\"}],\"inLanguage\":\"ar\"},{\"@type\":\"Organization\",\"@id\":\"https:\/\/www.dogrula.org\/#organization\",\"name\":\"Do\u011frula\",\"url\":\"https:\/\/www.dogrula.org\/\",\"logo\":{\"@type\":\"ImageObject\",\"inLanguage\":\"ar\",\"@id\":\"https:\/\/www.dogrula.org\/#\/schema\/logo\/image\/\",\"url\":\"https:\/\/www.dogrula.org\/wp-content\/uploads\/logo-dogrula.svg\",\"contentUrl\":\"https:\/\/www.dogrula.org\/wp-content\/uploads\/logo-dogrula.svg\",\"caption\":\"Do\u011frula\"},\"image\":{\"@id\":\"https:\/\/www.dogrula.org\/#\/schema\/logo\/image\/\"}}]}<\/script>\n<!-- \/ Yoast SEO plugin. -->","yoast_head_json":{"title":"\u0627\u0644\u0645\u0648\u0627\u0631\u062f \u0627\u0644\u0645\u0627\u0644\u064a\u0629 - Do\u011frula","robots":{"index":"index","follow":"follow","max-snippet":"max-snippet:-1","max-image-preview":"max-image-preview:large","max-video-preview":"max-video-preview:-1"},"canonical":"https:\/\/www.dogrula.org\/ar\/financial-resources-ar\/","og_locale":"ar_AR","og_type":"article","og_title":"\u0627\u0644\u0645\u0648\u0627\u0631\u062f \u0627\u0644\u0645\u0627\u0644\u064a\u0629 - Do\u011frula","og_description":"[vc_row el_class=&#8221;finansal-kaynaklar-section-1&#8243;][vc_column width=&#8221;2\/5&#8243;][vc_single_image image=&#8221;1596&#8243; img_size=&#8221;full&#8221;][\/vc_column][vc_column width=&#8221;3\/5&#8243;][vc_custom_heading text=&#8221;Finansal Gelir Prensipleri&#8221; use_theme_fonts=&#8221;yes&#8221;][vc_column_text]Do\u011frula organizasyonu; siyasi partiler ve siyasi bir [&hellip;]","og_url":"https:\/\/www.dogrula.org\/ar\/financial-resources-ar\/","og_site_name":"Do\u011frula","article_modified_time":"2023-12-18T11:16:31+00:00","og_image":[{"width":1440,"height":450,"url":"https:\/\/www.dogrula.org\/wp-content\/uploads\/Group-6.png","type":"image\/png"}],"twitter_card":"summary_large_image","twitter_misc":{"\u0648\u0642\u062a \u0627\u0644\u0642\u0631\u0627\u0621\u0629 \u0627\u0644\u0645\u064f\u0642\u062f\u0651\u0631":"1 \u062f\u0642\u064a\u0642\u0629"},"schema":{"@context":"https:\/\/schema.org","@graph":[{"@type":"WebPage","@id":"https:\/\/www.dogrula.org\/ar\/financial-resources-ar\/","url":"https:\/\/www.dogrula.org\/ar\/financial-resources-ar\/","name":"\u0627\u0644\u0645\u0648\u0627\u0631\u062f \u0627\u0644\u0645\u0627\u0644\u064a\u0629 - Do\u011frula","isPartOf":{"@id":"https:\/\/www.dogrula.org\/#website"},"datePublished":"2022-05-23T07:13:04+00:00","dateModified":"2023-12-18T11:16:31+00:00","breadcrumb":{"@id":"https:\/\/www.dogrula.org\/ar\/financial-resources-ar\/#breadcrumb"},"inLanguage":"ar","potentialAction":[{"@type":"ReadAction","target":["https:\/\/www.dogrula.org\/ar\/financial-resources-ar\/"]}]},{"@type":"BreadcrumbList","@id":"https:\/\/www.dogrula.org\/ar\/financial-resources-ar\/#breadcrumb","itemListElement":[{"@type":"ListItem","position":1,"name":"Anasayfa","item":"https:\/\/www.dogrula.org\/ar\/"},{"@type":"ListItem","position":2,"name":"\u0627\u0644\u0645\u0648\u0627\u0631\u062f \u0627\u0644\u0645\u0627\u0644\u064a\u0629"}]},{"@type":"WebSite","@id":"https:\/\/www.dogrula.org\/#website","url":"https:\/\/www.dogrula.org\/","name":"Do\u011frula","description":"Ger\u00e7e\u011fi Yakala","publisher":{"@id":"https:\/\/www.dogrula.org\/#organization"},"potentialAction":[{"@type":"SearchAction","target":{"@type":"EntryPoint","urlTemplate":"https:\/\/www.dogrula.org\/?s={search_term_string}"},"query-input":"required name=search_term_string"}],"inLanguage":"ar"},{"@type":"Organization","@id":"https:\/\/www.dogrula.org\/#organization","name":"Do\u011frula","url":"https:\/\/www.dogrula.org\/","logo":{"@type":"ImageObject","inLanguage":"ar","@id":"https:\/\/www.dogrula.org\/#\/schema\/logo\/image\/","url":"https:\/\/www.dogrula.org\/wp-content\/uploads\/logo-dogrula.svg","contentUrl":"https:\/\/www.dogrula.org\/wp-content\/uploads\/logo-dogrula.svg","caption":"Do\u011frula"},"image":{"@id":"https:\/\/www.dogrula.org\/#\/schema\/logo\/image\/"}}]}},"_links":{"self":[{"href":"https:\/\/www.dogrula.org\/ar\/wp-json\/wp\/v2\/pages\/86554","targetHints":{"allow":["GET"]}}],"collection":[{"href":"https:\/\/www.dogrula.org\/ar\/wp-json\/wp\/v2\/pages"}],"about":[{"href":"https:\/\/www.dogrula.org\/ar\/wp-json\/wp\/v2\/types\/page"}],"author":[{"embeddable":true,"href":"https:\/\/www.dogrula.org\/ar\/wp-json\/wp\/v2\/users\/2"}],"replies":[{"embeddable":true,"href":"https:\/\/www.dogrula.org\/ar\/wp-json\/wp\/v2\/comments?post=86554"}],"version-history":[{"count":2,"href":"https:\/\/www.dogrula.org\/ar\/wp-json\/wp\/v2\/pages\/86554\/revisions"}],"predecessor-version":[{"id":86556,"href":"https:\/\/www.dogrula.org\/ar\/wp-json\/wp\/v2\/pages\/86554\/revisions\/86556"}],"wp:featuredmedia":[{"embeddable":true,"href":"https:\/\/www.dogrula.org\/ar\/wp-json\/wp\/v2\/media\/42698"}],"wp:attachment":[{"href":"https:\/\/www.dogrula.org\/ar\/wp-json\/wp\/v2\/media?parent=86554"}],"curies":[{"name":"wp","href":"https:\/\/api.w.org\/{rel}","templated":true}]}}