{"id":86510,"date":"2022-05-23T10:13:18","date_gmt":"2022-05-23T07:13:18","guid":{"rendered":"https:\/\/www.dogrula.org\/?page_id=86510"},"modified":"2023-12-18T11:07:47","modified_gmt":"2023-12-18T08:07:47","slug":"contact-us","status":"publish","type":"page","link":"https:\/\/www.dogrula.org\/ar\/contact-us\/","title":{"rendered":"\u0627\u062a\u0635\u0644 \u0628\u0646\u0627"},"content":{"rendered":"<p>[vc_row el_class=&#8221;bize-ulasin-section-1&#8243;][vc_column]<div class=\"iletisimcard\">\r\n\r\n                    <div class=\"iletisimcard_single\" >\r\n                    <div class=\"row\">\r\n                    <div class=\"col-lg-3\"><img decoding=\"async\" src=\"https:\/\/www.dogrula.org\/wp-content\/uploads\/adres.svg\" alt=\"\u0639\u0646\u0648\u0627\u0646\" class=\"ilkelr-img\"><\/div>\r\n                    <div class=\"col-lg-9\">\r\n                    <h3>  \u0639\u0646\u0648\u0627\u0646 <\/h3>\r\n                    <div class=\"box-aciklama\">\r\n                      <a href=\"https:\/\/www.google.com\/maps\/place\/Taksim+Meydan\u0131,+\u015eehit+Muhtar,+34435+Beyo\u011flu%2F\u0130stanbul\/@41.0370013,28.974792,15z\/data=!3m1!4b1!4m15!1m8!3m7!1s0x14cab7650656bd63:0x8ca058b28c20b6c3!2zVGFrc2ltIE1leWRhbsSxLCDFnmVoaXQgTXVodGFyLCAzNDQzNSBCZXlvxJ9sdS_EsHN0YW5idWw!3b1!8m2!3d41.0370023!4d28.9850917!16zL20vMDJ5cW40!3m5!1s0x14cab7650656bd63:0x8ca058b28c20b6c3!8m2!3d41.0370023!4d28.9850917!16zL20vMDJ5cW40?entry=ttu\"><p>  Beyo\u011flu \/ \u0130STANBUL<\/p><\/a>\r\n                    <\/div>\r\n                    <\/div>\r\n                    <\/div>\r\n                    <\/div>\r\n\r\n                <\/div><div class=\"iletisimcard\">\r\n\r\n                    <div class=\"iletisimcard_single\" >\r\n                    <div class=\"row\">\r\n                    <div class=\"col-lg-3\"><img decoding=\"async\" src=\"https:\/\/www.dogrula.org\/wp-content\/uploads\/telefon.svg\" alt=\"\u0647\u0627\u062a\u0641\" class=\"ilkelr-img\"><\/div>\r\n                    <div class=\"col-lg-9\">\r\n                    <h3>  \u0647\u0627\u062a\u0641 <\/h3>\r\n                    <div class=\"box-aciklama\">\r\n                      <a href=\"tel:+902128032125\"><p>  +90 (212) 803 21 25<\/p><\/a>\r\n                    <\/div>\r\n                    <\/div>\r\n                    <\/div>\r\n                    <\/div>\r\n\r\n                <\/div><div class=\"iletisimcard\">\r\n\r\n                    <div class=\"iletisimcard_single\" >\r\n                    <div class=\"row\">\r\n                    <div class=\"col-lg-3\"><img decoding=\"async\" src=\"https:\/\/www.dogrula.org\/wp-content\/uploads\/email-icon.svg\" alt=\"\u0628\u0631\u064a\u062f \u0625\u0644\u0643\u062a\u0631\u0648\u0646\u064a\" class=\"ilkelr-img\"><\/div>\r\n                    <div class=\"col-lg-9\">\r\n                    <h3>  \u0628\u0631\u064a\u062f \u0625\u0644\u0643\u062a\u0631\u0648\u0646\u064a <\/h3>\r\n                    <div class=\"box-aciklama\">\r\n                      <a href=\"mail:.info@dogrula.org\"><p>  info@dogrula.org<\/p><\/a>\r\n                    <\/div>\r\n                    <\/div>\r\n                    <\/div>\r\n                    <\/div>\r\n\r\n                <\/div><div class=\"iletisimcard\">\r\n\r\n                    <div class=\"iletisimcard_single\" >\r\n                    <div class=\"row\">\r\n                    <div class=\"col-lg-3\"><img decoding=\"async\" src=\"https:\/\/www.dogrula.org\/wp-content\/uploads\/whatsapp.png\" alt=\"\u062e\u0637 \u062a\u0642\u0631\u064a\u0631 WhatsApp\" class=\"ilkelr-img\"><\/div>\r\n                    <div class=\"col-lg-9\">\r\n                    <h3>  \u062e\u0637 \u062a\u0642\u0631\u064a\u0631 WhatsApp <\/h3>\r\n                    <div class=\"box-aciklama\">\r\n                      <a href=\"https:\/\/api.whatsapp.com\/send?phone=905331313301&amp;text=Bilgi%20vermek%20istiyorum\"><p>  +90 533 131 33 01<\/p><\/a>\r\n                    <\/div>\r\n                    <\/div>\r\n                    <\/div>\r\n                    <\/div>\r\n\r\n                <\/div>[\/vc_column][\/vc_row][vc_row el_class=&#8221;bize-ulasin-section-2&#8243;][vc_column width=&#8221;1\/2&#8243;][vc_custom_heading text=&#8221;\u0627\u062a\u0635\u0644 \u0628\u0646\u0627&#8221; use_theme_fonts=&#8221;yes&#8221;]\n<div class=\"wpcf7 no-js\" id=\"wpcf7-f86514-o1\" lang=\"tr-TR\" dir=\"ltr\">\n<div class=\"screen-reader-response\"><p role=\"status\" aria-live=\"polite\" aria-atomic=\"true\"><\/p> <ul><\/ul><\/div>\n<form action=\"\/ar\/wp-json\/wp\/v2\/pages\/86510#wpcf7-f86514-o1\" method=\"post\" class=\"wpcf7-form init\" aria-label=\"Contact form\" novalidate=\"novalidate\" data-status=\"init\">\n<div style=\"display: none;\">\n<input type=\"hidden\" name=\"_wpcf7\" value=\"86514\" \/>\n<input type=\"hidden\" name=\"_wpcf7_version\" value=\"5.8\" \/>\n<input type=\"hidden\" name=\"_wpcf7_locale\" value=\"tr_TR\" \/>\n<input type=\"hidden\" name=\"_wpcf7_unit_tag\" value=\"wpcf7-f86514-o1\" \/>\n<input type=\"hidden\" name=\"_wpcf7_container_post\" value=\"0\" \/>\n<input type=\"hidden\" name=\"_wpcf7_posted_data_hash\" value=\"\" \/>\n<input type=\"hidden\" name=\"_wpcf7_recaptcha_response\" value=\"\" \/>\n<\/div>\n<div class=\"row\">\n\t<div class=\"col-lg-6\">\n\t\t<p><span class=\"wpcf7-form-control-wrap\" data-name=\"fullname\"><input size=\"40\" class=\"wpcf7-form-control wpcf7-text wpcf7-validates-as-required\" aria-required=\"true\" aria-invalid=\"false\" placeholder=\".\u0623\u062f\u062e\u0644 \u0627\u0633\u0645\u0643 \u0648\u0644\u0642\u0628\u0643\" value=\"\" type=\"text\" name=\"fullname\" \/><\/span>\n\t\t<\/p>\n\t<\/div>\n\t<div class=\"col-lg-6\">\n\t\t<p><span class=\"wpcf7-form-control-wrap\" data-name=\"email\"><input size=\"40\" class=\"wpcf7-form-control wpcf7-email wpcf7-validates-as-required wpcf7-text wpcf7-validates-as-email\" aria-required=\"true\" aria-invalid=\"false\" placeholder=\".\u0623\u062f\u062e\u0644 \u0639\u0646\u0648\u0627\u0646 \u0628\u0631\u064a\u062f\u0643 \u0627\u0644\u0627\u0644\u0643\u062a\u0631\u0648\u0646\u064a\" value=\"\" type=\"email\" name=\"email\" \/><\/span>\n\t\t<\/p>\n\t<\/div>\n\t<div class=\"col-lg-6\">\n\t\t<p><span class=\"wpcf7-form-control-wrap\" data-name=\"telefon\"><input size=\"40\" class=\"wpcf7-form-control wpcf7-tel wpcf7-validates-as-required wpcf7-text wpcf7-validates-as-tel\" aria-required=\"true\" aria-invalid=\"false\" placeholder=\".\u0623\u062f\u062e\u0644 \u0631\u0642\u0645 \u0647\u0627\u062a\u0641\u0643\" value=\"\" type=\"tel\" name=\"telefon\" \/><\/span>\n\t\t<\/p>\n\t<\/div>\n\t<div class=\"col-lg-6\">\n\t\t<p><span class=\"wpcf7-form-control-wrap\" data-name=\"konu\"><select class=\"wpcf7-form-control wpcf7-select\" aria-invalid=\"false\" name=\"konu\"><option value=\".\u0627\u062e\u062a\u0631 \u0627\u0644\u0645\u0648\u0636\u0648\u0639\">.\u0627\u062e\u062a\u0631 \u0627\u0644\u0645\u0648\u0636\u0648\u0639<\/option><option value=\"\u0644\u062f\u064a \u0627\u0639\u062a\u0631\u0627\u0636 \u0639\u0644\u0649 \u0627\u0644\u062a\u062d\u0642\u0642\">\u0644\u062f\u064a \u0627\u0639\u062a\u0631\u0627\u0636 \u0639\u0644\u0649 \u0627\u0644\u062a\u062d\u0642\u0642<\/option><option value=\"\u0623\u0631\u064a\u062f \u062a\u0635\u062d\u064a\u062d \u0634\u064a\u0621 \u0645\u0627\">\u0623\u0631\u064a\u062f \u062a\u0635\u062d\u064a\u062d \u0634\u064a\u0621 \u0645\u0627<\/option><option value=\"\u0623\u0631\u064a\u062f \u0627\u0644\u0627\u062a\u0635\u0627\u0644\">\u0623\u0631\u064a\u062f \u0627\u0644\u0627\u062a\u0635\u0627\u0644<\/option><option value=\"\u0622\u062e\u0631\">\u0622\u062e\u0631<\/option><\/select><\/span>\n\t\t<\/p>\n\t<\/div>\n\t<div class=\"col-lg-12\">\n\t\t<p><span class=\"wpcf7-form-control-wrap\" data-name=\"mesaj\"><textarea cols=\"40\" rows=\"10\" class=\"wpcf7-form-control wpcf7-textarea\" aria-invalid=\"false\" placeholder=\".\u0623\u0636\u0641 \u0631\u0633\u0627\u0644\u062a\u0643\" name=\"mesaj\"><\/textarea><\/span>\n\t\t<\/p>\n\t<\/div>\n\t<div class=\"form-input-area\">\n\t\t<div class=\"col-lg-6\">\n\t\t\t<p><span class=\"wpcf7-form-control-wrap\" data-name=\"onay\"><span class=\"wpcf7-form-control wpcf7-acceptance\"><span class=\"wpcf7-list-item\"><label><input type=\"checkbox\" name=\"onay\" value=\"1\" aria-invalid=\"false\" \/><span class=\"wpcf7-list-item-label\"><a href=\"\/ar\/privacy-policy\/\" target=\"_blank\">\u0644\u0642\u062f \u0642\u0631\u0623\u062a \u0648\u0623\u0648\u0627\u0641\u0642 \u0639\u0644\u0649<\/a> \u0633\u064a\u0627\u0633\u0629 \u0627\u0644\u062e\u0635\u0648\u0635\u064a\u0629.<\/span><\/label><\/span><\/span><\/span>\n\t\t\t<\/p>\n\t\t<\/div>\n\t\t<div class=\"col-lg-6\">\n\t\t\t<p><input class=\"wpcf7-form-control wpcf7-submit has-spinner\" type=\"submit\" value=\"\u064a\u0631\u0633\u0644\" \/>\n\t\t\t<\/p>\n\t\t<\/div>\n\t<\/div>\n<\/div><div class=\"wpcf7-response-output\" aria-hidden=\"true\"><\/div>\n<\/form>\n<\/div>\n[\/vc_column][vc_column width=&#8221;1\/2&#8243;][vc_column_text][\/vc_column_text][\/vc_column][\/vc_row]<\/p>\n","protected":false},"excerpt":{"rendered":"<p>[vc_row el_class=&#8221;bize-ulasin-section-1&#8243;][vc_column][\/vc_column][\/vc_row][vc_row el_class=&#8221;bize-ulasin-section-2&#8243;][vc_column width=&#8221;1\/2&#8243;][vc_custom_heading text=&#8221;\u0627\u062a\u0635\u0644 \u0628\u0646\u0627&#8221; use_theme_fonts=&#8221;yes&#8221;][\/vc_column][vc_column width=&#8221;1\/2&#8243;][vc_column_text][\/vc_column_text][\/vc_column][\/vc_row]<\/p>\n","protected":false},"author":2,"featured_media":42698,"parent":0,"menu_order":0,"comment_status":"closed","ping_status":"closed","template":"page-kurumsal.php","meta":{"footnotes":""},"class_list":["post-86510","page","type-page","status-publish","has-post-thumbnail","hentry"],"acf":[],"yoast_head":"<!-- This site is optimized with the Yoast SEO plugin v21.1 - https:\/\/yoast.com\/wordpress\/plugins\/seo\/ -->\n<title>\u0627\u062a\u0635\u0644 \u0628\u0646\u0627 - Do\u011frula<\/title>\n<meta name=\"robots\" content=\"index, follow, max-snippet:-1, max-image-preview:large, max-video-preview:-1\" \/>\n<link rel=\"canonical\" href=\"https:\/\/www.dogrula.org\/ar\/contact-us\/\" \/>\n<meta property=\"og:locale\" content=\"ar_AR\" \/>\n<meta property=\"og:type\" content=\"article\" \/>\n<meta property=\"og:title\" content=\"\u0627\u062a\u0635\u0644 \u0628\u0646\u0627 - Do\u011frula\" \/>\n<meta property=\"og:description\" content=\"[vc_row el_class=&#8221;bize-ulasin-section-1&#8243;][vc_column][\/vc_column][\/vc_row][vc_row el_class=&#8221;bize-ulasin-section-2&#8243;][vc_column width=&#8221;1\/2&#8243;][vc_custom_heading text=&#8221;\u0627\u062a\u0635\u0644 \u0628\u0646\u0627&#8221; use_theme_fonts=&#8221;yes&#8221;][\/vc_column][vc_column width=&#8221;1\/2&#8243;][vc_column_text][\/vc_column_text][\/vc_column][\/vc_row]\" \/>\n<meta property=\"og:url\" content=\"https:\/\/www.dogrula.org\/ar\/contact-us\/\" \/>\n<meta property=\"og:site_name\" content=\"Do\u011frula\" \/>\n<meta property=\"article:modified_time\" content=\"2023-12-18T08:07:47+00:00\" \/>\n<meta property=\"og:image\" content=\"https:\/\/www.dogrula.org\/wp-content\/uploads\/Group-6.png\" \/>\n\t<meta property=\"og:image:width\" content=\"1440\" \/>\n\t<meta property=\"og:image:height\" content=\"450\" \/>\n\t<meta property=\"og:image:type\" content=\"image\/png\" \/>\n<meta name=\"twitter:card\" content=\"summary_large_image\" \/>\n<meta name=\"twitter:label1\" content=\"\u0648\u0642\u062a \u0627\u0644\u0642\u0631\u0627\u0621\u0629 \u0627\u0644\u0645\u064f\u0642\u062f\u0651\u0631\" \/>\n\t<meta name=\"twitter:data1\" content=\"1 \u062f\u0642\u064a\u0642\u0629\" \/>\n<script type=\"application\/ld+json\" class=\"yoast-schema-graph\">{\"@context\":\"https:\/\/schema.org\",\"@graph\":[{\"@type\":\"WebPage\",\"@id\":\"https:\/\/www.dogrula.org\/ar\/contact-us\/\",\"url\":\"https:\/\/www.dogrula.org\/ar\/contact-us\/\",\"name\":\"\u0627\u062a\u0635\u0644 \u0628\u0646\u0627 - Do\u011frula\",\"isPartOf\":{\"@id\":\"https:\/\/www.dogrula.org\/#website\"},\"datePublished\":\"2022-05-23T07:13:18+00:00\",\"dateModified\":\"2023-12-18T08:07:47+00:00\",\"breadcrumb\":{\"@id\":\"https:\/\/www.dogrula.org\/ar\/contact-us\/#breadcrumb\"},\"inLanguage\":\"ar\",\"potentialAction\":[{\"@type\":\"ReadAction\",\"target\":[\"https:\/\/www.dogrula.org\/ar\/contact-us\/\"]}]},{\"@type\":\"BreadcrumbList\",\"@id\":\"https:\/\/www.dogrula.org\/ar\/contact-us\/#breadcrumb\",\"itemListElement\":[{\"@type\":\"ListItem\",\"position\":1,\"name\":\"Anasayfa\",\"item\":\"https:\/\/www.dogrula.org\/ar\/\"},{\"@type\":\"ListItem\",\"position\":2,\"name\":\"\u0627\u062a\u0635\u0644 \u0628\u0646\u0627\"}]},{\"@type\":\"WebSite\",\"@id\":\"https:\/\/www.dogrula.org\/#website\",\"url\":\"https:\/\/www.dogrula.org\/\",\"name\":\"Do\u011frula\",\"description\":\"Ger\u00e7e\u011fi Yakala\",\"publisher\":{\"@id\":\"https:\/\/www.dogrula.org\/#organization\"},\"potentialAction\":[{\"@type\":\"SearchAction\",\"target\":{\"@type\":\"EntryPoint\",\"urlTemplate\":\"https:\/\/www.dogrula.org\/?s={search_term_string}\"},\"query-input\":\"required name=search_term_string\"}],\"inLanguage\":\"ar\"},{\"@type\":\"Organization\",\"@id\":\"https:\/\/www.dogrula.org\/#organization\",\"name\":\"Do\u011frula\",\"url\":\"https:\/\/www.dogrula.org\/\",\"logo\":{\"@type\":\"ImageObject\",\"inLanguage\":\"ar\",\"@id\":\"https:\/\/www.dogrula.org\/#\/schema\/logo\/image\/\",\"url\":\"https:\/\/www.dogrula.org\/wp-content\/uploads\/logo-dogrula.svg\",\"contentUrl\":\"https:\/\/www.dogrula.org\/wp-content\/uploads\/logo-dogrula.svg\",\"caption\":\"Do\u011frula\"},\"image\":{\"@id\":\"https:\/\/www.dogrula.org\/#\/schema\/logo\/image\/\"}}]}<\/script>\n<!-- \/ Yoast SEO plugin. -->","yoast_head_json":{"title":"\u0627\u062a\u0635\u0644 \u0628\u0646\u0627 - Do\u011frula","robots":{"index":"index","follow":"follow","max-snippet":"max-snippet:-1","max-image-preview":"max-image-preview:large","max-video-preview":"max-video-preview:-1"},"canonical":"https:\/\/www.dogrula.org\/ar\/contact-us\/","og_locale":"ar_AR","og_type":"article","og_title":"\u0627\u062a\u0635\u0644 \u0628\u0646\u0627 - Do\u011frula","og_description":"[vc_row el_class=&#8221;bize-ulasin-section-1&#8243;][vc_column][\/vc_column][\/vc_row][vc_row el_class=&#8221;bize-ulasin-section-2&#8243;][vc_column width=&#8221;1\/2&#8243;][vc_custom_heading text=&#8221;\u0627\u062a\u0635\u0644 \u0628\u0646\u0627&#8221; use_theme_fonts=&#8221;yes&#8221;][\/vc_column][vc_column width=&#8221;1\/2&#8243;][vc_column_text][\/vc_column_text][\/vc_column][\/vc_row]","og_url":"https:\/\/www.dogrula.org\/ar\/contact-us\/","og_site_name":"Do\u011frula","article_modified_time":"2023-12-18T08:07:47+00:00","og_image":[{"width":1440,"height":450,"url":"https:\/\/www.dogrula.org\/wp-content\/uploads\/Group-6.png","type":"image\/png"}],"twitter_card":"summary_large_image","twitter_misc":{"\u0648\u0642\u062a \u0627\u0644\u0642\u0631\u0627\u0621\u0629 \u0627\u0644\u0645\u064f\u0642\u062f\u0651\u0631":"1 \u062f\u0642\u064a\u0642\u0629"},"schema":{"@context":"https:\/\/schema.org","@graph":[{"@type":"WebPage","@id":"https:\/\/www.dogrula.org\/ar\/contact-us\/","url":"https:\/\/www.dogrula.org\/ar\/contact-us\/","name":"\u0627\u062a\u0635\u0644 \u0628\u0646\u0627 - Do\u011frula","isPartOf":{"@id":"https:\/\/www.dogrula.org\/#website"},"datePublished":"2022-05-23T07:13:18+00:00","dateModified":"2023-12-18T08:07:47+00:00","breadcrumb":{"@id":"https:\/\/www.dogrula.org\/ar\/contact-us\/#breadcrumb"},"inLanguage":"ar","potentialAction":[{"@type":"ReadAction","target":["https:\/\/www.dogrula.org\/ar\/contact-us\/"]}]},{"@type":"BreadcrumbList","@id":"https:\/\/www.dogrula.org\/ar\/contact-us\/#breadcrumb","itemListElement":[{"@type":"ListItem","position":1,"name":"Anasayfa","item":"https:\/\/www.dogrula.org\/ar\/"},{"@type":"ListItem","position":2,"name":"\u0627\u062a\u0635\u0644 \u0628\u0646\u0627"}]},{"@type":"WebSite","@id":"https:\/\/www.dogrula.org\/#website","url":"https:\/\/www.dogrula.org\/","name":"Do\u011frula","description":"Ger\u00e7e\u011fi Yakala","publisher":{"@id":"https:\/\/www.dogrula.org\/#organization"},"potentialAction":[{"@type":"SearchAction","target":{"@type":"EntryPoint","urlTemplate":"https:\/\/www.dogrula.org\/?s={search_term_string}"},"query-input":"required name=search_term_string"}],"inLanguage":"ar"},{"@type":"Organization","@id":"https:\/\/www.dogrula.org\/#organization","name":"Do\u011frula","url":"https:\/\/www.dogrula.org\/","logo":{"@type":"ImageObject","inLanguage":"ar","@id":"https:\/\/www.dogrula.org\/#\/schema\/logo\/image\/","url":"https:\/\/www.dogrula.org\/wp-content\/uploads\/logo-dogrula.svg","contentUrl":"https:\/\/www.dogrula.org\/wp-content\/uploads\/logo-dogrula.svg","caption":"Do\u011frula"},"image":{"@id":"https:\/\/www.dogrula.org\/#\/schema\/logo\/image\/"}}]}},"_links":{"self":[{"href":"https:\/\/www.dogrula.org\/ar\/wp-json\/wp\/v2\/pages\/86510","targetHints":{"allow":["GET"]}}],"collection":[{"href":"https:\/\/www.dogrula.org\/ar\/wp-json\/wp\/v2\/pages"}],"about":[{"href":"https:\/\/www.dogrula.org\/ar\/wp-json\/wp\/v2\/types\/page"}],"author":[{"embeddable":true,"href":"https:\/\/www.dogrula.org\/ar\/wp-json\/wp\/v2\/users\/2"}],"replies":[{"embeddable":true,"href":"https:\/\/www.dogrula.org\/ar\/wp-json\/wp\/v2\/comments?post=86510"}],"version-history":[{"count":4,"href":"https:\/\/www.dogrula.org\/ar\/wp-json\/wp\/v2\/pages\/86510\/revisions"}],"predecessor-version":[{"id":86515,"href":"https:\/\/www.dogrula.org\/ar\/wp-json\/wp\/v2\/pages\/86510\/revisions\/86515"}],"wp:featuredmedia":[{"embeddable":true,"href":"https:\/\/www.dogrula.org\/ar\/wp-json\/wp\/v2\/media\/42698"}],"wp:attachment":[{"href":"https:\/\/www.dogrula.org\/ar\/wp-json\/wp\/v2\/media?parent=86510"}],"curies":[{"name":"wp","href":"https:\/\/api.w.org\/{rel}","templated":true}]}}