{"id":86254,"date":"2022-06-02T07:13:18","date_gmt":"2022-06-02T04:13:18","guid":{"rendered":"https:\/\/www.dogrula.org\/etik-standartlar\/"},"modified":"2023-12-06T00:35:59","modified_gmt":"2023-12-05T21:35:59","slug":"etik-standartlar","status":"publish","type":"page","link":"https:\/\/www.dogrula.org\/ar\/etik-standartlar\/","title":{"rendered":"\u0627\u0644\u0645\u0639\u0627\u064a\u064a\u0631 \u0627\u0644\u0623\u062e\u0644\u0627\u0642\u064a\u0629"},"content":{"rendered":"<p>[vc_row][vc_column]\n                        <div class=\"col-12 col-sm-12 col-lg-12 kurumsal-item\">\n                            <div class=\"kurumsal-features\">\n                                <div class=\"row kurumsal-feature\">\n                                    <div class=\"col-lg-2\">\n                                    <div class=\"kurumsal-feature-icon\">\n                                        <img decoding=\"async\" src=\"https:\/\/www.dogrula.org\/wp-content\/uploads\/duzeltme-icon.svg\" alt=\"\">\n                                    <\/div>\n                                    <\/div>\n                                    <div class=\"col-lg-10\">\n                                    <span>\u0639\u062f\u0645 \u0627\u0644\u062a\u062d\u064a\u0632 \u0648\u0627\u0644\u062d\u064a\u0627\u062f<\/span>\n                                <\/div>\n                                    <\/div>\n                            <\/div>\n                        <\/div>\n            [vc_column_text]<\/p>\n<ul>\n<li>Do\u011frula \u0647\u0648 \u0645\u0648\u0642\u0639 \u062d\u0631 \u062a\u062d\u0631\u064a\u0631\u064a\u0627 \u0648\u0645\u0633\u062a\u0642\u0644 \u0633\u064a\u0627\u0633\u064a\u064b\u0627.<\/li>\n<li>\u0644\u0627 \u064a\u0642\u062f\u0645 \u0623\u0648 \u064a\u0639\u0628\u0631 \u0639\u0646 \u0623\u064a \u062f\u0639\u0645 \u0644\u0623\u064a \u062d\u0632\u0628 \u0633\u064a\u0627\u0633\u064a \u0623\u0648 \u0644\u0645\u0631\u0634\u062d\u064a\u0646 \u064a\u062a\u0646\u0627\u0641\u0633\u0648\u0646 \u0639\u0644\u0649 \u0627\u0644\u0645\u0646\u0627\u0635\u0628 \u0627\u0644\u062d\u0643\u0648\u0645\u064a\u0629\u060c \u0648\u0644\u0627 \u064a\u0642\u062f\u0645 \u062a\u0648\u062c\u064a\u0647\u064b\u0627 \u0644\u0644\u062c\u0645\u0647\u0648\u0631 \u0628\u0627\u0644\u062a\u0635\u0648\u064a\u062a \u0644\u0647\u0645.<\/li>\n<li>\u0644\u0627 \u064a\u0628\u0631\u0645 \u0623\u064a \u0627\u062a\u0641\u0627\u0642 \u0623\u0648 \u0634\u0631\u0627\u0643\u0629 \u0645\u0639 \u0623\u064a \u062d\u0632\u0628 \u0633\u064a\u0627\u0633\u064a\u060c \u0648\u0644\u0627 \u064a\u0634\u0627\u0631\u0643 \u0641\u064a \u0639\u0644\u0627\u0642\u0627\u062a \u0639\u0627\u0645\u0629 \u0623\u0648 \u0623\u0646\u0634\u0637\u0629 \u0645\u0634\u0627\u0628\u0647\u0629 \u0642\u062f \u062a\u0644\u062d\u0642 \u0636\u0631\u0631\u064b\u0627 \u0628\u0633\u0645\u0639\u0629 \u0639\u0645\u0644\u064a\u0629 \u0627\u0644\u062a\u062d\u0642\u0642 \u0641\u064a\u0645\u0627 \u064a\u062a\u0639\u0644\u0642 \u0628\u0627\u0644\u0627\u0633\u062a\u0642\u0644\u0627\u0644 \u0648\u0627\u0644\u062d\u064a\u0627\u062f.<\/li>\n<li>\u0645\u0648\u0642\u0639 Do\u011frula.org \u0644\u0627 \u064a\u0648\u0644\u064a \u0627\u0647\u062a\u0645\u0627\u0645\u064b\u0627 \u062e\u0627\u0635\u064b\u0627 \u0644\u0623\u064a \u062d\u0632\u0628 \u0633\u064a\u0627\u0633\u064a \u0645\u062d\u062f\u062f \u0623\u0648 \u062c\u0627\u0646\u0628 \u0648\u0627\u062d\u062f \u0645\u0646 \u0627\u0644\u0637\u064a\u0641 \u0627\u0644\u0633\u064a\u0627\u0633\u064a \u0639\u0646\u062f \u0642\u064a\u0627\u0645\u0647 \u0628\u062a\u062d\u0644\u064a\u0644\u0627\u062a\u0647.<\/li>\n<li>\u0644\u0627 \u064a\u0642\u0648\u0645 \u0645\u0648\u0642\u0639 Do\u011frula.org \u0628\u062a\u0648\u0638\u064a\u0641 \u0627\u0644\u0623\u0634\u062e\u0627\u0635 \u0627\u0644\u0630\u064a\u0646 \u064a\u0634\u063a\u0644\u0648\u0646 \u0645\u0646\u0627\u0635\u0628 \u0645\u062f\u0641\u0648\u0639\u0629 \u0627\u0644\u0623\u062c\u0631 \u0648\/\u0623\u0648 \u0645\u0646\u0627\u0635\u0628 \u0645\u0647\u0645\u0629 \u0641\u064a \u0623\u064a \u062d\u0632\u0628 \u0633\u064a\u0627\u0633\u064a\u060c \u0623\u0648 \u062d\u0643\u0648\u0645\u0629\u060c \u0623\u0648 \u062f\u0648\u0644\u0629\u060c \u0623\u0648 \u0634\u0631\u0643\u0629 \u0639\u0627\u0645\u0629 \u062a\u062d\u062a \u0627\u0644\u0633\u064a\u0637\u0631\u0629 \u0627\u0644\u0645\u0628\u0627\u0634\u0631\u0629 \u0644\u062d\u0632\u0628 \u0633\u064a\u0627\u0633\u064a \u0623\u0648 \u062d\u0643\u0648\u0645\u0629.<\/li>\n<li>\u064a\u0634\u064a\u0631 \u0641\u064a \u0645\u0646\u0634\u0648\u0631\u0627\u062a\u0647 \u0628\u0648\u0636\u0648\u062d \u0625\u0644\u0649 \u0623\u064a \u062a\u0639\u0627\u0631\u0636 \u0645\u0639\u0642\u0648\u0644 \u0641\u064a \u0627\u0644\u0645\u0635\u0627\u0644\u062d \u0623\u0648 \u0627\u0644\u062a\u062d\u064a\u0632 \u0627\u0644\u0633\u064a\u0627\u0633\u064a\u060c \u0628\u0645\u0627 \u0641\u064a \u0630\u0644\u0643 \u0627\u0644\u062e\u0628\u0631\u0627\u0621 \u0623\u0648 \u0627\u0644\u0645\u0624\u0633\u0633\u0627\u062a \u0627\u0644\u062a\u064a \u062a\u0645 \u0627\u0644\u0631\u062c\u0648\u0639 \u0625\u0644\u064a\u0647\u0627.<\/li>\n<li>\u064a\u062a\u0628\u0639 \u0633\u064a\u0627\u0633\u0627\u062a \u062f\u0627\u062e\u0644\u064a\u0629 \u062a\u0645\u0646\u0639 \u0627\u0644\u0645\u0648\u0638\u0641\u064a\u0646 \u0645\u0646 \u0627\u0644\u0625\u062f\u0644\u0627\u0621 \u0628\u062a\u0635\u0631\u064a\u062d\u0627\u062a \u062d\u0632\u0628\u064a\u0629 \u0645\u062a\u062d\u064a\u0632\u0629 \u0628\u0627\u0644\u0646\u064a\u0627\u0628\u0629 \u0639\u0646 \u0627\u0644\u0645\u0624\u0633\u0633\u0629\u060c \u0643\u0645\u0627 \u062a\u0636\u0645\u0646 \u0627\u062a\u062e\u0627\u0630 \u0627\u0644\u0625\u062c\u0631\u0627\u0621\u0627\u062a \u0627\u0644\u0644\u0627\u0632\u0645\u0629 \u0641\u064a \u062d\u0627\u0644\u0629 \u0627\u0644\u0625\u062f\u0644\u0627\u0621 \u0628\u0645\u062b\u0644 \u0647\u0630\u0647 \u0627\u0644\u062a\u0635\u0631\u064a\u062d\u0627\u062a.<\/li>\n<li>\u064a\u0637\u0628\u0642 \u0645\u0648\u0642\u0639 Do\u011frula.org \u0633\u064a\u0627\u0633\u0627\u062a \u062f\u0627\u062e\u0644\u064a\u0629 \u062a\u0645\u0646\u0639 \u0627\u0644\u0645\u0648\u0638\u0641\u064a\u0646 \u0645\u0646 \u0642\u0628\u0648\u0644 \u0627\u0644\u0647\u062f\u0627\u064a\u0627 \u0623\u0648 \u0627\u0644\u062e\u062f\u0645\u0627\u062a \u0630\u0627\u062a \u0627\u0644\u0641\u0648\u0627\u0626\u062f \u0627\u0644\u062a\u064a \u062a\u062a\u062c\u0627\u0648\u0632 \u0627\u0644\u0644\u0637\u0641 \u0627\u0644\u0627\u062c\u062a\u0645\u0627\u0639\u064a \u0627\u0644\u0634\u0627\u0626\u0639 \u0641\u064a \u0627\u0644\u0633\u064a\u0627\u0642 \u0627\u0644\u0645\u0647\u0646\u064a.<\/li>\n<li><\/li>\n<\/ul>\n<p>[\/vc_column_text][vc_separator border_width=&#8221;2&#8243;]\n                        <div class=\"col-12 col-sm-12 col-lg-12 kurumsal-item\">\n                            <div class=\"kurumsal-features\">\n                                <div class=\"row kurumsal-feature\">\n                                    <div class=\"col-lg-2\">\n                                    <div class=\"kurumsal-feature-icon\">\n                                        <img decoding=\"async\" src=\"https:\/\/www.dogrula.org\/wp-content\/uploads\/duzeltme-icon.svg\" alt=\"\">\n                                    <\/div>\n                                    <\/div>\n                                    <div class=\"col-lg-10\">\n                                    <span>\u0633\u064a\u0627\u0633\u0629 \u062a\u0635\u062d\u064a\u062d \u0627\u0644\u0623\u062e\u0637\u0627\u0621<\/span>\n                                <\/div>\n                                    <\/div>\n                            <\/div>\n                        <\/div>\n            [vc_column_text]<\/p>\n<ul>\n<li>\u0625\u0630\u0627 \u0643\u0627\u0646 \u0627\u0644\u0645\u0646\u0634\u0648\u0631 \u0627\u0644\u0623\u0635\u0644\u064a \u0627\u0644\u0630\u064a \u062d\u062f\u062b \u0641\u064a\u0647 \u0627\u0644\u062e\u0637\u0623 \u063a\u064a\u0631 \u0642\u0627\u0628\u0644 \u0644\u0644\u062a\u0635\u062d\u064a\u062d \u0623\u0648 \u0627\u0644\u062a\u0639\u062f\u064a\u0644\u060c \u064a\u0642\u0648\u0645 \u0628\u0646\u0634\u0631 \u0627\u0644\u062a\u0635\u062d\u064a\u062d \u0628\u0646\u0641\u0633 \u0627\u0644\u062a\u0646\u0633\u064a\u0642 \u0648\u0639\u0628\u0631 \u0646\u0641\u0633 \u0627\u0644\u0642\u0646\u0627\u0629 \u0627\u0644\u062a\u064a \u062a\u0645 \u0645\u0646 \u062e\u0644\u0627\u0644\u0647\u0627 \u0646\u0634\u0631 \u0627\u0644\u0645\u0646\u0634\u0648\u0631 \u0627\u0644\u0623\u0635\u0644\u064a.<\/li>\n<li>\u0625\u0630\u0627 \u0643\u0627\u0646 \u0627\u0644\u062e\u0637\u0623 \u0630\u0648 \u0637\u0627\u0628\u0639 \u062c\u0648\u0647\u0631\u064a\u060c \u0623\u064a \u064a\u0624\u062f\u064a \u0625\u0644\u0649 \u062a\u063a\u064a\u064a\u0631 \u062c\u0630\u0631\u064a \u0641\u064a \u0646\u062a\u0627\u0626\u062c \u0627\u0644\u062a\u062d\u0642\u064a\u0642 \u0623\u0648 \u064a\u0645\u062b\u0644 \u0627\u0646\u062d\u0631\u0627\u0641\u064b\u0627 \u0648\u0627\u0636\u062d\u064b\u0627 \u0639\u0646 \u0645\u0646\u0647\u062c\u064a\u0629 \u0648\u0633\u064a\u0627\u0633\u0627\u062a \u0627\u0644\u0639\u0645\u0644\u064a\u0629\u060c \u064a\u062a\u0636\u0645\u0646 \u0627\u0644\u062a\u0635\u062d\u064a\u062d \u0645\u0639\u0644\u0648\u0645\u0627\u062a \u062f\u0642\u064a\u0642\u0629 \u0628\u0627\u0644\u0625\u0636\u0627\u0641\u0629 \u0625\u0644\u0649 \u0634\u0631\u062d \u0644\u0644\u0638\u0631\u0648\u0641 \u0627\u0644\u062a\u064a \u0623\u062f\u062a \u0625\u0644\u0649 \u062d\u062f\u0648\u062b \u0627\u0644\u062e\u0637\u0623.<\/li>\n<li>\u062a\u0634\u064a\u0631 \u0645\u0644\u0627\u062d\u0638\u0629 \u0627\u0644\u062a\u062d\u062f\u064a\u062b \u0641\u064a \u0646\u0641\u0633 \u0627\u0644\u0645\u0646\u0634\u0648\u0631 \u0625\u0644\u0649 \u0627\u0644\u0645\u0639\u0644\u0648\u0645\u0627\u062a \u0627\u0644\u062c\u062f\u064a\u062f\u0629 \u0627\u0644\u062a\u064a \u062a\u0645\u062a \u0625\u0636\u0627\u0641\u062a\u0647\u0627.<\/li>\n<\/ul>\n<p>[\/vc_column_text][vc_separator border_width=&#8221;2&#8243;]\n                        <div class=\"col-12 col-sm-12 col-lg-12 kurumsal-item\">\n                            <div class=\"kurumsal-features\">\n                                <div class=\"row kurumsal-feature\">\n                                    <div class=\"col-lg-2\">\n                                    <div class=\"kurumsal-feature-icon\">\n                                        <img decoding=\"async\" src=\"https:\/\/www.dogrula.org\/wp-content\/uploads\/duzeltme-icon.svg\" alt=\"\">\n                                    <\/div>\n                                    <\/div>\n                                    <div class=\"col-lg-10\">\n                                    <span>\u0627\u0644\u062e\u0635\u0648\u0635\u064a\u0629 \u0648\u0627\u0644\u0623\u0645\u0627\u0646<\/span>\n                                <\/div>\n                                    <\/div>\n                            <\/div>\n                        <\/div>\n            [vc_column_text]<\/p>\n<ul>\n<li>\u0639\u0646\u062f \u0648\u062c\u0648\u062f \u0642\u0644\u0642 \u0628\u0634\u0623\u0646 \u0633\u0644\u0627\u0645\u0629 \u0627\u0644\u0623\u0641\u0631\u0627\u062f \u0627\u0644\u0645\u0639\u0646\u064a\u064a\u0646 \u0628\u0645\u0648\u0636\u0648\u0639 \u0627\u0644\u062a\u062d\u0642\u064a\u0642\u060c \u064a\u0642\u0648\u0645 Do\u011frula \u0628\u0625\u062e\u0641\u0627\u0621 \u0635\u0648\u0631\u0647\u0645 \u0623\u0648 \u0647\u0648\u064a\u0627\u062a\u0647\u0645.<\/li>\n<li>\u064a\u062a\u062e\u0630 \u0627\u0644\u062a\u062f\u0627\u0628\u064a\u0631 \u0644\u0639\u062f\u0645 \u062a\u0639\u0631\u064a\u0636 \u0645\u0635\u062f\u0631 \u0623\u0648 \u0647\u0648\u064a\u0629 \u0627\u0644\u0645\u062d\u062a\u0648\u0649 \u0627\u0644\u0648\u0627\u0631\u062f \u0645\u0646 \u0642\u0628\u0644 \u0627\u0644\u0645\u0633\u062a\u062e\u062f\u0645 \u0648\u0627\u0644\u0630\u064a \u064a\u062d\u0645\u0644 \u0645\u0639\u0644\u0648\u0645\u0627\u062a \u0645\u0636\u0644\u0644\u0629 \u0644\u0644\u062a\u062f\u0642\u064a\u0642 \u0627\u0644\u0639\u0627\u0645 \u0627\u0644\u0630\u064a \u0642\u062f \u0644\u0627 \u064a\u0643\u0648\u0646 \u0636\u0631\u0648\u0631\u064a\u064b\u0627.<\/li>\n<li>\u064a\u0638\u0647\u0631 \u0627\u062d\u062a\u0631\u0627\u0645\u064b\u0627 \u0648\u0639\u0646\u0627\u064a\u0629\u064b \u0639\u0646\u062f \u0627\u0644\u0625\u0634\u0627\u0631\u0629 \u0625\u0644\u0649 \u0627\u0644\u0623\u0634\u062e\u0627\u0635 \u0627\u0644\u0642\u0635\u0631 \u0623\u0648 \u062a\u062d\u062f\u064a\u062f \u0647\u0648\u064a\u062a\u0647\u0645\u060c \u0648\u064a\u0633\u0639\u0649 \u0644\u062d\u0645\u0627\u064a\u0629 \u062e\u0635\u0648\u0635\u064a\u062a\u0647\u0645.<\/li>\n<li>\u0625\u062e\u0641\u0627\u0621 \u0647\u0648\u064a\u0629 \u0623\u064a \u0645\u0639\u0644\u0648\u0645\u0627\u062a \u0634\u062e\u0635\u064a\u0629 \u064a\u0645\u0643\u0646 \u0623\u0646 \u062a\u0624\u062f\u064a \u0625\u0644\u0649 \u0645\u0636\u0627\u064a\u0642\u0629 \u0627\u0644\u0623\u0634\u062e\u0627\u0635 (\u0639\u0644\u0649 \u0633\u0628\u064a\u0644 \u0627\u0644\u0645\u062b\u0627\u0644 \u0625\u062e\u0641\u0627\u0621 \u0623\u0631\u0642\u0627\u0645 \u0627\u0644\u0647\u0648\u0627\u062a\u0641 \u0623\u0648 \u0628\u0637\u0627\u0642\u0627\u062a \u0627\u0644\u0647\u0648\u064a\u0629 \u0623\u0648 \u062c\u0648\u0627\u0632\u0627\u062a \u0627\u0644\u0633\u0641\u0631 \u062c\u0632\u0626\u064a\u064b\u0627 \u0639\u0644\u0649 \u0627\u0644\u0623\u0642\u0644\u060c \u0623\u0648 \u0623\u0631\u0642\u0627\u0645 \u0627\u0644\u062d\u0633\u0627\u0628\u0627\u062a \u0627\u0644\u0645\u0635\u0631\u0641\u064a\u0629\u060c \u0623\u0648 \u0639\u0646\u0627\u0648\u064a\u0646 \u0627\u0644\u0628\u0631\u064a\u062f \u0627\u0644\u0625\u0644\u0643\u062a\u0631\u0648\u0646\u064a&#8230;)<\/li>\n<li>\u0639\u0646\u062f\u0645\u0627 \u064a\u0643\u0648\u0646 \u0630\u0644\u0643 \u0645\u0646\u0627\u0633\u0628\u064b\u0627 \u0648\u0645\u0645\u0643\u0646\u064b\u0627\u060c \u064a\u062d\u0642 \u0644\u0623\u064a \u0641\u0631\u062f \u0623\u0648 \u062c\u0647\u0629 \u062a\u0643\u0648\u0646 \u0645\u0635\u062f\u0631 \u0627\u062f\u0639\u0627\u0621 \u0643\u0627\u0630\u0628 \u0648\/\u0623\u0648 \u0645\u0648\u0636\u0648\u0639 \u0627\u0646\u062a\u0642\u0627\u062f\u0627\u062a \u0623\u0648 \u0627\u062f\u0639\u0627\u0621\u0627\u062a \u0643\u0628\u064a\u0631\u0629 \u0627\u0644\u062d\u0642 \u0641\u064a \u0627\u0644\u0631\u062f.<\/li>\n<\/ul>\n<p>[\/vc_column_text][\/vc_column][\/vc_row]<\/p>\n","protected":false},"excerpt":{"rendered":"<p>[vc_row][vc_column][vc_column_text] Do\u011frula \u0647\u0648 \u0645\u0648\u0642\u0639 \u062d\u0631 \u062a\u062d\u0631\u064a\u0631\u064a\u0627 \u0648\u0645\u0633\u062a\u0642\u0644 \u0633\u064a\u0627\u0633\u064a\u064b\u0627. \u0644\u0627 \u064a\u0642\u062f\u0645 \u0623\u0648 \u064a\u0639\u0628\u0631 \u0639\u0646 \u0623\u064a \u062f\u0639\u0645 \u0644\u0623\u064a [&hellip;]<\/p>\n","protected":false},"author":1,"featured_media":42698,"parent":0,"menu_order":0,"comment_status":"closed","ping_status":"closed","template":"page-kurumsal.php","meta":{"footnotes":""},"class_list":["post-86254","page","type-page","status-publish","has-post-thumbnail","hentry"],"acf":[],"yoast_head":"<!-- This site is optimized with the Yoast SEO plugin v21.1 - https:\/\/yoast.com\/wordpress\/plugins\/seo\/ -->\n<title>\u0627\u0644\u0645\u0639\u0627\u064a\u064a\u0631 \u0627\u0644\u0623\u062e\u0644\u0627\u0642\u064a\u0629 - Do\u011frula<\/title>\n<meta name=\"robots\" content=\"index, follow, max-snippet:-1, max-image-preview:large, max-video-preview:-1\" \/>\n<link rel=\"canonical\" href=\"https:\/\/www.dogrula.org\/ar\/etik-standartlar\/\" \/>\n<meta property=\"og:locale\" content=\"ar_AR\" \/>\n<meta property=\"og:type\" content=\"article\" \/>\n<meta property=\"og:title\" content=\"\u0627\u0644\u0645\u0639\u0627\u064a\u064a\u0631 \u0627\u0644\u0623\u062e\u0644\u0627\u0642\u064a\u0629 - Do\u011frula\" \/>\n<meta property=\"og:description\" content=\"[vc_row][vc_column][vc_column_text] Do\u011frula \u0647\u0648 \u0645\u0648\u0642\u0639 \u062d\u0631 \u062a\u062d\u0631\u064a\u0631\u064a\u0627 \u0648\u0645\u0633\u062a\u0642\u0644 \u0633\u064a\u0627\u0633\u064a\u064b\u0627. \u0644\u0627 \u064a\u0642\u062f\u0645 \u0623\u0648 \u064a\u0639\u0628\u0631 \u0639\u0646 \u0623\u064a \u062f\u0639\u0645 \u0644\u0623\u064a [&hellip;]\" \/>\n<meta property=\"og:url\" content=\"https:\/\/www.dogrula.org\/ar\/etik-standartlar\/\" \/>\n<meta property=\"og:site_name\" content=\"Do\u011frula\" \/>\n<meta property=\"article:modified_time\" content=\"2023-12-05T21:35:59+00:00\" \/>\n<meta property=\"og:image\" content=\"https:\/\/www.dogrula.org\/wp-content\/uploads\/Group-6.png\" \/>\n\t<meta property=\"og:image:width\" content=\"1440\" \/>\n\t<meta property=\"og:image:height\" content=\"450\" \/>\n\t<meta property=\"og:image:type\" content=\"image\/png\" \/>\n<meta name=\"twitter:card\" content=\"summary_large_image\" \/>\n<meta name=\"twitter:label1\" content=\"\u0648\u0642\u062a \u0627\u0644\u0642\u0631\u0627\u0621\u0629 \u0627\u0644\u0645\u064f\u0642\u062f\u0651\u0631\" \/>\n\t<meta name=\"twitter:data1\" content=\"3 \u062f\u0642\u0627\u0626\u0642\" \/>\n<script type=\"application\/ld+json\" class=\"yoast-schema-graph\">{\"@context\":\"https:\/\/schema.org\",\"@graph\":[{\"@type\":\"WebPage\",\"@id\":\"https:\/\/www.dogrula.org\/ar\/etik-standartlar\/\",\"url\":\"https:\/\/www.dogrula.org\/ar\/etik-standartlar\/\",\"name\":\"\u0627\u0644\u0645\u0639\u0627\u064a\u064a\u0631 \u0627\u0644\u0623\u062e\u0644\u0627\u0642\u064a\u0629 - Do\u011frula\",\"isPartOf\":{\"@id\":\"https:\/\/www.dogrula.org\/#website\"},\"datePublished\":\"2022-06-02T04:13:18+00:00\",\"dateModified\":\"2023-12-05T21:35:59+00:00\",\"breadcrumb\":{\"@id\":\"https:\/\/www.dogrula.org\/ar\/etik-standartlar\/#breadcrumb\"},\"inLanguage\":\"ar\",\"potentialAction\":[{\"@type\":\"ReadAction\",\"target\":[\"https:\/\/www.dogrula.org\/ar\/etik-standartlar\/\"]}]},{\"@type\":\"BreadcrumbList\",\"@id\":\"https:\/\/www.dogrula.org\/ar\/etik-standartlar\/#breadcrumb\",\"itemListElement\":[{\"@type\":\"ListItem\",\"position\":1,\"name\":\"Anasayfa\",\"item\":\"https:\/\/www.dogrula.org\/ar\/\"},{\"@type\":\"ListItem\",\"position\":2,\"name\":\"\u0627\u0644\u0645\u0639\u0627\u064a\u064a\u0631 \u0627\u0644\u0623\u062e\u0644\u0627\u0642\u064a\u0629\"}]},{\"@type\":\"WebSite\",\"@id\":\"https:\/\/www.dogrula.org\/#website\",\"url\":\"https:\/\/www.dogrula.org\/\",\"name\":\"Do\u011frula\",\"description\":\"Ger\u00e7e\u011fi Yakala\",\"publisher\":{\"@id\":\"https:\/\/www.dogrula.org\/#organization\"},\"potentialAction\":[{\"@type\":\"SearchAction\",\"target\":{\"@type\":\"EntryPoint\",\"urlTemplate\":\"https:\/\/www.dogrula.org\/?s={search_term_string}\"},\"query-input\":\"required name=search_term_string\"}],\"inLanguage\":\"ar\"},{\"@type\":\"Organization\",\"@id\":\"https:\/\/www.dogrula.org\/#organization\",\"name\":\"Do\u011frula\",\"url\":\"https:\/\/www.dogrula.org\/\",\"logo\":{\"@type\":\"ImageObject\",\"inLanguage\":\"ar\",\"@id\":\"https:\/\/www.dogrula.org\/#\/schema\/logo\/image\/\",\"url\":\"https:\/\/www.dogrula.org\/wp-content\/uploads\/logo-dogrula.svg\",\"contentUrl\":\"https:\/\/www.dogrula.org\/wp-content\/uploads\/logo-dogrula.svg\",\"caption\":\"Do\u011frula\"},\"image\":{\"@id\":\"https:\/\/www.dogrula.org\/#\/schema\/logo\/image\/\"}}]}<\/script>\n<!-- \/ Yoast SEO plugin. -->","yoast_head_json":{"title":"\u0627\u0644\u0645\u0639\u0627\u064a\u064a\u0631 \u0627\u0644\u0623\u062e\u0644\u0627\u0642\u064a\u0629 - Do\u011frula","robots":{"index":"index","follow":"follow","max-snippet":"max-snippet:-1","max-image-preview":"max-image-preview:large","max-video-preview":"max-video-preview:-1"},"canonical":"https:\/\/www.dogrula.org\/ar\/etik-standartlar\/","og_locale":"ar_AR","og_type":"article","og_title":"\u0627\u0644\u0645\u0639\u0627\u064a\u064a\u0631 \u0627\u0644\u0623\u062e\u0644\u0627\u0642\u064a\u0629 - Do\u011frula","og_description":"[vc_row][vc_column][vc_column_text] Do\u011frula \u0647\u0648 \u0645\u0648\u0642\u0639 \u062d\u0631 \u062a\u062d\u0631\u064a\u0631\u064a\u0627 \u0648\u0645\u0633\u062a\u0642\u0644 \u0633\u064a\u0627\u0633\u064a\u064b\u0627. \u0644\u0627 \u064a\u0642\u062f\u0645 \u0623\u0648 \u064a\u0639\u0628\u0631 \u0639\u0646 \u0623\u064a \u062f\u0639\u0645 \u0644\u0623\u064a [&hellip;]","og_url":"https:\/\/www.dogrula.org\/ar\/etik-standartlar\/","og_site_name":"Do\u011frula","article_modified_time":"2023-12-05T21:35:59+00:00","og_image":[{"width":1440,"height":450,"url":"https:\/\/www.dogrula.org\/wp-content\/uploads\/Group-6.png","type":"image\/png"}],"twitter_card":"summary_large_image","twitter_misc":{"\u0648\u0642\u062a \u0627\u0644\u0642\u0631\u0627\u0621\u0629 \u0627\u0644\u0645\u064f\u0642\u062f\u0651\u0631":"3 \u062f\u0642\u0627\u0626\u0642"},"schema":{"@context":"https:\/\/schema.org","@graph":[{"@type":"WebPage","@id":"https:\/\/www.dogrula.org\/ar\/etik-standartlar\/","url":"https:\/\/www.dogrula.org\/ar\/etik-standartlar\/","name":"\u0627\u0644\u0645\u0639\u0627\u064a\u064a\u0631 \u0627\u0644\u0623\u062e\u0644\u0627\u0642\u064a\u0629 - Do\u011frula","isPartOf":{"@id":"https:\/\/www.dogrula.org\/#website"},"datePublished":"2022-06-02T04:13:18+00:00","dateModified":"2023-12-05T21:35:59+00:00","breadcrumb":{"@id":"https:\/\/www.dogrula.org\/ar\/etik-standartlar\/#breadcrumb"},"inLanguage":"ar","potentialAction":[{"@type":"ReadAction","target":["https:\/\/www.dogrula.org\/ar\/etik-standartlar\/"]}]},{"@type":"BreadcrumbList","@id":"https:\/\/www.dogrula.org\/ar\/etik-standartlar\/#breadcrumb","itemListElement":[{"@type":"ListItem","position":1,"name":"Anasayfa","item":"https:\/\/www.dogrula.org\/ar\/"},{"@type":"ListItem","position":2,"name":"\u0627\u0644\u0645\u0639\u0627\u064a\u064a\u0631 \u0627\u0644\u0623\u062e\u0644\u0627\u0642\u064a\u0629"}]},{"@type":"WebSite","@id":"https:\/\/www.dogrula.org\/#website","url":"https:\/\/www.dogrula.org\/","name":"Do\u011frula","description":"Ger\u00e7e\u011fi Yakala","publisher":{"@id":"https:\/\/www.dogrula.org\/#organization"},"potentialAction":[{"@type":"SearchAction","target":{"@type":"EntryPoint","urlTemplate":"https:\/\/www.dogrula.org\/?s={search_term_string}"},"query-input":"required name=search_term_string"}],"inLanguage":"ar"},{"@type":"Organization","@id":"https:\/\/www.dogrula.org\/#organization","name":"Do\u011frula","url":"https:\/\/www.dogrula.org\/","logo":{"@type":"ImageObject","inLanguage":"ar","@id":"https:\/\/www.dogrula.org\/#\/schema\/logo\/image\/","url":"https:\/\/www.dogrula.org\/wp-content\/uploads\/logo-dogrula.svg","contentUrl":"https:\/\/www.dogrula.org\/wp-content\/uploads\/logo-dogrula.svg","caption":"Do\u011frula"},"image":{"@id":"https:\/\/www.dogrula.org\/#\/schema\/logo\/image\/"}}]}},"_links":{"self":[{"href":"https:\/\/www.dogrula.org\/ar\/wp-json\/wp\/v2\/pages\/86254","targetHints":{"allow":["GET"]}}],"collection":[{"href":"https:\/\/www.dogrula.org\/ar\/wp-json\/wp\/v2\/pages"}],"about":[{"href":"https:\/\/www.dogrula.org\/ar\/wp-json\/wp\/v2\/types\/page"}],"author":[{"embeddable":true,"href":"https:\/\/www.dogrula.org\/ar\/wp-json\/wp\/v2\/users\/1"}],"replies":[{"embeddable":true,"href":"https:\/\/www.dogrula.org\/ar\/wp-json\/wp\/v2\/comments?post=86254"}],"version-history":[{"count":2,"href":"https:\/\/www.dogrula.org\/ar\/wp-json\/wp\/v2\/pages\/86254\/revisions"}],"predecessor-version":[{"id":86284,"href":"https:\/\/www.dogrula.org\/ar\/wp-json\/wp\/v2\/pages\/86254\/revisions\/86284"}],"wp:featuredmedia":[{"embeddable":true,"href":"https:\/\/www.dogrula.org\/ar\/wp-json\/wp\/v2\/media\/42698"}],"wp:attachment":[{"href":"https:\/\/www.dogrula.org\/ar\/wp-json\/wp\/v2\/media?parent=86254"}],"curies":[{"name":"wp","href":"https:\/\/api.w.org\/{rel}","templated":true}]}}