{"id":86250,"date":"2022-05-20T14:05:59","date_gmt":"2022-05-20T11:05:59","guid":{"rendered":"https:\/\/www.dogrula.org\/biz-kimiz\/"},"modified":"2023-12-19T14:04:53","modified_gmt":"2023-12-19T11:04:53","slug":"who-are-we","status":"publish","type":"page","link":"https:\/\/www.dogrula.org\/ar\/who-are-we\/","title":{"rendered":"\u0645\u0646 \u0646\u062d\u0646\u061f"},"content":{"rendered":"<p>[vc_row el_class=&#8221;biz-kimiz-section-1&#8243;][vc_column width=&#8221;1\/2&#8243;][vc_single_image image=&#8221;1595&#8243; img_size=&#8221;full&#8221;][\/vc_column][vc_column width=&#8221;1\/2&#8243;][vc_custom_heading text=&#8221;\u0645\u0646 \u0646\u062d\u0646\u061f&#8221; use_theme_fonts=&#8221;yes&#8221;]\n                        <div class=\"col-12 col-sm-12 col-lg-12 kurumsal-item\">\n                            <div class=\"kurumsal-features\">\n                                <div class=\"row kurumsal-feature\">\n                                    <div class=\"col-lg-2\">\n                                    <div class=\"kurumsal-feature-icon\">\n                                        <img decoding=\"async\" src=\"https:\/\/www.dogrula.org\/wp-content\/uploads\/correct-icon.svg\" alt=\"\">\n                                    <\/div>\n                                    <\/div>\n                                    <div class=\"col-lg-10\">\n                                    <span>\u062a\u0639\u062f Dogrula.org ``\u062f\u0648\u063a\u0631\u0648\u0644\u0627.\u0623\u0648\u0631\u063a`` \u0645\u0628\u0627\u062f\u0631\u0629 \u0645\u0633\u062a\u0642\u0644\u0629 \u062a\u0639\u0645\u0644 \u0639\u0644\u0649 \u0645\u0643\u0627\u0641\u062d\u0629 \u0627\u0644\u062a\u0636\u0644\u064a\u0644 \u0648\u0627\u0644\u0645\u0639\u0644\u0648\u0645\u0627\u062a \u0627\u0644\u062e\u0627\u0637\u0626\u0629 \u0645\u0646 \u0623\u062c\u0644 \u0645\u0635\u0644\u062d\u0629 \u0627\u0644\u0631\u0623\u064a \u0627\u0644\u0639\u0627\u0645. \u0628\u062d\u064a\u062b \u062a\u0639\u062a\u0628\u0631 Dogrula \u0627\u0644\u062d\u0627\u0645\u0644\u0629 \u0644\u0631\u0642\u0645 \u0627\u0644\u062a\u0633\u062c\u064a\u0644 34-264-106\u060c \u0648\u0627\u0644\u062a\u0627\u0628\u0639\u0629 \u0644\u062c\u0645\u0639\u064a\u0629 \u0623\u0628\u062d\u0627\u062b \u0627\u0644\u0645\u062c\u062a\u0645\u0639 \u0627\u0644\u0631\u0642\u0645\u064a\u060c \u0645\u0646\u0638\u0645\u0629 \u062a\u062d\u0642\u0642 \u063a\u064a\u0631 \u0631\u0628\u062d\u064a\u0629.<\/span>\n                                <\/div>\n                                    <\/div>\n                            <\/div>\n                        <\/div>\n            \n                        <div class=\"col-12 col-sm-12 col-lg-12 kurumsal-item\">\n                            <div class=\"kurumsal-features\">\n                                <div class=\"row kurumsal-feature\">\n                                    <div class=\"col-lg-2\">\n                                    <div class=\"kurumsal-feature-icon\">\n                                        <img decoding=\"async\" src=\"https:\/\/www.dogrula.org\/wp-content\/uploads\/warning-icon.svg\" alt=\"\">\n                                    <\/div>\n                                    <\/div>\n                                    <div class=\"col-lg-10\">\n                                    <span>\u0645\u0646 \u062e\u0644\u0627\u0644 \u0627\u0644\u0627\u0639\u062a\u0642\u0627\u062f \u0623\u0646 \u0627\u0644\u0623\u0633\u0644\u0648\u0628 \u0627\u0644\u0634\u0641\u0627\u0641 \u0648\u063a\u064a\u0631 \u0627\u0644\u0645\u062a\u062d\u064a\u0632 \u0641\u064a \u0627\u0644\u062a\u062d\u0642\u0642 \u064a\u0639\u062f \u0623\u062f\u0627\u0629 \u0641\u0639\u0627\u0644\u0629\u060c \u064a\u0639\u0645\u0644 \u0645\u062d\u0631\u0631\u0648 Dogrula.org \u0639\u0644\u0649 \u0623\u0633\u0627\u0633 \u0623\u0646 \u0627\u0644\u062a\u062d\u0642\u0642 \u0627\u0644\u062e\u0627\u0637\u0626 \u0648\u063a\u064a\u0631 \u0627\u0644\u0645\u0628\u0646\u064a \u0639\u0644\u0649 \u0623\u0633\u0633 \u0633\u0644\u064a\u0645\u0629 \u064a\u0645\u0643\u0646 \u0623\u0646 \u064a\u0624\u062f\u064a \u0645\u0646 \u062c\u0647\u0629 \u0625\u0644\u0649 \u0627\u0646\u0639\u062f\u0627\u0645 \u0627\u0644\u062b\u0642\u0629 \u0641\u064a \u0648\u0633\u0627\u0626\u0644 \u0627\u0644\u0625\u0639\u0644\u0627\u0645 \u0648\u0627\u0644\u062e\u0628\u0631\u0627\u0621\u060c \u0643\u0645\u0627 \u064a\u0633\u062a\u0637\u064a\u0639 \u0623\u0646 \u064a\u062b\u064a\u0631 \u062d\u0627\u0644\u0629 \u0639\u062f\u0645 \u0627\u0644\u064a\u0642\u064a\u0646 \u0644\u062f\u0649 \u0627\u0644\u062c\u0645\u0647\u0648\u0631 \u0645\u0646 \u062c\u0647\u0629 \u0623\u062e\u0631\u0649.<\/span>\n                                <\/div>\n                                    <\/div>\n                            <\/div>\n                        <\/div>\n            \n                        <div class=\"col-12 col-sm-12 col-lg-12 kurumsal-item\">\n                            <div class=\"kurumsal-features\">\n                                <div class=\"row kurumsal-feature\">\n                                    <div class=\"col-lg-2\">\n                                    <div class=\"kurumsal-feature-icon\">\n                                        <img decoding=\"async\" src=\"https:\/\/www.dogrula.org\/wp-content\/uploads\/search-info-icon.svg\" alt=\"\">\n                                    <\/div>\n                                    <\/div>\n                                    <div class=\"col-lg-10\">\n                                    <span>\u064a\u0642\u0648\u0645 \u0645\u0648\u0642\u0639 Dogrula.org \u0627\u0644\u0630\u064a \u064a\u0639\u062a\u0645\u062f \u0628\u0627\u0644\u0623\u0633\u0627\u0633 \u0639\u0644\u0649 \u0627\u0644\u0645\u0635\u0627\u062f\u0631 \u0627\u0644\u0623\u0648\u0644\u064a\u0629\u060c \u0628\u0627\u0644\u0628\u062d\u062b \u0641\u064a \u062c\u0645\u064a\u0639 \u0627\u0644\u0627\u062f\u0639\u0627\u0621\u0627\u062a \u0627\u0644\u062a\u064a \u062a\u0647\u0645 \u0627\u0644\u0645\u0648\u0627\u0637\u0646\u064a\u0646 \u0648\u0627\u0644\u062a\u064a \u062a\u062a\u0648\u0627\u0641\u0642 \u0645\u0639 \u0645\u0639\u0627\u064a\u064a\u0631 \u0627\u062e\u062a\u064a\u0627\u0631\u0647\u0627 \u0644\u0644\u0627\u062f\u0639\u0627\u0621\u0627\u062a\u060c \u0643\u0645\u0627 \u064a\u0642\u062f\u0645 \u0627\u0633\u062a\u0646\u062a\u0627\u062c\u0627\u062a \u0628\u062e\u0635\u0648\u0635\u0647\u0627.<\/span>\n                                <\/div>\n                                    <\/div>\n                            <\/div>\n                        <\/div>\n            \n                        <div class=\"col-12 col-sm-12 col-lg-12 kurumsal-item\">\n                            <div class=\"kurumsal-features\">\n                                <div class=\"row kurumsal-feature\">\n                                    <div class=\"col-lg-2\">\n                                    <div class=\"kurumsal-feature-icon\">\n                                        <img decoding=\"async\" src=\"https:\/\/www.dogrula.org\/wp-content\/uploads\/web-content-icon.svg\" alt=\"\">\n                                    <\/div>\n                                    <\/div>\n                                    <div class=\"col-lg-10\">\n                                    <span>\u0641\u064a \u0647\u0630\u0627 \u0627\u0644\u0633\u064a\u0627\u0642\u060c \u0639\u0646\u062f\u0645\u0627 \u064a\u062d\u0635\u0644 \u0645\u0648\u0642\u0639 Dogrula.org \u0639\u0644\u0649 \u0645\u0627 \u064a\u0643\u0641\u064a \u0645\u0646 \u0627\u0644\u0628\u064a\u0627\u0646\u0627\u062a \u0644\u0628\u062d\u062b \u062f\u0642\u0629 \u0627\u0644\u0645\u0639\u0644\u0648\u0645\u0627\u062a \u0627\u0644\u062a\u064a \u064a\u0641\u062d\u0635\u0647\u0627\u060c \u064a\u0642\u0648\u0645 \u0628\u0645\u0637\u0627\u0628\u0642\u0647\u0627 \u0645\u0639 \u0645\u0639\u0627\u064a\u064a\u0631 \u062a\u0642\u064a\u064a\u0645 \u0627\u0644\u0646\u062a\u0627\u0626\u062c \u0627\u0644\u0645\u062a\u0648\u0627\u0641\u0642\u0629\u060c \u0643\u0645\u0627 \u064a\u0642\u0648\u0645 \u0628\u062a\u062d\u0648\u064a\u0644\u0647\u0627 \u0625\u0644\u0649 \u0646\u0635 \u0644\u062a\u0642\u062f\u064a\u0645\u0647\u0627 \u0644\u0644\u0642\u0631\u0627\u0621. \u0637\u0648\u0627\u0644 \u0647\u0630\u0647 \u0627\u0644\u0639\u0645\u0644\u064a\u0629\u060c \u064a\u0642\u0648\u0645 \u0641\u0631\u064a\u0642 Dogrula.org \u0628\u0627\u0644\u062a\u062d\u0631\u0643 \u0648\u0641\u0642\u0627\u064b \u0644\u0645\u0628\u0627\u062f\u0626 \u0627\u0644\u0628\u062d\u062b \u0648\u0627\u0644\u062d\u064a\u0627\u062f.<\/span>\n                                <\/div>\n                                    <\/div>\n                            <\/div>\n                        <\/div>\n            [\/vc_column][\/vc_row]<\/p>\n","protected":false},"excerpt":{"rendered":"<p>[vc_row el_class=&#8221;biz-kimiz-section-1&#8243;][vc_column width=&#8221;1\/2&#8243;][vc_single_image image=&#8221;1595&#8243; img_size=&#8221;full&#8221;][\/vc_column][vc_column width=&#8221;1\/2&#8243;][vc_custom_heading text=&#8221;\u0645\u0646 \u0646\u062d\u0646\u061f&#8221; use_theme_fonts=&#8221;yes&#8221;][\/vc_column][\/vc_row]<\/p>\n","protected":false},"author":1,"featured_media":42698,"parent":0,"menu_order":0,"comment_status":"closed","ping_status":"closed","template":"page-kurumsal.php","meta":{"footnotes":""},"class_list":["post-86250","page","type-page","status-publish","has-post-thumbnail","hentry"],"acf":[],"yoast_head":"<!-- This site is optimized with the Yoast SEO plugin v21.1 - https:\/\/yoast.com\/wordpress\/plugins\/seo\/ -->\n<title>\u0645\u0646 \u0646\u062d\u0646\u061f - Do\u011frula<\/title>\n<meta name=\"robots\" content=\"index, follow, max-snippet:-1, max-image-preview:large, max-video-preview:-1\" \/>\n<link rel=\"canonical\" href=\"https:\/\/www.dogrula.org\/ar\/who-are-we\/\" \/>\n<meta property=\"og:locale\" content=\"ar_AR\" \/>\n<meta property=\"og:type\" content=\"article\" \/>\n<meta property=\"og:title\" content=\"\u0645\u0646 \u0646\u062d\u0646\u061f - Do\u011frula\" \/>\n<meta property=\"og:description\" content=\"[vc_row el_class=&#8221;biz-kimiz-section-1&#8243;][vc_column width=&#8221;1\/2&#8243;][vc_single_image image=&#8221;1595&#8243; img_size=&#8221;full&#8221;][\/vc_column][vc_column width=&#8221;1\/2&#8243;][vc_custom_heading text=&#8221;\u0645\u0646 \u0646\u062d\u0646\u061f&#8221; use_theme_fonts=&#8221;yes&#8221;][\/vc_column][\/vc_row]\" \/>\n<meta property=\"og:url\" content=\"https:\/\/www.dogrula.org\/ar\/who-are-we\/\" \/>\n<meta property=\"og:site_name\" content=\"Do\u011frula\" \/>\n<meta property=\"article:modified_time\" content=\"2023-12-19T11:04:53+00:00\" \/>\n<meta property=\"og:image\" content=\"https:\/\/www.dogrula.org\/wp-content\/uploads\/Group-6.png\" \/>\n\t<meta property=\"og:image:width\" content=\"1440\" \/>\n\t<meta property=\"og:image:height\" content=\"450\" \/>\n\t<meta property=\"og:image:type\" content=\"image\/png\" \/>\n<meta name=\"twitter:card\" content=\"summary_large_image\" \/>\n<meta name=\"twitter:label1\" content=\"\u0648\u0642\u062a \u0627\u0644\u0642\u0631\u0627\u0621\u0629 \u0627\u0644\u0645\u064f\u0642\u062f\u0651\u0631\" \/>\n\t<meta name=\"twitter:data1\" content=\"\u062f\u0642\u064a\u0642\u062a\u0627\u0646\" \/>\n<script type=\"application\/ld+json\" class=\"yoast-schema-graph\">{\"@context\":\"https:\/\/schema.org\",\"@graph\":[{\"@type\":\"WebPage\",\"@id\":\"https:\/\/www.dogrula.org\/ar\/who-are-we\/\",\"url\":\"https:\/\/www.dogrula.org\/ar\/who-are-we\/\",\"name\":\"\u0645\u0646 \u0646\u062d\u0646\u061f - Do\u011frula\",\"isPartOf\":{\"@id\":\"https:\/\/www.dogrula.org\/#website\"},\"datePublished\":\"2022-05-20T11:05:59+00:00\",\"dateModified\":\"2023-12-19T11:04:53+00:00\",\"breadcrumb\":{\"@id\":\"https:\/\/www.dogrula.org\/ar\/who-are-we\/#breadcrumb\"},\"inLanguage\":\"ar\",\"potentialAction\":[{\"@type\":\"ReadAction\",\"target\":[\"https:\/\/www.dogrula.org\/ar\/who-are-we\/\"]}]},{\"@type\":\"BreadcrumbList\",\"@id\":\"https:\/\/www.dogrula.org\/ar\/who-are-we\/#breadcrumb\",\"itemListElement\":[{\"@type\":\"ListItem\",\"position\":1,\"name\":\"Anasayfa\",\"item\":\"https:\/\/www.dogrula.org\/ar\/\"},{\"@type\":\"ListItem\",\"position\":2,\"name\":\"\u0645\u0646 \u0646\u062d\u0646\u061f\"}]},{\"@type\":\"WebSite\",\"@id\":\"https:\/\/www.dogrula.org\/#website\",\"url\":\"https:\/\/www.dogrula.org\/\",\"name\":\"Do\u011frula\",\"description\":\"Ger\u00e7e\u011fi Yakala\",\"publisher\":{\"@id\":\"https:\/\/www.dogrula.org\/#organization\"},\"potentialAction\":[{\"@type\":\"SearchAction\",\"target\":{\"@type\":\"EntryPoint\",\"urlTemplate\":\"https:\/\/www.dogrula.org\/?s={search_term_string}\"},\"query-input\":\"required name=search_term_string\"}],\"inLanguage\":\"ar\"},{\"@type\":\"Organization\",\"@id\":\"https:\/\/www.dogrula.org\/#organization\",\"name\":\"Do\u011frula\",\"url\":\"https:\/\/www.dogrula.org\/\",\"logo\":{\"@type\":\"ImageObject\",\"inLanguage\":\"ar\",\"@id\":\"https:\/\/www.dogrula.org\/#\/schema\/logo\/image\/\",\"url\":\"https:\/\/www.dogrula.org\/wp-content\/uploads\/logo-dogrula.svg\",\"contentUrl\":\"https:\/\/www.dogrula.org\/wp-content\/uploads\/logo-dogrula.svg\",\"caption\":\"Do\u011frula\"},\"image\":{\"@id\":\"https:\/\/www.dogrula.org\/#\/schema\/logo\/image\/\"}}]}<\/script>\n<!-- \/ Yoast SEO plugin. -->","yoast_head_json":{"title":"\u0645\u0646 \u0646\u062d\u0646\u061f - Do\u011frula","robots":{"index":"index","follow":"follow","max-snippet":"max-snippet:-1","max-image-preview":"max-image-preview:large","max-video-preview":"max-video-preview:-1"},"canonical":"https:\/\/www.dogrula.org\/ar\/who-are-we\/","og_locale":"ar_AR","og_type":"article","og_title":"\u0645\u0646 \u0646\u062d\u0646\u061f - Do\u011frula","og_description":"[vc_row el_class=&#8221;biz-kimiz-section-1&#8243;][vc_column width=&#8221;1\/2&#8243;][vc_single_image image=&#8221;1595&#8243; img_size=&#8221;full&#8221;][\/vc_column][vc_column width=&#8221;1\/2&#8243;][vc_custom_heading text=&#8221;\u0645\u0646 \u0646\u062d\u0646\u061f&#8221; use_theme_fonts=&#8221;yes&#8221;][\/vc_column][\/vc_row]","og_url":"https:\/\/www.dogrula.org\/ar\/who-are-we\/","og_site_name":"Do\u011frula","article_modified_time":"2023-12-19T11:04:53+00:00","og_image":[{"width":1440,"height":450,"url":"https:\/\/www.dogrula.org\/wp-content\/uploads\/Group-6.png","type":"image\/png"}],"twitter_card":"summary_large_image","twitter_misc":{"\u0648\u0642\u062a \u0627\u0644\u0642\u0631\u0627\u0621\u0629 \u0627\u0644\u0645\u064f\u0642\u062f\u0651\u0631":"\u062f\u0642\u064a\u0642\u062a\u0627\u0646"},"schema":{"@context":"https:\/\/schema.org","@graph":[{"@type":"WebPage","@id":"https:\/\/www.dogrula.org\/ar\/who-are-we\/","url":"https:\/\/www.dogrula.org\/ar\/who-are-we\/","name":"\u0645\u0646 \u0646\u062d\u0646\u061f - Do\u011frula","isPartOf":{"@id":"https:\/\/www.dogrula.org\/#website"},"datePublished":"2022-05-20T11:05:59+00:00","dateModified":"2023-12-19T11:04:53+00:00","breadcrumb":{"@id":"https:\/\/www.dogrula.org\/ar\/who-are-we\/#breadcrumb"},"inLanguage":"ar","potentialAction":[{"@type":"ReadAction","target":["https:\/\/www.dogrula.org\/ar\/who-are-we\/"]}]},{"@type":"BreadcrumbList","@id":"https:\/\/www.dogrula.org\/ar\/who-are-we\/#breadcrumb","itemListElement":[{"@type":"ListItem","position":1,"name":"Anasayfa","item":"https:\/\/www.dogrula.org\/ar\/"},{"@type":"ListItem","position":2,"name":"\u0645\u0646 \u0646\u062d\u0646\u061f"}]},{"@type":"WebSite","@id":"https:\/\/www.dogrula.org\/#website","url":"https:\/\/www.dogrula.org\/","name":"Do\u011frula","description":"Ger\u00e7e\u011fi Yakala","publisher":{"@id":"https:\/\/www.dogrula.org\/#organization"},"potentialAction":[{"@type":"SearchAction","target":{"@type":"EntryPoint","urlTemplate":"https:\/\/www.dogrula.org\/?s={search_term_string}"},"query-input":"required name=search_term_string"}],"inLanguage":"ar"},{"@type":"Organization","@id":"https:\/\/www.dogrula.org\/#organization","name":"Do\u011frula","url":"https:\/\/www.dogrula.org\/","logo":{"@type":"ImageObject","inLanguage":"ar","@id":"https:\/\/www.dogrula.org\/#\/schema\/logo\/image\/","url":"https:\/\/www.dogrula.org\/wp-content\/uploads\/logo-dogrula.svg","contentUrl":"https:\/\/www.dogrula.org\/wp-content\/uploads\/logo-dogrula.svg","caption":"Do\u011frula"},"image":{"@id":"https:\/\/www.dogrula.org\/#\/schema\/logo\/image\/"}}]}},"_links":{"self":[{"href":"https:\/\/www.dogrula.org\/ar\/wp-json\/wp\/v2\/pages\/86250","targetHints":{"allow":["GET"]}}],"collection":[{"href":"https:\/\/www.dogrula.org\/ar\/wp-json\/wp\/v2\/pages"}],"about":[{"href":"https:\/\/www.dogrula.org\/ar\/wp-json\/wp\/v2\/types\/page"}],"author":[{"embeddable":true,"href":"https:\/\/www.dogrula.org\/ar\/wp-json\/wp\/v2\/users\/1"}],"replies":[{"embeddable":true,"href":"https:\/\/www.dogrula.org\/ar\/wp-json\/wp\/v2\/comments?post=86250"}],"version-history":[{"count":7,"href":"https:\/\/www.dogrula.org\/ar\/wp-json\/wp\/v2\/pages\/86250\/revisions"}],"predecessor-version":[{"id":86591,"href":"https:\/\/www.dogrula.org\/ar\/wp-json\/wp\/v2\/pages\/86250\/revisions\/86591"}],"wp:featuredmedia":[{"embeddable":true,"href":"https:\/\/www.dogrula.org\/ar\/wp-json\/wp\/v2\/media\/42698"}],"wp:attachment":[{"href":"https:\/\/www.dogrula.org\/ar\/wp-json\/wp\/v2\/media?parent=86250"}],"curies":[{"name":"wp","href":"https:\/\/api.w.org\/{rel}","templated":true}]}}