{"id":85819,"date":"2022-05-23T10:12:02","date_gmt":"2022-05-23T07:12:02","guid":{"rendered":"https:\/\/www.dogrula.org\/?page_id=85819"},"modified":"2023-12-18T14:08:04","modified_gmt":"2023-12-18T11:08:04","slug":"our-basic-principles-ar","status":"publish","type":"page","link":"https:\/\/www.dogrula.org\/ar\/our-basic-principles-ar\/","title":{"rendered":"\u0645\u0628\u0627\u062f\u0626\u0646\u0627 \u0627\u0644\u0623\u0633\u0627\u0633\u064a \u0629"},"content":{"rendered":"<p>[vc_row el_class=&#8221;temel-ilkelerimiz-section-1&#8243;][vc_column][vc_custom_heading text=&#8221;\u0645\u0628\u0627\u062f\u0626\u0646\u0627 \u0627\u0644\u0623\u0633\u0627\u0633\u064a\u0629&#8221; use_theme_fonts=&#8221;yes&#8221;][\/vc_column][\/vc_row][vc_row][vc_column]<div class=\"dogrulailkeler\">\r\n\r\n                    <div class=\"dogrulailkeler_single\" >\r\n                    <div class=\"row\">\r\n                    <div class=\"col-lg-2\"><img decoding=\"async\" src=\"https:\/\/www.dogrula.org\/wp-content\/uploads\/terazi-icon.svg\" alt=\"\u0627\u0644\u0627\u0644\u062a\u0632\u0627\u0645 \u0628\u0645\u0628\u062f\u0623 \u0627\u0644\u062d\u064a\u0627\u062f \u0648\u0627\u0644\u0633\u0644\u0648\u0643 \u0627\u0644\u0639\u0627\u062f\u0644\" class=\"ilkelr-img\"><\/div>\r\n                    <div class=\"col-lg-10\">  <h3>  \u0627\u0644\u0627\u0644\u062a\u0632\u0627\u0645 \u0628\u0645\u0628\u062f\u0623 \u0627\u0644\u062d\u064a\u0627\u062f \u0648\u0627\u0644\u0633\u0644\u0648\u0643 \u0627\u0644\u0639\u0627\u062f\u0644 <\/h3><\/div>\r\n                    <\/div>\r\n\r\n                    <div class=\"col-lg-12 box-aciklama\">\r\n                      <p>  \u064a\u0642\u0648\u0645 \u0645\u0648\u0642\u0639 Dogrula.org \u0628\u0625\u062c\u0631\u0627\u0621 \u0643\u0644 \u062a\u062d\u0644\u064a\u0644 \u0648\u0641\u0642\u064b\u0627 \u0644\u0645\u0639\u0627\u064a\u064a\u0631 \u0645\u062a\u0637\u0627\u0628\u0642\u0629. \u064a\u0646\u062a\u062c \u0645\u062d\u062a\u0648\u0649 \u0628\u0634\u0643\u0644 \u0645\u0633\u062a\u0642\u0644 \u0639\u0646 \u0645\u0635\u0627\u062f\u0631 \u0627\u0644\u062a\u0645\u0648\u064a\u0644 \u0627\u0644\u0645\u0642\u0628\u0648\u0644\u0629 \u0645\u0646 \u0642\u0628\u0644 \u0627\u0644\u0645\u0634\u0631\u0648\u0639 \u0623\u0648 \u0627\u0644\u0645\u0624\u0633\u0633\u0629. \u0648\u0644\u0627 \u064a\u0631\u0643\u0632 \u0639\u0644\u0649 \u0623\u064a \u062c\u0627\u0646\u0628 \u0633\u064a\u0627\u0633\u064a \u0639\u0646\u062f \u0625\u062c\u0631\u0627\u0621 \u062a\u062d\u0644\u064a\u0644\u0627\u062a\u0647. \u064a\u0644\u062a\u0632\u0645 \u0628\u062a\u0646\u0641\u064a\u0630 \u0646\u0641\u0633 \u0639\u0645\u0644\u064a\u0627\u062a \u0627\u0644\u062a\u062d\u0643\u0645 \u0641\u064a \u0643\u0644 \u062a\u062d\u0644\u064a\u0644\u060c \u0643\u0645\u0627 \u064a\u0648\u0644\u064a \u0627\u0647\u062a\u0645\u0627\u0645\u064b\u0627 \u0641\u0642\u0637 \u0644\u0644\u0648\u0635\u0648\u0644 \u0625\u0644\u0649 \u0627\u0644\u0623\u062f\u0644\u0629. \u0644\u0627 \u064a\u062f\u0627\u0641\u0639 \u0639\u0646 \u0623\u064a \u0622\u0631\u0627\u0621 \u0641\u064a \u0627\u0644\u0645\u0648\u0627\u0636\u064a\u0639 \u0627\u0644\u062a\u064a \u064a\u062a\u0645 \u062a\u062d\u0644\u064a\u0644\u0647\u0627 \u0648\u0644\u0627 \u064a\u062a\u062e\u0630 \u0623\u064a \u062c\u0627\u0646\u0628 \u0633\u064a\u0627\u0633\u064a.<\/p>\r\n                    <\/div>\r\n                      <\/a>\r\n\r\n                    <\/div>\r\n\r\n                <\/div><div class=\"dogrulailkeler\">\r\n\r\n                    <div class=\"dogrulailkeler_single\" >\r\n                    <div class=\"row\">\r\n                    <div class=\"col-lg-2\"><img decoding=\"async\" src=\"https:\/\/www.dogrula.org\/wp-content\/uploads\/haber-icon.svg\" alt=\"\u0627\u0644\u0627\u0644\u062a\u0632\u0627\u0645 \u0628\u0645\u0628\u062f\u0623 \u0634\u0641\u0627\u0641\u064a\u0629 \u0627\u0644\u0645\u0635\u0627\u062f\u0631\" class=\"ilkelr-img\"><\/div>\r\n                    <div class=\"col-lg-10\">  <h3>  \u0627\u0644\u0627\u0644\u062a\u0632\u0627\u0645 \u0628\u0645\u0628\u062f\u0623 \u0634\u0641\u0627\u0641\u064a\u0629 \u0627\u0644\u0645\u0635\u0627\u062f\u0631 <\/h3><\/div>\r\n                    <\/div>\r\n\r\n                    <div class=\"col-lg-12 box-aciklama\">\r\n                      <p>  \u064a\u0631\u063a\u0628 \u0645\u0648\u0642\u0639 Dogrula.org \u0641\u064a \u062a\u0645\u0643\u064a\u0646 \u0645\u062a\u0627\u0628\u0639\u064a\u0647 \u0623\u064a\u0636\u064b\u0627 \u0645\u0646 \u0627\u0644\u062a\u062d\u0642\u0642 \u0645\u0646 \u0627\u0644\u062a\u062d\u0644\u064a\u0644\u0627\u062a \u0627\u0644\u062a\u064a \u064a\u062c\u0631\u064a\u0647\u0627. \u0627\u0644\u0645\u0635\u0627\u062f\u0631 \u0627\u0644\u0645\u0633\u062a\u062e\u062f\u0645\u0629 \u0645\u0630\u0643\u0648\u0631\u0629 \u0628\u0627\u0644\u062a\u0641\u0635\u064a\u0644 \u062d\u062a\u0649 \u064a\u062a\u0645\u0643\u0646 \u0627\u0644\u0645\u062a\u0627\u0628\u0639\u064a\u0646 \u0645\u0646 \u0625\u0639\u0627\u062f\u0629 \u0639\u0645\u0644\u064a\u0629 \u0627\u0644\u0628\u062d\u062b \u0625\u0630\u0627 \u0631\u063a\u0628\u0648\u0627 \u0641\u064a \u0630\u0644\u0643. \u0625\u0630\u0627 \u0643\u0627\u0646 \u0627\u0644\u0643\u0634\u0641 \u0639\u0646 \u0647\u0648\u064a\u0629 \u0627\u0644\u0645\u0635\u062f\u0631 \u064a\u0645\u0643\u0646 \u0623\u0646 \u064a\u0634\u0643\u0644 \u062a\u0647\u062f\u064a\u062f\u064b\u0627 \u0644\u0633\u0644\u0627\u0645\u062a\u0647 \u0627\u0644\u0634\u062e\u0635\u064a\u0629\u060c \u062a\u062a\u0645 \u0645\u0634\u0627\u0631\u0643\u0629 \u0627\u0644\u062a\u0641\u0627\u0635\u064a\u0644 \u0628\u0642\u062f\u0631 \u0627\u0644\u0625\u0645\u0643\u0627\u0646 \u0645\u0639 \u0634\u0631\u0637 \u0639\u062f\u0645 \u062a\u0639\u0631\u064a\u0636 \u0627\u0644\u0645\u0635\u062f\u0631 \u0644\u0644\u062e\u0637\u0631.<\/p>\r\n                    <\/div>\r\n                      <\/a>\r\n\r\n                    <\/div>\r\n\r\n                <\/div><div class=\"dogrulailkeler\">\r\n\r\n                    <div class=\"dogrulailkeler_single\" >\r\n                    <div class=\"row\">\r\n                    <div class=\"col-lg-2\"><img decoding=\"async\" src=\"https:\/\/www.dogrula.org\/wp-content\/uploads\/finans-icon.svg\" alt=\"\u0627\u0644\u0627\u0644\u062a\u0632\u0627\u0645 \u0628\u0645\u0628\u062f\u0623 \u0634\u0641\u0627\u0641\u064a\u0629 \u0627\u0644\u0647\u064a\u0643\u0644 \u0627\u0644\u0645\u0627\u0644\u064a \u0648\u0627\u0644\u062a\u0646\u0638\u064a\u0645\u064a\" class=\"ilkelr-img\"><\/div>\r\n                    <div class=\"col-lg-10\">  <h3>  \u0627\u0644\u0627\u0644\u062a\u0632\u0627\u0645 \u0628\u0645\u0628\u062f\u0623 \u0634\u0641\u0627\u0641\u064a\u0629 \u0627\u0644\u0647\u064a\u0643\u0644 \u0627\u0644\u0645\u0627\u0644\u064a \u0648\u0627\u0644\u062a\u0646\u0638\u064a\u0645\u064a <\/h3><\/div>\r\n                    <\/div>\r\n\r\n                    <div class=\"col-lg-12 box-aciklama\">\r\n                      <p>  \u064a\u062a\u0645\u062a\u0639 Dogrula.org \u0628\u0627\u0644\u0634\u0641\u0627\u0641\u064a\u0629 \u0641\u064a\u0645\u0627 \u064a\u062a\u0639\u0644\u0642 \u0628\u0627\u0644\u0645\u0648\u0627\u0631\u062f \u0627\u0644\u0645\u0627\u0644\u064a\u0629. \u064a\u0645\u0643\u0646\u0647 \u0642\u0628\u0648\u0644 \u0627\u0644\u062a\u0645\u0648\u064a\u0644 \u0645\u0646 \u0627\u0644\u0645\u0646\u0638\u0645\u0627\u062a \u0645\u0627 \u0644\u0645 \u064a\u0643\u0646 \u0647\u0646\u0627\u0643 \u0634\u0631\u0648\u0637 \u062a\u0624\u062b\u0631 \u0639\u0644\u0649 \u0646\u062a\u0627\u0626\u062c \u0627\u0644\u062a\u062d\u0644\u064a\u0644. \u064a\u062a\u0645 \u0646\u0634\u0631 \u0627\u0644\u062e\u0644\u0641\u064a\u0627\u062a \u0627\u0644\u0645\u0647\u0646\u064a\u0629 \u0644\u0644\u0634\u062e\u0635\u064a\u0627\u062a \u0627\u0644\u0647\u0627\u0645\u0629 \u0641\u064a \u0627\u0644\u0647\u064a\u0643\u0644 \u0627\u0644\u0645\u0624\u0633\u0633\u064a \u0648\u0627\u0644\u0647\u064a\u0643\u0644 \u0627\u0644\u062a\u0646\u0638\u064a\u0645\u064a \u0644\u0644\u0645\u0624\u0633\u0633\u0629 \u0627\u0644\u0645\u0645\u0648\u0644\u0629 \u0628\u0634\u0643\u0644 \u0639\u0644\u0646\u064a. \u0643\u0645\u0627 \u064a\u062d\u0631\u0635 \u0639\u0644\u0649 \u0636\u0645\u0627\u0646 \u0648\u062c\u0648\u062f \u0642\u0646\u0627\u0629 \u064a\u0633\u062a\u0637\u064a\u0639 \u0627\u0644\u0642\u0631\u0627\u0621 \u0645\u0646 \u062e\u0644\u0627\u0644\u0647\u0627 \u0627\u0644\u0648\u0635\u0648\u0644 \u0625\u0644\u0649 \u0647\u0630\u0647 \u0627\u0644\u0645\u0624\u0633\u0633\u0629 \u062a\u062d\u062a \u062c\u0645\u064a\u0639 \u0627\u0644\u0634\u0631\u0648\u0637.<\/p>\r\n                    <\/div>\r\n                      <\/a>\r\n\r\n                    <\/div>\r\n\r\n                <\/div><div class=\"dogrulailkeler\">\r\n\r\n                    <div class=\"dogrulailkeler_single\" >\r\n                    <div class=\"row\">\r\n                    <div class=\"col-lg-2\"><img decoding=\"async\" src=\"https:\/\/www.dogrula.org\/wp-content\/uploads\/yonetim-icon.svg\" alt=\"\u0627\u0644\u0627\u0644\u062a\u0632\u0627\u0645 \u0628\u0645\u0628\u062f\u0623 \u0634\u0641\u0627\u0641\u064a\u0629 \u0627\u0644\u0623\u0633\u0644\u0648\u0628\" class=\"ilkelr-img\"><\/div>\r\n                    <div class=\"col-lg-10\">  <h3>  \u0627\u0644\u0627\u0644\u062a\u0632\u0627\u0645 \u0628\u0645\u0628\u062f\u0623 \u0634\u0641\u0627\u0641\u064a\u0629 \u0627\u0644\u0623\u0633\u0644\u0648\u0628 <\/h3><\/div>\r\n                    <\/div>\r\n\r\n                    <div class=\"col-lg-12 box-aciklama\">\r\n                      <p>  \u064a\u0634\u0631\u062d Dogrula.org \u0628\u0627\u0644\u062a\u0641\u0635\u064a\u0644 \u0639\u0645\u0644\u064a\u0629 \u0627\u062e\u062a\u064a\u0627\u0631 \u0648\u0628\u062d\u062b \u0627\u0644\u0627\u062f\u0639\u0627\u0621\u0627\u062a\u060c \u0643\u062a\u0627\u0628\u0629 \u0648\u062a\u062d\u0631\u064a\u0631 \u0627\u0644\u062a\u062d\u0627\u0644\u064a\u0644\u060c \u0646\u0634\u0631\u0647\u0627 \u0648\u062a\u0635\u062d\u064a\u062d\u0647\u0627. \u0643\u0645\u0627 \u064a\u0634\u062c\u0639 Dogrula.org \u0642\u0631\u0627\u0626\u0647 \u0639\u0644\u0649 \u0627\u0644\u062a\u0648\u0627\u0635\u0644 \u0645\u0639\u0647 \u0644\u0645\u062a\u0627\u0628\u0639\u0629 \u0627\u0644\u0627\u062f\u0639\u0627\u0621\u0627\u062a \u0627\u0644\u0631\u0627\u0647\u0646\u0629 \u0648\u0627\u0644\u062a\u062d\u0642\u0642 \u0645\u0646\u0647\u0627\u060c \u0648\u064a\u0648\u0636\u062d \u0644\u0647\u0645 \u0633\u0628\u0628 \u0648\u0643\u064a\u0641\u064a\u0629 \u0625\u062c\u0631\u0627\u0621 \u0639\u0645\u0644\u064a\u0627\u062a \u0627\u0644\u062a\u062d\u0642\u0642.<\/p>\r\n                    <\/div>\r\n                      <\/a>\r\n\r\n                    <\/div>\r\n\r\n                <\/div><div class=\"dogrulailkeler\">\r\n\r\n                    <div class=\"dogrulailkeler_single\" >\r\n                    <div class=\"row\">\r\n                    <div class=\"col-lg-2\"><img decoding=\"async\" src=\"https:\/\/www.dogrula.org\/wp-content\/uploads\/analiz-icon.svg\" alt=\"\u0627\u0644\u0627\u0644\u062a\u0632\u0627\u0645 \u0628\u0645\u0628\u062f\u0623 \u0627\u0644\u062a\u0635\u062d\u064a\u062d \u0627\u0644\u0648\u0627\u0636\u062d \u0648\u0627\u0644\u0645\u0648\u062b\u0648\u0642 \u0644\u0644\u062a\u062d\u0644\u064a\u0644\u0627\u062a\" class=\"ilkelr-img\"><\/div>\r\n                    <div class=\"col-lg-10\">  <h3>  \u0627\u0644\u0627\u0644\u062a\u0632\u0627\u0645 \u0628\u0645\u0628\u062f\u0623 \u0627\u0644\u062a\u0635\u062d\u064a\u062d \u0627\u0644\u0648\u0627\u0636\u062d \u0648\u0627\u0644\u0645\u0648\u062b\u0648\u0642 \u0644\u0644\u062a\u062d\u0644\u064a\u0644\u0627\u062a <\/h3><\/div>\r\n                    <\/div>\r\n\r\n                    <div class=\"col-lg-12 box-aciklama\">\r\n                      <p>  \u064a\u0646\u0634\u0631 Dogrula.org \u0633\u064a\u0627\u0633\u0629 \u0627\u0644\u062a\u0635\u062d\u064a\u062d \u0627\u0644\u062e\u0627\u0635\u0629 \u0628\u0647 \u0641\u064a \u062a\u062d\u0644\u064a\u0644\u0627\u062a\u0647 \u0645\u0633\u0628\u0642\u064b\u0627 \u0648\u064a\u062a\u0628\u0639 \u0647\u0630\u0647 \u0627\u0644\u0633\u064a\u0627\u0633\u0629 \u0628\u0639\u0646\u0627\u064a\u0629. \u0643\u0645\u0627 \u064a\u0642\u0648\u0645 \u0628\u0625\u062c\u0631\u0627\u0621 \u0627\u0644\u062a\u0635\u062d\u064a\u062d\u0627\u062a \u0648\u0641\u0642\u064b\u0627 \u0644\u0647\u0630\u0647 \u0627\u0644\u0633\u064a\u0627\u0633\u0629 \u0648\u064a\u0636\u0645\u0646 \u0644\u0645\u062a\u0627\u0628\u0639\u064a\u0647 \u0627\u0644\u0648\u0635\u0648\u0644 \u0625\u0644\u0649 \u0627\u0644\u0646\u0633\u062e\u0629 \u0627\u0644\u0645\u0635\u062d\u062d\u0629 \u0628\u0642\u062f\u0631 \u0627\u0644\u0625\u0645\u0643\u0627\u0646. \u0625\u0630\u0627 \u0643\u0646\u062a \u062a\u0639\u062a\u0642\u062f \u0623\u0646 \u0645\u0648\u0642\u0639 Dogrula.org \u064a\u0646\u062a\u0647\u0643 \u0627\u0644\u0645\u0628\u0627\u062f\u0626 \u0627\u0644\u0645\u0630\u0643\u0648\u0631\u0629 \u0623\u0639\u0644\u0627\u0647\u060c \u064a\u0631\u062c\u0649 \u0627\u0644\u062a\u0648\u0627\u0635\u0644 \u0645\u0639\u0646\u0627.<\/p>\r\n                    <\/div>\r\n                      <\/a>\r\n\r\n                    <\/div>\r\n\r\n                <\/div>[\/vc_column][\/vc_row]<\/p>\n","protected":false},"excerpt":{"rendered":"<p>[vc_row el_class=&#8221;temel-ilkelerimiz-section-1&#8243;][vc_column][vc_custom_heading text=&#8221;\u0645\u0628\u0627\u062f\u0626\u0646\u0627 \u0627\u0644\u0623\u0633\u0627\u0633\u064a\u0629&#8221; use_theme_fonts=&#8221;yes&#8221;][\/vc_column][\/vc_row][vc_row][vc_column][\/vc_column][\/vc_row]<\/p>\n","protected":false},"author":38,"featured_media":42698,"parent":0,"menu_order":0,"comment_status":"closed","ping_status":"closed","template":"page-kurumsal.php","meta":{"footnotes":""},"class_list":["post-85819","page","type-page","status-publish","has-post-thumbnail","hentry"],"acf":[],"yoast_head":"<!-- This site is optimized with the Yoast SEO plugin v21.1 - https:\/\/yoast.com\/wordpress\/plugins\/seo\/ -->\n<title>\u0645\u0628\u0627\u062f\u0626\u0646\u0627 \u0627\u0644\u0623\u0633\u0627\u0633\u064a \u0629 - Do\u011frula<\/title>\n<meta name=\"robots\" content=\"index, follow, max-snippet:-1, max-image-preview:large, max-video-preview:-1\" \/>\n<link rel=\"canonical\" href=\"https:\/\/www.dogrula.org\/ar\/our-basic-principles-ar\/\" \/>\n<meta property=\"og:locale\" content=\"ar_AR\" \/>\n<meta property=\"og:type\" content=\"article\" \/>\n<meta property=\"og:title\" content=\"\u0645\u0628\u0627\u062f\u0626\u0646\u0627 \u0627\u0644\u0623\u0633\u0627\u0633\u064a \u0629 - Do\u011frula\" \/>\n<meta property=\"og:description\" content=\"[vc_row el_class=&#8221;temel-ilkelerimiz-section-1&#8243;][vc_column][vc_custom_heading text=&#8221;\u0645\u0628\u0627\u062f\u0626\u0646\u0627 \u0627\u0644\u0623\u0633\u0627\u0633\u064a\u0629&#8221; use_theme_fonts=&#8221;yes&#8221;][\/vc_column][\/vc_row][vc_row][vc_column][\/vc_column][\/vc_row]\" \/>\n<meta property=\"og:url\" content=\"https:\/\/www.dogrula.org\/ar\/our-basic-principles-ar\/\" \/>\n<meta property=\"og:site_name\" content=\"Do\u011frula\" \/>\n<meta property=\"article:modified_time\" content=\"2023-12-18T11:08:04+00:00\" \/>\n<meta property=\"og:image\" content=\"https:\/\/www.dogrula.org\/wp-content\/uploads\/Group-6.png\" \/>\n\t<meta property=\"og:image:width\" content=\"1440\" \/>\n\t<meta property=\"og:image:height\" content=\"450\" \/>\n\t<meta property=\"og:image:type\" content=\"image\/png\" \/>\n<meta name=\"twitter:card\" content=\"summary_large_image\" \/>\n<meta name=\"twitter:label1\" content=\"\u0648\u0642\u062a \u0627\u0644\u0642\u0631\u0627\u0621\u0629 \u0627\u0644\u0645\u064f\u0642\u062f\u0651\u0631\" \/>\n\t<meta name=\"twitter:data1\" content=\"\u062f\u0642\u064a\u0642\u062a\u0627\u0646\" \/>\n<script type=\"application\/ld+json\" class=\"yoast-schema-graph\">{\"@context\":\"https:\/\/schema.org\",\"@graph\":[{\"@type\":\"WebPage\",\"@id\":\"https:\/\/www.dogrula.org\/ar\/our-basic-principles-ar\/\",\"url\":\"https:\/\/www.dogrula.org\/ar\/our-basic-principles-ar\/\",\"name\":\"\u0645\u0628\u0627\u062f\u0626\u0646\u0627 \u0627\u0644\u0623\u0633\u0627\u0633\u064a \u0629 - Do\u011frula\",\"isPartOf\":{\"@id\":\"https:\/\/www.dogrula.org\/#website\"},\"datePublished\":\"2022-05-23T07:12:02+00:00\",\"dateModified\":\"2023-12-18T11:08:04+00:00\",\"breadcrumb\":{\"@id\":\"https:\/\/www.dogrula.org\/ar\/our-basic-principles-ar\/#breadcrumb\"},\"inLanguage\":\"ar\",\"potentialAction\":[{\"@type\":\"ReadAction\",\"target\":[\"https:\/\/www.dogrula.org\/ar\/our-basic-principles-ar\/\"]}]},{\"@type\":\"BreadcrumbList\",\"@id\":\"https:\/\/www.dogrula.org\/ar\/our-basic-principles-ar\/#breadcrumb\",\"itemListElement\":[{\"@type\":\"ListItem\",\"position\":1,\"name\":\"Anasayfa\",\"item\":\"https:\/\/www.dogrula.org\/ar\/\"},{\"@type\":\"ListItem\",\"position\":2,\"name\":\"\u0645\u0628\u0627\u062f\u0626\u0646\u0627 \u0627\u0644\u0623\u0633\u0627\u0633\u064a \u0629\"}]},{\"@type\":\"WebSite\",\"@id\":\"https:\/\/www.dogrula.org\/#website\",\"url\":\"https:\/\/www.dogrula.org\/\",\"name\":\"Do\u011frula\",\"description\":\"Ger\u00e7e\u011fi Yakala\",\"publisher\":{\"@id\":\"https:\/\/www.dogrula.org\/#organization\"},\"potentialAction\":[{\"@type\":\"SearchAction\",\"target\":{\"@type\":\"EntryPoint\",\"urlTemplate\":\"https:\/\/www.dogrula.org\/?s={search_term_string}\"},\"query-input\":\"required name=search_term_string\"}],\"inLanguage\":\"ar\"},{\"@type\":\"Organization\",\"@id\":\"https:\/\/www.dogrula.org\/#organization\",\"name\":\"Do\u011frula\",\"url\":\"https:\/\/www.dogrula.org\/\",\"logo\":{\"@type\":\"ImageObject\",\"inLanguage\":\"ar\",\"@id\":\"https:\/\/www.dogrula.org\/#\/schema\/logo\/image\/\",\"url\":\"https:\/\/www.dogrula.org\/wp-content\/uploads\/logo-dogrula.svg\",\"contentUrl\":\"https:\/\/www.dogrula.org\/wp-content\/uploads\/logo-dogrula.svg\",\"caption\":\"Do\u011frula\"},\"image\":{\"@id\":\"https:\/\/www.dogrula.org\/#\/schema\/logo\/image\/\"}}]}<\/script>\n<!-- \/ Yoast SEO plugin. -->","yoast_head_json":{"title":"\u0645\u0628\u0627\u062f\u0626\u0646\u0627 \u0627\u0644\u0623\u0633\u0627\u0633\u064a \u0629 - Do\u011frula","robots":{"index":"index","follow":"follow","max-snippet":"max-snippet:-1","max-image-preview":"max-image-preview:large","max-video-preview":"max-video-preview:-1"},"canonical":"https:\/\/www.dogrula.org\/ar\/our-basic-principles-ar\/","og_locale":"ar_AR","og_type":"article","og_title":"\u0645\u0628\u0627\u062f\u0626\u0646\u0627 \u0627\u0644\u0623\u0633\u0627\u0633\u064a \u0629 - Do\u011frula","og_description":"[vc_row el_class=&#8221;temel-ilkelerimiz-section-1&#8243;][vc_column][vc_custom_heading text=&#8221;\u0645\u0628\u0627\u062f\u0626\u0646\u0627 \u0627\u0644\u0623\u0633\u0627\u0633\u064a\u0629&#8221; use_theme_fonts=&#8221;yes&#8221;][\/vc_column][\/vc_row][vc_row][vc_column][\/vc_column][\/vc_row]","og_url":"https:\/\/www.dogrula.org\/ar\/our-basic-principles-ar\/","og_site_name":"Do\u011frula","article_modified_time":"2023-12-18T11:08:04+00:00","og_image":[{"width":1440,"height":450,"url":"https:\/\/www.dogrula.org\/wp-content\/uploads\/Group-6.png","type":"image\/png"}],"twitter_card":"summary_large_image","twitter_misc":{"\u0648\u0642\u062a \u0627\u0644\u0642\u0631\u0627\u0621\u0629 \u0627\u0644\u0645\u064f\u0642\u062f\u0651\u0631":"\u062f\u0642\u064a\u0642\u062a\u0627\u0646"},"schema":{"@context":"https:\/\/schema.org","@graph":[{"@type":"WebPage","@id":"https:\/\/www.dogrula.org\/ar\/our-basic-principles-ar\/","url":"https:\/\/www.dogrula.org\/ar\/our-basic-principles-ar\/","name":"\u0645\u0628\u0627\u062f\u0626\u0646\u0627 \u0627\u0644\u0623\u0633\u0627\u0633\u064a \u0629 - Do\u011frula","isPartOf":{"@id":"https:\/\/www.dogrula.org\/#website"},"datePublished":"2022-05-23T07:12:02+00:00","dateModified":"2023-12-18T11:08:04+00:00","breadcrumb":{"@id":"https:\/\/www.dogrula.org\/ar\/our-basic-principles-ar\/#breadcrumb"},"inLanguage":"ar","potentialAction":[{"@type":"ReadAction","target":["https:\/\/www.dogrula.org\/ar\/our-basic-principles-ar\/"]}]},{"@type":"BreadcrumbList","@id":"https:\/\/www.dogrula.org\/ar\/our-basic-principles-ar\/#breadcrumb","itemListElement":[{"@type":"ListItem","position":1,"name":"Anasayfa","item":"https:\/\/www.dogrula.org\/ar\/"},{"@type":"ListItem","position":2,"name":"\u0645\u0628\u0627\u062f\u0626\u0646\u0627 \u0627\u0644\u0623\u0633\u0627\u0633\u064a \u0629"}]},{"@type":"WebSite","@id":"https:\/\/www.dogrula.org\/#website","url":"https:\/\/www.dogrula.org\/","name":"Do\u011frula","description":"Ger\u00e7e\u011fi Yakala","publisher":{"@id":"https:\/\/www.dogrula.org\/#organization"},"potentialAction":[{"@type":"SearchAction","target":{"@type":"EntryPoint","urlTemplate":"https:\/\/www.dogrula.org\/?s={search_term_string}"},"query-input":"required name=search_term_string"}],"inLanguage":"ar"},{"@type":"Organization","@id":"https:\/\/www.dogrula.org\/#organization","name":"Do\u011frula","url":"https:\/\/www.dogrula.org\/","logo":{"@type":"ImageObject","inLanguage":"ar","@id":"https:\/\/www.dogrula.org\/#\/schema\/logo\/image\/","url":"https:\/\/www.dogrula.org\/wp-content\/uploads\/logo-dogrula.svg","contentUrl":"https:\/\/www.dogrula.org\/wp-content\/uploads\/logo-dogrula.svg","caption":"Do\u011frula"},"image":{"@id":"https:\/\/www.dogrula.org\/#\/schema\/logo\/image\/"}}]}},"_links":{"self":[{"href":"https:\/\/www.dogrula.org\/ar\/wp-json\/wp\/v2\/pages\/85819","targetHints":{"allow":["GET"]}}],"collection":[{"href":"https:\/\/www.dogrula.org\/ar\/wp-json\/wp\/v2\/pages"}],"about":[{"href":"https:\/\/www.dogrula.org\/ar\/wp-json\/wp\/v2\/types\/page"}],"author":[{"embeddable":true,"href":"https:\/\/www.dogrula.org\/ar\/wp-json\/wp\/v2\/users\/38"}],"replies":[{"embeddable":true,"href":"https:\/\/www.dogrula.org\/ar\/wp-json\/wp\/v2\/comments?post=85819"}],"version-history":[{"count":4,"href":"https:\/\/www.dogrula.org\/ar\/wp-json\/wp\/v2\/pages\/85819\/revisions"}],"predecessor-version":[{"id":86552,"href":"https:\/\/www.dogrula.org\/ar\/wp-json\/wp\/v2\/pages\/85819\/revisions\/86552"}],"wp:featuredmedia":[{"embeddable":true,"href":"https:\/\/www.dogrula.org\/ar\/wp-json\/wp\/v2\/media\/42698"}],"wp:attachment":[{"href":"https:\/\/www.dogrula.org\/ar\/wp-json\/wp\/v2\/media?parent=85819"}],"curies":[{"name":"wp","href":"https:\/\/api.w.org\/{rel}","templated":true}]}}